{"id":13,"date":"2025-02-26T17:04:36","date_gmt":"2025-02-26T17:04:36","guid":{"rendered":"https:\/\/unfreezetools.com\/?page_id=13"},"modified":"2025-11-29T10:36:58","modified_gmt":"2025-11-29T10:36:58","slug":"about","status":"publish","type":"page","link":"https:\/\/unfreezetools.com\/de\/about\/","title":{"rendered":"Um"},"content":{"rendered":"<p><strong>Willkommen bei Unfreeze Tools \u2013 Ihrer zentralen Anlaufstelle f\u00fcr kostenlose, zuverl\u00e4ssige und sichere Online-Tools f\u00fcr Social Media, KI und Produktivit\u00e4t.<\/strong><\/p>\n<p>Bei <strong>Werkzeuge auftauen<\/strong>Wir haben es uns zur Aufgabe gemacht, das digitale Leben zu vereinfachen. Unsere Mission ist es, Kreative, Marketer und Alltagsnutzer mit benutzerfreundlichen Webtools wie KI-gest\u00fctzten Tools, Produktivit\u00e4tstools, praktischen Rechnern und Social-Media-Tools auszustatten \u2013 alles an einem Ort und v\u00f6llig kostenlos.<\/p>\n<p>Wir konzentrieren uns darauf, reibungslose, sichere und leistungsstarke Erlebnisse zu bieten, die Ihnen Zeit und M\u00fche ersparen.<\/p>\n<hr \/>\n<h3><strong>Unsere Mission<\/strong><\/h3>\n<p>Unsere Mission ist einfach \u2013 <strong>Einschr\u00e4nkungen aufheben<\/strong> im Internet.<br \/>\nWir sind der Ansicht, dass n\u00fctzliche digitale Werkzeuge folgende Eigenschaften aufweisen sollten:<\/p>\n<ul>\n<li><strong>Frei<\/strong> und f\u00fcr alle verf\u00fcgbar.<\/li>\n<li><strong>Schnell<\/strong>sicher und einfach zu bedienen.<\/li>\n<li><strong>Sicher<\/strong>unter Beachtung der Urheber- und Datenschutzgesetze.<\/li>\n<\/ul>\n<p>Egal ob Sie Ihre Produktivit\u00e4tszeit berechnen oder Ihre neu erstellte Instagram-Bio mit einem KI-gest\u00fctzten Firmennamengenerator generieren m\u00f6chten \u2013 Unfreeze Tools vereint all diese Funktionen auf einer vertrauensw\u00fcrdigen Plattform.<\/p>\n<hr \/>\n<h3><strong>Unser Angebot<\/strong><\/h3>\n<p>Wir bieten eine stetig wachsende Sammlung von Tools und Hilfsprogrammen f\u00fcr g\u00e4ngige soziale Plattformen an, darunter:<\/p>\n<ul>\n<li><strong>Soziale Tools:<\/strong> Von der Generierung von YouTube-Videotitelideen bis hin zum LinkedIn-Bio-Generator \u2013 unsere KI-Tools decken alles ab.<\/li>\n<li><strong>Taschenrechner: <\/strong>Egal ob Sie einen Rechner f\u00fcr geteilte Rechnungen oder einen Scheckrabattrechner ben\u00f6tigen, wir bieten Ihnen eine gro\u00dfe Auswahl an n\u00fctzlichen Rechnern.<\/li>\n<li><strong>KI-Tools: <\/strong>Von der KI-gest\u00fctzten Namensfindung f\u00fcr Unternehmen bis hin zur Entwicklung von Content-Ideen mithilfe unserer leistungsstarken, kostenlosen KI-Tools.<\/li>\n<\/ul>\n<p>Alle unsere Werkzeuge sind <strong>browserbasiert<\/strong>Das bedeutet, Sie m\u00fcssen keine Software oder Erweiterungen installieren. Einfach \u00f6ffnen, einf\u00fcgen und verarbeiten \u2013 so einfach ist das.<\/p>\n<hr \/>\n<h3><strong>Warum Sie sich f\u00fcr uns entscheiden sollten<\/strong><\/h3>\n<ul>\n<li><strong>100% kostenlose Tools:<\/strong> Keine versteckten Geb\u00fchren oder Anmeldegeb\u00fchren.<\/li>\n<li><strong>Schnell und sicher:<\/strong> Optimierte Server und SSL-Verschl\u00fcsselung gew\u00e4hrleisten Ihre Sicherheit.<\/li>\n<li><strong>Benutzerfreundliche Oberfl\u00e4che:<\/strong> Einfaches Layout f\u00fcr reibungslose Navigation.<\/li>\n<li><strong>Regelm\u00e4\u00dfige Aktualisierungen:<\/strong> Die Tools werden hinsichtlich Leistung und Kompatibilit\u00e4t st\u00e4ndig verbessert.<\/li>\n<li>\ud83d\udcf1 <strong>Mobiloptimiert:<\/strong> Funktioniert nahtlos auf allen Ger\u00e4ten \u2013 Smartphone, Tablet oder Desktop-Computer.<\/li>\n<\/ul>\n<p>Wir haben Unfreeze Tools entwickelt f\u00fcr <strong>alle<\/strong>von Content-Erstellern und Social-Media-Managern bis hin zu Gelegenheitsnutzern, die einfach nur schnell auf Online-Tools zugreifen m\u00f6chten.<\/p>\n<hr \/>\n<h3><strong>Unser Engagement f\u00fcr Sicherheit und Einhaltung der Vorschriften<\/strong><\/h3>\n<p>Bei Unfreeze Tools stehen das Vertrauen der Nutzer und die Einhaltung der Plattformvorgaben an erster Stelle.<br \/>\nWir halten uns strikt an folgende Vorgaben:<\/p>\n<ul>\n<li><strong>Google AdSense-Inhalts- und Webmaster-Richtlinien<\/strong><\/li>\n<li><strong>Nutzungsbedingungen der Plattformen (TikTok, YouTube, Instagram usw.)<\/strong><\/li>\n<li><strong>Urheberrecht und Gesetze zur fairen Nutzung<\/strong><\/li>\n<\/ul>\n<p>Wir <strong>Wir hosten oder speichern keine Inhalte.<\/strong> Urheberrechtlich gesch\u00fctztes Material. Allerdings k\u00f6nnen von uns genutzte Drittanbieterdienste (wie Hosting-Anbieter, Analysetools und Werbepartner) automatisch standardm\u00e4\u00dfige technische Informationen wie IP-Adresse, Browsertyp, Ger\u00e4tedetails und Cookies erfassen.<br \/>\nUnsere Werkzeuge sind f\u00fcr folgende Zwecke bestimmt: <strong>pers\u00f6nliche, p\u00e4dagogische und faire Nutzung<\/strong> nur.<\/p>\n<hr \/>\n<h3><strong>Transparenz und Ethik<\/strong><\/h3>\n<p>Wir glauben an Transparenz, Einfachheit und Ehrlichkeit.<br \/>\nJede von uns ver\u00f6ffentlichte Funktion wird auf Folgendes gepr\u00fcft:<\/p>\n<ul>\n<li>Sicherheit und Funktionalit\u00e4t<\/li>\n<li>Einhaltung gesetzlicher Bestimmungen<\/li>\n<li>Standards f\u00fcr Werbefreundlichkeit und Inhaltsrichtlinien<\/li>\n<\/ul>\n<p>Unser langfristiges Ziel ist es, <strong>Werkzeuge auftauen<\/strong> Eine bew\u00e4hrte digitale Werkzeugkiste f\u00fcr Kreative und Internetnutzer weltweit.<\/p>\n<hr \/>\n<h3><strong>Kontaktieren Sie uns<\/strong><\/h3>\n<p>Wir freuen uns \u00fcber das Feedback unserer Nutzer!<br \/>\nWenn Sie Feedback, Anregungen, Partnerschaftsm\u00f6glichkeiten oder Bedenken haben, kontaktieren Sie uns gerne:<\/p>\n<p>\ud83d\udce7 <strong><a href=\"mailto:unfreezetools@gmail.com\">unfreezetools@gmail.com<\/a><\/strong><br \/>\n\ud83c\udf10 <strong><a href=\"https:\/\/unfreezetools.com\/de\/\">https:\/\/unfreezetools.com<\/a><\/strong><\/p>\n<hr \/>\n<h3><strong>Danke<\/strong><\/h3>\n<p>Vielen Dank f\u00fcr Ihre Wahl. <strong>Werkzeuge auftauen<\/strong> \u2014<br \/>\nWo Innovation auf Einfachheit trifft und jeder Klick Ihnen hilft, neue M\u00f6glichkeiten im Web zu entdecken.<\/p>\n<p>Wir verbessern und erweitern unser Toolkit st\u00e4ndig \u2013 bleiben Sie also in Verbindung, um weitere Updates, neue Tools und spannende Funktionen zu erhalten, die Ihr Online-Erlebnis reibungsloser und intelligenter gestalten sollen.<\/p>\n<p>Alle Tools sind ausschlie\u00dflich f\u00fcr Bildungs- und private Zwecke bestimmt. Wir stehen in keiner Verbindung zu TikTok, YouTube oder anderen genannten Plattformen. Bitte nutzen Sie die Tools verantwortungsbewusst und beachten Sie die Urheberrechte.<\/p>","protected":false},"excerpt":{"rendered":"<p>Welcome to Unfreeze Tools \u2014 your all-in-one hub for free, reliable, and secure online tools for social media, ai and [&hellip;]<\/p>","protected":false},"author":1,"featured_media":0,"parent":0,"menu_order":0,"comment_status":"closed","ping_status":"closed","template":"","meta":{"site-sidebar-layout":"default","site-content-layout":"","ast-site-content-layout":"default","site-content-style":"default","site-sidebar-style":"default","ast-global-header-display":"","ast-banner-title-visibility":"","ast-main-header-display":"","ast-hfb-above-header-display":"","ast-hfb-below-header-display":"","ast-hfb-mobile-header-display":"","site-post-title":"","ast-breadcrumbs-content":"","ast-featured-img":"","footer-sml-layout":"","ast-disable-related-posts":"","theme-transparent-header-meta":"default","adv-header-id-meta":"","stick-header-meta":"","header-above-stick-meta":"","header-main-stick-meta":"","header-below-stick-meta":"","astra-migrate-meta-layouts":"set","ast-page-background-enabled":"default","ast-page-background-meta":{"desktop":{"background-color":"var(--ast-global-color-5)","background-image":"","background-repeat":"repeat","background-position":"center center","background-size":"auto","background-attachment":"scroll","background-type":"","background-media":"","overlay-type":"","overlay-color":"","overlay-opacity":"","overlay-gradient":""},"tablet":{"background-color":"","background-image":"","background-repeat":"repeat","background-position":"center center","background-size":"auto","background-attachment":"scroll","background-type":"","background-media":"","overlay-type":"","overlay-color":"","overlay-opacity":"","overlay-gradient":""},"mobile":{"background-color":"","background-image":"","background-repeat":"repeat","background-position":"center center","background-size":"auto","background-attachment":"scroll","background-type":"","background-media":"","overlay-type":"","overlay-color":"","overlay-opacity":"","overlay-gradient":""}},"ast-content-background-meta":{"desktop":{"background-color":"var(--ast-global-color-4)","background-image":"","background-repeat":"repeat","background-position":"center center","background-size":"auto","background-attachment":"scroll","background-type":"","background-media":"","overlay-type":"","overlay-color":"","overlay-opacity":"","overlay-gradient":""},"tablet":{"background-color":"var(--ast-global-color-4)","background-image":"","background-repeat":"repeat","background-position":"center center","background-size":"auto","background-attachment":"scroll","background-type":"","background-media":"","overlay-type":"","overlay-color":"","overlay-opacity":"","overlay-gradient":""},"mobile":{"background-color":"var(--ast-global-color-4)","background-image":"","background-repeat":"repeat","background-position":"center center","background-size":"auto","background-attachment":"scroll","background-type":"","background-media":"","overlay-type":"","overlay-color":"","overlay-opacity":"","overlay-gradient":""}},"footnotes":""},"class_list":["post-13","page","type-page","status-publish","hentry"],"yoast_head":"<!-- This site is optimized with the Yoast SEO Premium plugin v25.9 (Yoast SEO v27.4) - https:\/\/yoast.com\/product\/yoast-seo-premium-wordpress\/ -->\n<title>About - Unfreeze Tools<\/title>\n<meta name=\"description\" content=\"Unfreeze tools is the website where you can find best online social tools that increase your productivity and smooth work flow.\" \/>\n<meta name=\"robots\" content=\"index, follow, max-snippet:-1, max-image-preview:large, max-video-preview:-1\" \/>\n<link rel=\"canonical\" href=\"https:\/\/unfreezetools.com\/de\/about\/\" \/>\n<meta property=\"og:locale\" content=\"de_DE\" \/>\n<meta property=\"og:type\" content=\"article\" \/>\n<meta property=\"og:title\" content=\"About\" \/>\n<meta property=\"og:description\" content=\"Unfreeze tools is the website where you can find best online social tools that increase your productivity and smooth work flow.\" \/>\n<meta property=\"og:url\" content=\"https:\/\/unfreezetools.com\/de\/about\/\" \/>\n<meta property=\"og:site_name\" content=\"Unfreeze Tools\" \/>\n<meta property=\"article:modified_time\" content=\"2025-11-29T10:36:58+00:00\" \/>\n<meta name=\"twitter:card\" content=\"summary_large_image\" \/>\n<meta name=\"twitter:label1\" content=\"Gesch\u00e4tzte Lesezeit\" \/>\n\t<meta name=\"twitter:data1\" content=\"3\u00a0Minuten\" \/>\n<!-- \/ Yoast SEO Premium plugin. -->","yoast_head_json":{"title":"About - Unfreeze Tools","description":"Unfreeze tools is the website where you can find best online social tools that increase your productivity and smooth work flow.","robots":{"index":"index","follow":"follow","max-snippet":"max-snippet:-1","max-image-preview":"max-image-preview:large","max-video-preview":"max-video-preview:-1"},"canonical":"https:\/\/unfreezetools.com\/de\/about\/","og_locale":"de_DE","og_type":"article","og_title":"About","og_description":"Unfreeze tools is the website where you can find best online social tools that increase your productivity and smooth work flow.","og_url":"https:\/\/unfreezetools.com\/de\/about\/","og_site_name":"Unfreeze Tools","article_modified_time":"2025-11-29T10:36:58+00:00","twitter_card":"summary_large_image","twitter_misc":{"Gesch\u00e4tzte Lesezeit":"3\u00a0Minuten"},"schema":{"@context":"https:\/\/schema.org","@graph":[{"@type":"WebPage","@id":"https:\/\/unfreezetools.com\/about\/","url":"https:\/\/unfreezetools.com\/about\/","name":"About - Unfreeze Tools","isPartOf":{"@id":"https:\/\/unfreezetools.com\/#website"},"datePublished":"2025-02-26T17:04:36+00:00","dateModified":"2025-11-29T10:36:58+00:00","description":"Unfreeze tools is the website where you can find best online social tools that increase your productivity and smooth work flow.","breadcrumb":{"@id":"https:\/\/unfreezetools.com\/about\/#breadcrumb"},"inLanguage":"de","potentialAction":[{"@type":"ReadAction","target":["https:\/\/unfreezetools.com\/about\/"]}]},{"@type":"BreadcrumbList","@id":"https:\/\/unfreezetools.com\/about\/#breadcrumb","itemListElement":[{"@type":"ListItem","position":1,"name":"Home","item":"https:\/\/unfreezetools.com\/"},{"@type":"ListItem","position":2,"name":"About"}]},{"@type":"WebSite","@id":"https:\/\/unfreezetools.com\/#website","url":"https:\/\/unfreezetools.com\/","name":"Werkzeuge auftauen","description":"Best Social Tools","publisher":{"@id":"https:\/\/unfreezetools.com\/#\/schema\/person\/b60e2d9e402efc937240f42bd6ac1912"},"potentialAction":[{"@type":"SearchAction","target":{"@type":"EntryPoint","urlTemplate":"https:\/\/unfreezetools.com\/?s={search_term_string}"},"query-input":{"@type":"PropertyValueSpecification","valueRequired":true,"valueName":"search_term_string"}}],"inLanguage":"de"},{"@type":["Person","Organization"],"@id":"https:\/\/unfreezetools.com\/#\/schema\/person\/b60e2d9e402efc937240f42bd6ac1912","name":"Mohammad Yousaf","image":{"@type":"ImageObject","inLanguage":"de","@id":"https:\/\/unfreezetools.com\/wp-content\/uploads\/2025\/11\/LOGO.png","url":"https:\/\/unfreezetools.com\/wp-content\/uploads\/2025\/11\/LOGO.png","contentUrl":"https:\/\/unfreezetools.com\/wp-content\/uploads\/2025\/11\/LOGO.png","width":762,"height":110,"caption":"Mohammad Yousaf"},"logo":{"@id":"https:\/\/unfreezetools.com\/wp-content\/uploads\/2025\/11\/LOGO.png"},"sameAs":["https:\/\/unfreezetools.com"]}]}},"_links":{"self":[{"href":"https:\/\/unfreezetools.com\/de\/wp-json\/wp\/v2\/pages\/13","targetHints":{"allow":["GET"]}}],"collection":[{"href":"https:\/\/unfreezetools.com\/de\/wp-json\/wp\/v2\/pages"}],"about":[{"href":"https:\/\/unfreezetools.com\/de\/wp-json\/wp\/v2\/types\/page"}],"author":[{"embeddable":true,"href":"https:\/\/unfreezetools.com\/de\/wp-json\/wp\/v2\/users\/1"}],"replies":[{"embeddable":true,"href":"https:\/\/unfreezetools.com\/de\/wp-json\/wp\/v2\/comments?post=13"}],"version-history":[{"count":2,"href":"https:\/\/unfreezetools.com\/de\/wp-json\/wp\/v2\/pages\/13\/revisions"}],"predecessor-version":[{"id":2541,"href":"https:\/\/unfreezetools.com\/de\/wp-json\/wp\/v2\/pages\/13\/revisions\/2541"}],"wp:attachment":[{"href":"https:\/\/unfreezetools.com\/de\/wp-json\/wp\/v2\/media?parent=13"}],"curies":[{"name":"wp","href":"https:\/\/api.w.org\/{rel}","templated":true}]}}