{"id":16,"date":"2025-02-26T17:04:48","date_gmt":"2025-02-26T17:04:48","guid":{"rendered":"https:\/\/unfreezetools.com\/?page_id=16"},"modified":"2025-11-29T10:24:36","modified_gmt":"2025-11-29T10:24:36","slug":"contact","status":"publish","type":"page","link":"https:\/\/unfreezetools.com\/de\/contact\/","title":{"rendered":"Kontakt"},"content":{"rendered":"<h3 data-start=\"112\" data-end=\"137\">Wir sind hier, um zu helfen!<\/h3>\n<p data-start=\"139\" data-end=\"545\">Bei Unfreeze Tools steht Ihre Zufriedenheit an erster Stelle. Egal, ob Sie eine Frage haben, auf ein Problem sto\u00dfen oder einfach nur Unterst\u00fctzung bei der Nutzung unserer Tools ben\u00f6tigen \u2013 unser engagiertes Support-Team ist jederzeit f\u00fcr Sie da. Wir verstehen, dass die Kontowiederherstellung, die Content-Optimierung oder die Nutzung unserer Tools manchmal eine Herausforderung sein kann, und wir m\u00f6chten Ihnen den Prozess so einfach und stressfrei wie m\u00f6glich gestalten.<\/p>\n<p data-start=\"547\" data-end=\"583\"><strong data-start=\"547\" data-end=\"557\">E-Mail:<\/strong> <a class=\"decorated-link cursor-pointer\" rel=\"noopener\" data-start=\"558\" data-end=\"581\">unfreezetools@gmail.com<\/a><\/p>\n<p data-start=\"585\" data-end=\"878\">Ganz gleich, welches Problem vorliegt \u2013 ob Sie Schwierigkeiten bei der Nutzung unserer Rechner oder Tools haben oder ein anderes Problem im Zusammenhang mit unserer Website besteht.<\/p>\n<p data-start=\"880\" data-end=\"1211\">Ihre Zufriedenheit, Sicherheit und Ihr Erfolg stehen f\u00fcr uns an erster Stelle. Z\u00f6gern Sie nicht, uns zu kontaktieren, wenn Sie Unterst\u00fctzung, Erl\u00e4uterungen oder einfach nur Tipps ben\u00f6tigen, wie Sie unsere Tools optimal nutzen k\u00f6nnen. Wir m\u00f6chten Ihnen den Einstieg erleichtern, damit Sie sich unbesorgt auf die Gestaltung, das Wachstum und den Genuss Ihrer sozialen Interaktion konzentrieren k\u00f6nnen.<\/p>\n<p data-start=\"1213\" data-end=\"1277\">Vielen Dank f\u00fcr Ihr Vertrauen in Unfreeze Tools \u2013 wir sind immer f\u00fcr Sie da!<\/p>","protected":false},"excerpt":{"rendered":"<p>We\u2019re Here to Help! At Unfreeze Tools, your experience matters most to us. Whether you have a question, encounter a [&hellip;]<\/p>","protected":false},"author":1,"featured_media":0,"parent":0,"menu_order":0,"comment_status":"closed","ping_status":"closed","template":"","meta":{"site-sidebar-layout":"default","site-content-layout":"","ast-site-content-layout":"default","site-content-style":"default","site-sidebar-style":"default","ast-global-header-display":"","ast-banner-title-visibility":"","ast-main-header-display":"","ast-hfb-above-header-display":"","ast-hfb-below-header-display":"","ast-hfb-mobile-header-display":"","site-post-title":"","ast-breadcrumbs-content":"","ast-featured-img":"","footer-sml-layout":"","ast-disable-related-posts":"","theme-transparent-header-meta":"default","adv-header-id-meta":"","stick-header-meta":"","header-above-stick-meta":"","header-main-stick-meta":"","header-below-stick-meta":"","astra-migrate-meta-layouts":"set","ast-page-background-enabled":"default","ast-page-background-meta":{"desktop":{"background-color":"var(--ast-global-color-5)","background-image":"","background-repeat":"repeat","background-position":"center center","background-size":"auto","background-attachment":"scroll","background-type":"","background-media":"","overlay-type":"","overlay-color":"","overlay-opacity":"","overlay-gradient":""},"tablet":{"background-color":"","background-image":"","background-repeat":"repeat","background-position":"center center","background-size":"auto","background-attachment":"scroll","background-type":"","background-media":"","overlay-type":"","overlay-color":"","overlay-opacity":"","overlay-gradient":""},"mobile":{"background-color":"","background-image":"","background-repeat":"repeat","background-position":"center center","background-size":"auto","background-attachment":"scroll","background-type":"","background-media":"","overlay-type":"","overlay-color":"","overlay-opacity":"","overlay-gradient":""}},"ast-content-background-meta":{"desktop":{"background-color":"var(--ast-global-color-4)","background-image":"","background-repeat":"repeat","background-position":"center center","background-size":"auto","background-attachment":"scroll","background-type":"","background-media":"","overlay-type":"","overlay-color":"","overlay-opacity":"","overlay-gradient":""},"tablet":{"background-color":"var(--ast-global-color-4)","background-image":"","background-repeat":"repeat","background-position":"center center","background-size":"auto","background-attachment":"scroll","background-type":"","background-media":"","overlay-type":"","overlay-color":"","overlay-opacity":"","overlay-gradient":""},"mobile":{"background-color":"var(--ast-global-color-4)","background-image":"","background-repeat":"repeat","background-position":"center center","background-size":"auto","background-attachment":"scroll","background-type":"","background-media":"","overlay-type":"","overlay-color":"","overlay-opacity":"","overlay-gradient":""}},"footnotes":""},"class_list":["post-16","page","type-page","status-publish","hentry"],"yoast_head":"<!-- This site is optimized with the Yoast SEO Premium plugin v25.9 (Yoast SEO v27.4) - https:\/\/yoast.com\/product\/yoast-seo-premium-wordpress\/ -->\n<title>Contact - Unfreeze Tools<\/title>\n<meta name=\"description\" content=\"Get in touch with the Unfreeze Tools team! For questions, feedback, or support related to our social media tools, reach out to us anytime.\" \/>\n<meta name=\"robots\" content=\"index, follow, max-snippet:-1, max-image-preview:large, max-video-preview:-1\" \/>\n<link rel=\"canonical\" href=\"https:\/\/unfreezetools.com\/de\/contact\/\" \/>\n<meta property=\"og:locale\" content=\"de_DE\" \/>\n<meta property=\"og:type\" content=\"article\" \/>\n<meta property=\"og:title\" content=\"Contact\" \/>\n<meta property=\"og:description\" content=\"Get in touch with the Unfreeze Tools team! For questions, feedback, or support related to our social media tools, reach out to us anytime.\" \/>\n<meta property=\"og:url\" content=\"https:\/\/unfreezetools.com\/de\/contact\/\" \/>\n<meta property=\"og:site_name\" content=\"Unfreeze Tools\" \/>\n<meta property=\"article:modified_time\" content=\"2025-11-29T10:24:36+00:00\" \/>\n<meta name=\"twitter:card\" content=\"summary_large_image\" \/>\n<meta name=\"twitter:label1\" content=\"Gesch\u00e4tzte Lesezeit\" \/>\n\t<meta name=\"twitter:data1\" content=\"1\u00a0Minute\" \/>\n<!-- \/ Yoast SEO Premium plugin. -->","yoast_head_json":{"title":"Contact - Unfreeze Tools","description":"Get in touch with the Unfreeze Tools team! For questions, feedback, or support related to our social media tools, reach out to us anytime.","robots":{"index":"index","follow":"follow","max-snippet":"max-snippet:-1","max-image-preview":"max-image-preview:large","max-video-preview":"max-video-preview:-1"},"canonical":"https:\/\/unfreezetools.com\/de\/contact\/","og_locale":"de_DE","og_type":"article","og_title":"Contact","og_description":"Get in touch with the Unfreeze Tools team! For questions, feedback, or support related to our social media tools, reach out to us anytime.","og_url":"https:\/\/unfreezetools.com\/de\/contact\/","og_site_name":"Unfreeze Tools","article_modified_time":"2025-11-29T10:24:36+00:00","twitter_card":"summary_large_image","twitter_misc":{"Gesch\u00e4tzte Lesezeit":"1\u00a0Minute"},"schema":{"@context":"https:\/\/schema.org","@graph":[{"@type":"WebPage","@id":"https:\/\/unfreezetools.com\/contact\/","url":"https:\/\/unfreezetools.com\/contact\/","name":"Contact - Unfreeze Tools","isPartOf":{"@id":"https:\/\/unfreezetools.com\/#website"},"datePublished":"2025-02-26T17:04:48+00:00","dateModified":"2025-11-29T10:24:36+00:00","description":"Get in touch with the Unfreeze Tools team! For questions, feedback, or support related to our social media tools, reach out to us anytime.","breadcrumb":{"@id":"https:\/\/unfreezetools.com\/contact\/#breadcrumb"},"inLanguage":"de","potentialAction":[{"@type":"ReadAction","target":["https:\/\/unfreezetools.com\/contact\/"]}]},{"@type":"BreadcrumbList","@id":"https:\/\/unfreezetools.com\/contact\/#breadcrumb","itemListElement":[{"@type":"ListItem","position":1,"name":"Home","item":"https:\/\/unfreezetools.com\/"},{"@type":"ListItem","position":2,"name":"Contact"}]},{"@type":"WebSite","@id":"https:\/\/unfreezetools.com\/#website","url":"https:\/\/unfreezetools.com\/","name":"Werkzeuge auftauen","description":"Best Social Tools","publisher":{"@id":"https:\/\/unfreezetools.com\/#\/schema\/person\/b60e2d9e402efc937240f42bd6ac1912"},"potentialAction":[{"@type":"SearchAction","target":{"@type":"EntryPoint","urlTemplate":"https:\/\/unfreezetools.com\/?s={search_term_string}"},"query-input":{"@type":"PropertyValueSpecification","valueRequired":true,"valueName":"search_term_string"}}],"inLanguage":"de"},{"@type":["Person","Organization"],"@id":"https:\/\/unfreezetools.com\/#\/schema\/person\/b60e2d9e402efc937240f42bd6ac1912","name":"Mohammad Yousaf","image":{"@type":"ImageObject","inLanguage":"de","@id":"https:\/\/unfreezetools.com\/wp-content\/uploads\/2025\/11\/LOGO.png","url":"https:\/\/unfreezetools.com\/wp-content\/uploads\/2025\/11\/LOGO.png","contentUrl":"https:\/\/unfreezetools.com\/wp-content\/uploads\/2025\/11\/LOGO.png","width":762,"height":110,"caption":"Mohammad Yousaf"},"logo":{"@id":"https:\/\/unfreezetools.com\/wp-content\/uploads\/2025\/11\/LOGO.png"},"sameAs":["https:\/\/unfreezetools.com"]}]}},"_links":{"self":[{"href":"https:\/\/unfreezetools.com\/de\/wp-json\/wp\/v2\/pages\/16","targetHints":{"allow":["GET"]}}],"collection":[{"href":"https:\/\/unfreezetools.com\/de\/wp-json\/wp\/v2\/pages"}],"about":[{"href":"https:\/\/unfreezetools.com\/de\/wp-json\/wp\/v2\/types\/page"}],"author":[{"embeddable":true,"href":"https:\/\/unfreezetools.com\/de\/wp-json\/wp\/v2\/users\/1"}],"replies":[{"embeddable":true,"href":"https:\/\/unfreezetools.com\/de\/wp-json\/wp\/v2\/comments?post=16"}],"version-history":[{"count":2,"href":"https:\/\/unfreezetools.com\/de\/wp-json\/wp\/v2\/pages\/16\/revisions"}],"predecessor-version":[{"id":2538,"href":"https:\/\/unfreezetools.com\/de\/wp-json\/wp\/v2\/pages\/16\/revisions\/2538"}],"wp:attachment":[{"href":"https:\/\/unfreezetools.com\/de\/wp-json\/wp\/v2\/media?parent=16"}],"curies":[{"name":"wp","href":"https:\/\/api.w.org\/{rel}","templated":true}]}}