{"id":20,"date":"2025-02-26T17:06:02","date_gmt":"2025-02-26T17:06:02","guid":{"rendered":"https:\/\/unfreezetools.com\/?page_id=20"},"modified":"2025-11-29T10:45:02","modified_gmt":"2025-11-29T10:45:02","slug":"terms-and-conditions","status":"publish","type":"page","link":"https:\/\/unfreezetools.com\/de\/terms-and-conditions\/","title":{"rendered":"Gesch\u00e4ftsbedingungen"},"content":{"rendered":"<p><strong>Letzte Aktualisierung:<\/strong> November 2025<\/p>\r\n\r\n\r\n\r\n<p>Willkommen bei <strong>Werkzeuge auftauen<\/strong> (zug\u00e4nglich unter <a href=\"https:\/\/unfreezetools.com\/de\/\">https:\/\/unfreezetools.com<\/a>).<br \/>Diese Nutzungsbedingungen (\u201eBedingungen\u201c) regeln Ihren Zugriff auf und Ihre Nutzung unserer Website, Tools und Services.<br \/>Durch den Besuch oder die Nutzung von Unfreeze Tools erkl\u00e4ren Sie sich mit diesen Nutzungsbedingungen einverstanden. Sollten Sie damit nicht einverstanden sein, stellen Sie die Nutzung unserer Website bitte umgehend ein.<\/p>\r\n\r\n\r\n\r\n<h3 id=\"h-1-general-overview\" class=\"wp-block-heading\">1. <strong>Allgemeiner \u00dcberblick<\/strong><\/h3>\r\n\r\n\r\n\r\n<p>Unfreeze Tools (\u201ewir\u201c, \u201eunser\u201c, \u201euns\u201c) ist eine unabh\u00e4ngige Online-Plattform, die kostenlose webbasierte Tools f\u00fcr den pers\u00f6nlichen, Bildungs- und Informationsbereich anbietet.<br \/>Unsere Plattform bietet kostenlose browserbasierte Hilfsprogramme wie Analysetools, KI-Tools, Rechner, Generatoren, Produktivit\u00e4tstools und andere webbasierte Funktionen.<\/p>\r\n\r\n\r\n\r\n<p>Wir arbeiten unabh\u00e4ngig und sind <strong>steht in keiner Verbindung zu und wird nicht unterst\u00fctzt von<\/strong> eine der genannten Plattformen oder deren Muttergesellschaften.<\/p>\r\n\r\n\r\n\r\n<h3 id=\"h-2-acceptance-of-terms\" class=\"wp-block-heading\">2. <strong>Annahme der Bedingungen<\/strong><\/h3>\r\n\r\n\r\n\r\n<p>Durch den Zugriff auf oder die Nutzung von Unfreeze Tools best\u00e4tigen Sie Folgendes:<\/p>\r\n\r\n\r\n\r\n<ul class=\"wp-block-list\">\r\n<li>Sie m\u00fcssen mindestens 13 Jahre alt sein (oder in Ihrem Land vollj\u00e4hrig).<\/li>\r\n\r\n\r\n\r\n<li>Bitte lesen und akzeptieren Sie diese Nutzungsbedingungen vollst\u00e4ndig.<\/li>\r\n\r\n\r\n\r\n<li>Wir werden bei der Nutzung unserer Dienste alle geltenden Gesetze und Plattformrichtlinien einhalten.<\/li>\r\n<\/ul>\r\n\r\n\r\n\r\n<p>Wenn Sie diesen Bedingungen nicht zustimmen, verwenden Sie bitte nicht Unfreeze Tools.<\/p>\r\n\r\n\r\n\r\n<h3 id=\"h-3-permitted-use\" class=\"wp-block-heading\">3. <strong>Zul\u00e4ssige Nutzung<\/strong><\/h3>\r\n\r\n\r\n\r\n<p>Sie stimmen der Nutzung unserer Tools zu. <strong>nur f\u00fcr rechtm\u00e4\u00dfige Zwecke<\/strong> und in einer Weise, die mit Folgendem vereinbar ist:<\/p>\r\n\r\n\r\n\r\n<ul class=\"wp-block-list\">\r\n<li>Anwendbare lokale und internationale Gesetze<\/li>\r\n\r\n\r\n\r\n<li>Die Nutzungsbedingungen der jeweiligen Plattformen (TikTok, YouTube, Google usw.).<\/li>\r\n\r\n\r\n\r\n<li>Achtung der Rechte an geistigem Eigentum und der Privatsph\u00e4re<\/li>\r\n<\/ul>\r\n\r\n\r\n\r\n<p>Sie k\u00f6nnen unsere Tools f\u00fcr Folgendes verwenden:<\/p>\r\n\r\n\r\n\r\n<ul class=\"wp-block-list\">\r\n<li>Pers\u00f6nliche, faire Nutzung oder Bildungszwecke<\/li>\r\n\r\n\r\n\r\n<li>Inhaltsanalyse, Datenberechnung und \u00f6ffentliche Inhaltsvorschau<\/li>\r\n<\/ul>\r\n\r\n\r\n\r\n<p>Sie k\u00f6nnen <strong>nicht<\/strong> Nutzen Sie unsere Website oder unsere Tools, um:<\/p>\r\n\r\n\r\n\r\n<ul class=\"wp-block-list\">\r\n<li>Urheberrechtlich gesch\u00fctztes Material herunterladen oder verbreiten<\/li>\r\n\r\n\r\n\r\n<li>Missbrauchen Sie die Plattform-APIs oder versto\u00dfen Sie gegen deren Regeln.<\/li>\r\n\r\n\r\n\r\n<li>Sich an Scraping, automatisierter Datenerfassung oder b\u00f6swilliger Aktivit\u00e4t beteiligen<\/li>\r\n\r\n\r\n\r\n<li>Unsere Tools d\u00fcrfen ohne Genehmigung weder gehostet, gespiegelt noch weiterverkauft werden.<\/li>\r\n\r\n\r\n\r\n<li>Verbreitung von Schadsoftware, Spam oder irref\u00fchrenden Inhalten<\/li>\r\n<\/ul>\r\n\r\n\r\n\r\n<h3 id=\"h-4-intellectual-property\" class=\"wp-block-heading\">4. <strong>Geistiges Eigentum<\/strong><\/h3>\r\n\r\n\r\n\r\n<p>S\u00e4mtliche Inhalte, Codes und Funktionen von Unfreeze Tools \u2013 einschlie\u00dflich Logos, Layout, Design, Text und Grafiken \u2013 sind unser Eigentum oder von uns lizenziert und durch geltende Gesetze zum Schutz des geistigen Eigentums gesch\u00fctzt.<\/p>\r\n\r\n\r\n\r\n<p>Die Nutzer behalten das Eigentum an allen \u00f6ffentlichen Inhalten, die sie mithilfe unserer Tools verarbeiten.<br \/>Jedoch, <strong>Unfreeze Tools erhebt keinen Eigentumsanspruch.<\/strong> \u00fcber jegliche Inhalte Dritter.<\/p>\r\n\r\n\r\n\r\n<p>Sie stimmen zu <strong>Nicht kopieren, reproduzieren oder ausnutzen<\/strong> Jegliche Nutzung von Teilen dieser Website zu kommerziellen Zwecken ist ohne vorherige schriftliche Zustimmung untersagt.<\/p>\r\n\r\n\r\n\r\n<h3 id=\"h-5-third-party-platforms-and-content\" class=\"wp-block-heading\">5. <strong>Plattformen und Inhalte von Drittanbietern<\/strong><\/h3>\r\n\r\n\r\n\r\n<p>Unsere Tools k\u00f6nnen auf \u00f6ffentlich zug\u00e4ngliche Daten von Drittanbieterplattformen wie TikTok, Instagram oder YouTube zur\u00fcckgreifen.<br \/>Wir selbst erheben und speichern keine Nutzerdaten. Allerdings k\u00f6nnen von uns genutzte Drittanbieterdienste (wie Hosting-Anbieter, Analysetools und Werbepartner) automatisch Standardinformationen wie IP-Adresse, Browsertyp, Ger\u00e4tedetails und Cookies erfassen.<\/p>\r\n\r\n\r\n\r\n<p>Wir geben keinerlei Zusicherungen hinsichtlich:<\/p>\r\n\r\n\r\n\r\n<ul class=\"wp-block-list\">\r\n<li>Die Zuverl\u00e4ssigkeit oder Vollst\u00e4ndigkeit von Daten Dritter.<\/li>\r\n\r\n\r\n\r\n<li>Die fortlaufende Verf\u00fcgbarkeit einer Plattform oder eines Dienstes.<\/li>\r\n<\/ul>\r\n\r\n\r\n\r\n<p>Sie sind daf\u00fcr verantwortlich, dass Ihre Nutzung der analysierten Inhalte den geltenden Bestimmungen entspricht. <strong>Nutzungsbedingungen der Quellplattform<\/strong> und anwendbare Gesetze.<\/p>\r\n\r\n\r\n\r\n<h3 id=\"h-6-user-responsibility\" class=\"wp-block-heading\">6. <strong>Nutzerverantwortung<\/strong><\/h3>\r\n\r\n\r\n\r\n<p>Durch die Nutzung von Unfreeze Tools best\u00e4tigen Sie, dass Sie Folgendes zur Kenntnis genommen haben und damit einverstanden sind:<\/p>\r\n\r\n\r\n\r\n<ul class=\"wp-block-list\">\r\n<li>Sie tragen die alleinige Verantwortung f\u00fcr die Art und Weise, wie Sie die Tools verwenden, und f\u00fcr alle Inhalte, die Sie analysieren.<\/li>\r\n\r\n\r\n\r\n<li>Sie werden unsere Plattform nicht missbrauchen, um Urheberrechte zu verletzen, die Privatsph\u00e4re zu beeintr\u00e4chtigen oder gegen Gesetze zu versto\u00dfen.<\/li>\r\n\r\n\r\n\r\n<li>Sie verstehen, dass wir lediglich den Zugang zu \u00f6ffentlich verf\u00fcgbaren Daten erm\u00f6glichen \u2013 wir hosten oder verbreiten keine urheberrechtlich gesch\u00fctzten Medien.<\/li>\r\n<\/ul>\r\n\r\n\r\n\r\n<p>Jegliche rechtliche Konsequenzen eines Missbrauchs tr\u00e4gt ausschlie\u00dflich der Nutzer.<\/p>\r\n\r\n\r\n\r\n<h3 id=\"h-7-disclaimer-of-warranties\" class=\"wp-block-heading\">7. <strong>Gew\u00e4hrleistungsausschluss<\/strong><\/h3>\r\n\r\n\r\n\r\n<p>Alle Tools und Services auf Unfreeze Tools werden bereitgestellt <strong>\u201ewie besehen\u201c<\/strong> Und <strong>\u201esofern verf\u00fcgbar.\u201c<\/strong><br \/>Wir tun es. <strong>nicht<\/strong> Garantie:<\/p>\r\n\r\n\r\n\r\n<ul class=\"wp-block-list\">\r\n<li>Kontinuierliche Betriebszeit oder fehlerfreier Betrieb<\/li>\r\n\r\n\r\n\r\n<li>Verf\u00fcgbarkeit bestimmter Werkzeuge oder Funktionen<\/li>\r\n\r\n\r\n\r\n<li>Genauigkeit, Zuverl\u00e4ssigkeit oder Vollst\u00e4ndigkeit der verarbeiteten Daten<\/li>\r\n\r\n\r\n\r\n<li>Kompatibilit\u00e4t mit allen Ger\u00e4ten und Browsern<\/li>\r\n<\/ul>\r\n\r\n\r\n\r\n<p>Soweit gesetzlich zul\u00e4ssig, schlie\u00dft Unfreeze Tools jegliche ausdr\u00fcckliche oder stillschweigende Gew\u00e4hrleistung aus, einschlie\u00dflich der Gew\u00e4hrleistung der Eignung f\u00fcr einen bestimmten Zweck.<\/p>\r\n\r\n\r\n\r\n<h3 id=\"h-8-limitation-of-liability\" class=\"wp-block-heading\">8. <strong>Haftungsbeschr\u00e4nkung<\/strong><\/h3>\r\n\r\n\r\n\r\n<p>Unfreeze Tools, sein Team, verbundene Unternehmen oder Partner haften in keinem Fall f\u00fcr:<\/p>\r\n\r\n\r\n\r\n<ul class=\"wp-block-list\">\r\n<li>Direkte, indirekte, zuf\u00e4llige oder Folgesch\u00e4den<\/li>\r\n\r\n\r\n\r\n<li>Datenverlust, Betriebsunterbrechung oder Systemausfall<\/li>\r\n\r\n\r\n\r\n<li>Sch\u00e4den, die aus Ihrer Nutzung oder Nichtnutzung unserer Werkzeuge entstehen<\/li>\r\n<\/ul>\r\n\r\n\r\n\r\n<p>Sie stimmen ausdr\u00fccklich zu, dass Ihre Nutzung der Website <strong>auf eigene Gefahr<\/strong>.<\/p>\r\n\r\n\r\n\r\n<h3 id=\"h-9-third-party-ads-and-cookies\" class=\"wp-block-heading\">9. <strong>Werbung und Cookies von Drittanbietern<\/strong><\/h3>\r\n\r\n\r\n\r\n<p>Unsere Website m\u00f6chte verwenden <strong>Google AdSense<\/strong> und andere Werbedienstleistungen von Drittanbietern, um relevante Anzeigen anzuzeigen.<br \/>Diese Dienste verwenden m\u00f6glicherweise Cookies, um Inhalte zu personalisieren und die Leistung zu messen.<br \/>Durch die Nutzung unserer Website erkl\u00e4ren Sie sich mit der Verwendung von Cookies gem\u00e4\u00df unserer Cookie-Richtlinie einverstanden. <a href=\"https:\/\/unfreezetools.com\/de\/privacy-policy\/\">Datenschutzrichtlinie<\/a>.<\/p>\r\n\r\n\r\n\r\n<p>Wir haben keinen Einfluss auf den Inhalt von Anzeigen Dritter und \u00fcbernehmen keine Verantwortung f\u00fcr etwaige daraus entstehende Probleme.<\/p>\r\n\r\n\r\n\r\n<h3 id=\"h-10-termination-of-use\" class=\"wp-block-heading\">10. <strong>Beendigung der Nutzung<\/strong><\/h3>\r\n\r\n\r\n\r\n<p>Wir behalten uns das Recht vor, den Zugriff auf Teile von Unfreeze Tools nach eigenem Ermessen und ohne Vorank\u00fcndigung auszusetzen, einzuschr\u00e4nken oder zu beenden, wenn:<\/p>\r\n\r\n\r\n\r\n<ul class=\"wp-block-list\">\r\n<li>Ein Nutzer verst\u00f6\u00dft gegen diese Nutzungsbedingungen oder geltende Gesetze.<\/li>\r\n\r\n\r\n\r\n<li>Die Website wird derzeit gewartet oder ihre Richtlinien werden aktualisiert.<\/li>\r\n\r\n\r\n\r\n<li>Jeglicher Missbrauch, jede Fehlnutzung oder jedes Sicherheitsrisiko wird erkannt.<\/li>\r\n<\/ul>\r\n\r\n\r\n\r\n<p>Mit der K\u00fcndigung erlischt Ihr Recht zur Nutzung unserer Tools sofort.<\/p>\r\n\r\n\r\n\r\n<h3 id=\"h-11-changes-to-these-terms\" class=\"wp-block-heading\">11. <strong>\u00c4nderungen dieser Bedingungen<\/strong><\/h3>\r\n\r\n\r\n\r\n<p>Wir behalten uns das Recht vor, diese Nutzungsbedingungen jederzeit zu aktualisieren oder zu \u00e4ndern, um \u00c4nderungen unserer Dienstleistungen, rechtlichen Anforderungen oder Gesch\u00e4ftsabl\u00e4ufe zu ber\u00fccksichtigen.<br \/>Aktualisierte Nutzungsbedingungen werden auf dieser Seite mit einem aktualisierten Datum der letzten Aktualisierung ver\u00f6ffentlicht.<br \/>Durch Ihre weitere Nutzung der Website erkl\u00e4ren Sie sich mit den ge\u00e4nderten Nutzungsbedingungen einverstanden.<\/p>\r\n\r\n\r\n\r\n<h3 id=\"h-12-governing-law\" class=\"wp-block-heading\">12. <strong>Anwendbares Recht<\/strong><\/h3>\r\n\r\n\r\n\r\n<p>Diese Bedingungen unterliegen den Gesetzen Ihres Wohnsitzlandes und sind nach diesen auszulegen, ohne Ber\u00fccksichtigung von Kollisionsnormen.<br \/>Etwaige Streitigkeiten, die sich aus diesen Bedingungen ergeben, werden gem\u00e4\u00df den geltenden lokalen Vorschriften beigelegt.<\/p>\r\n\r\n\r\n\r\n<h3 class=\"wp-block-heading\">13. <strong>Kontaktieren Sie uns<\/strong><\/h3>\r\n\r\n\r\n\r\n<p>Bei Fragen, Anliegen oder Feedback zu diesen Nutzungsbedingungen kontaktieren Sie uns bitte unter:<br \/><a href=\"mailto:unfreezetools@gmail.com\">unfreezetools@gmail.com<\/a><\/p>\r\n\r\n\r\n\r\n<p><strong>Durch die Nutzung von Unfreeze Tools best\u00e4tigen Sie, dass Sie diese Nutzungsbedingungen sowie unsere Datenschutzrichtlinien gelesen, verstanden und akzeptiert haben. <a href=\"https:\/\/unfreezetools.com\/de\/disclamier\/\">Haftungsausschluss<\/a> Und <a href=\"https:\/\/unfreezetools.com\/de\/privacy-policy\/\">Datenschutzrichtlinie<\/a>.<\/strong><\/p>\r\n\r\n\r\n\r\n<p>&nbsp;<\/p>","protected":false},"excerpt":{"rendered":"<p>Last Updated: November 2025 Welcome to Unfreeze Tools (accessible at https:\/\/unfreezetools.com).These Terms of Use (\u201cTerms\u201d) govern your access to and [&hellip;]<\/p>","protected":false},"author":1,"featured_media":0,"parent":0,"menu_order":0,"comment_status":"closed","ping_status":"closed","template":"","meta":{"site-sidebar-layout":"default","site-content-layout":"","ast-site-content-layout":"default","site-content-style":"default","site-sidebar-style":"default","ast-global-header-display":"","ast-banner-title-visibility":"","ast-main-header-display":"","ast-hfb-above-header-display":"","ast-hfb-below-header-display":"","ast-hfb-mobile-header-display":"","site-post-title":"","ast-breadcrumbs-content":"","ast-featured-img":"","footer-sml-layout":"","ast-disable-related-posts":"","theme-transparent-header-meta":"default","adv-header-id-meta":"","stick-header-meta":"","header-above-stick-meta":"","header-main-stick-meta":"","header-below-stick-meta":"","astra-migrate-meta-layouts":"set","ast-page-background-enabled":"default","ast-page-background-meta":{"desktop":{"background-color":"var(--ast-global-color-5)","background-image":"","background-repeat":"repeat","background-position":"center center","background-size":"auto","background-attachment":"scroll","background-type":"","background-media":"","overlay-type":"","overlay-color":"","overlay-opacity":"","overlay-gradient":""},"tablet":{"background-color":"","background-image":"","background-repeat":"repeat","background-position":"center center","background-size":"auto","background-attachment":"scroll","background-type":"","background-media":"","overlay-type":"","overlay-color":"","overlay-opacity":"","overlay-gradient":""},"mobile":{"background-color":"","background-image":"","background-repeat":"repeat","background-position":"center center","background-size":"auto","background-attachment":"scroll","background-type":"","background-media":"","overlay-type":"","overlay-color":"","overlay-opacity":"","overlay-gradient":""}},"ast-content-background-meta":{"desktop":{"background-color":"var(--ast-global-color-4)","background-image":"","background-repeat":"repeat","background-position":"center center","background-size":"auto","background-attachment":"scroll","background-type":"","background-media":"","overlay-type":"","overlay-color":"","overlay-opacity":"","overlay-gradient":""},"tablet":{"background-color":"var(--ast-global-color-4)","background-image":"","background-repeat":"repeat","background-position":"center center","background-size":"auto","background-attachment":"scroll","background-type":"","background-media":"","overlay-type":"","overlay-color":"","overlay-opacity":"","overlay-gradient":""},"mobile":{"background-color":"var(--ast-global-color-4)","background-image":"","background-repeat":"repeat","background-position":"center center","background-size":"auto","background-attachment":"scroll","background-type":"","background-media":"","overlay-type":"","overlay-color":"","overlay-opacity":"","overlay-gradient":""}},"footnotes":""},"class_list":["post-20","page","type-page","status-publish","hentry"],"yoast_head":"<!-- This site is optimized with the Yoast SEO Premium plugin v25.9 (Yoast SEO v27.4) - https:\/\/yoast.com\/product\/yoast-seo-premium-wordpress\/ -->\n<title>Terms and Conditions - Unfreeze Tools<\/title>\n<meta name=\"description\" content=\"Read the Terms of use of Unfreeze Tools to understand the rules, responsibilities, and guidelines for using our free social media tools.\" \/>\n<meta name=\"robots\" content=\"index, follow, max-snippet:-1, max-image-preview:large, max-video-preview:-1\" \/>\n<link rel=\"canonical\" href=\"https:\/\/unfreezetools.com\/de\/terms-and-conditions\/\" \/>\n<meta property=\"og:locale\" content=\"de_DE\" \/>\n<meta property=\"og:type\" content=\"article\" \/>\n<meta property=\"og:title\" content=\"Terms and Conditions\" \/>\n<meta property=\"og:description\" content=\"Read the Terms of use of Unfreeze Tools to understand the rules, responsibilities, and guidelines for using our free social media tools.\" \/>\n<meta property=\"og:url\" content=\"https:\/\/unfreezetools.com\/de\/terms-and-conditions\/\" \/>\n<meta property=\"og:site_name\" content=\"Unfreeze Tools\" \/>\n<meta property=\"article:modified_time\" content=\"2025-11-29T10:45:02+00:00\" \/>\n<meta name=\"twitter:card\" content=\"summary_large_image\" \/>\n<meta name=\"twitter:label1\" content=\"Gesch\u00e4tzte Lesezeit\" \/>\n\t<meta name=\"twitter:data1\" content=\"5\u00a0Minuten\" \/>\n<!-- \/ Yoast SEO Premium plugin. -->","yoast_head_json":{"title":"Terms and Conditions - Unfreeze Tools","description":"Read the Terms of use of Unfreeze Tools to understand the rules, responsibilities, and guidelines for using our free social media tools.","robots":{"index":"index","follow":"follow","max-snippet":"max-snippet:-1","max-image-preview":"max-image-preview:large","max-video-preview":"max-video-preview:-1"},"canonical":"https:\/\/unfreezetools.com\/de\/terms-and-conditions\/","og_locale":"de_DE","og_type":"article","og_title":"Terms and Conditions","og_description":"Read the Terms of use of Unfreeze Tools to understand the rules, responsibilities, and guidelines for using our free social media tools.","og_url":"https:\/\/unfreezetools.com\/de\/terms-and-conditions\/","og_site_name":"Unfreeze Tools","article_modified_time":"2025-11-29T10:45:02+00:00","twitter_card":"summary_large_image","twitter_misc":{"Gesch\u00e4tzte Lesezeit":"5\u00a0Minuten"},"schema":{"@context":"https:\/\/schema.org","@graph":[{"@type":"WebPage","@id":"https:\/\/unfreezetools.com\/terms-and-conditions\/","url":"https:\/\/unfreezetools.com\/terms-and-conditions\/","name":"Terms and Conditions - Unfreeze Tools","isPartOf":{"@id":"https:\/\/unfreezetools.com\/#website"},"datePublished":"2025-02-26T17:06:02+00:00","dateModified":"2025-11-29T10:45:02+00:00","description":"Read the Terms of use of Unfreeze Tools to understand the rules, responsibilities, and guidelines for using our free social media tools.","breadcrumb":{"@id":"https:\/\/unfreezetools.com\/terms-and-conditions\/#breadcrumb"},"inLanguage":"de","potentialAction":[{"@type":"ReadAction","target":["https:\/\/unfreezetools.com\/terms-and-conditions\/"]}]},{"@type":"BreadcrumbList","@id":"https:\/\/unfreezetools.com\/terms-and-conditions\/#breadcrumb","itemListElement":[{"@type":"ListItem","position":1,"name":"Home","item":"https:\/\/unfreezetools.com\/"},{"@type":"ListItem","position":2,"name":"Terms and Conditions"}]},{"@type":"WebSite","@id":"https:\/\/unfreezetools.com\/#website","url":"https:\/\/unfreezetools.com\/","name":"Werkzeuge auftauen","description":"Best Social Tools","publisher":{"@id":"https:\/\/unfreezetools.com\/#\/schema\/person\/b60e2d9e402efc937240f42bd6ac1912"},"potentialAction":[{"@type":"SearchAction","target":{"@type":"EntryPoint","urlTemplate":"https:\/\/unfreezetools.com\/?s={search_term_string}"},"query-input":{"@type":"PropertyValueSpecification","valueRequired":true,"valueName":"search_term_string"}}],"inLanguage":"de"},{"@type":["Person","Organization"],"@id":"https:\/\/unfreezetools.com\/#\/schema\/person\/b60e2d9e402efc937240f42bd6ac1912","name":"Mohammad Yousaf","image":{"@type":"ImageObject","inLanguage":"de","@id":"https:\/\/unfreezetools.com\/wp-content\/uploads\/2025\/11\/LOGO.png","url":"https:\/\/unfreezetools.com\/wp-content\/uploads\/2025\/11\/LOGO.png","contentUrl":"https:\/\/unfreezetools.com\/wp-content\/uploads\/2025\/11\/LOGO.png","width":762,"height":110,"caption":"Mohammad Yousaf"},"logo":{"@id":"https:\/\/unfreezetools.com\/wp-content\/uploads\/2025\/11\/LOGO.png"},"sameAs":["https:\/\/unfreezetools.com"]}]}},"_links":{"self":[{"href":"https:\/\/unfreezetools.com\/de\/wp-json\/wp\/v2\/pages\/20","targetHints":{"allow":["GET"]}}],"collection":[{"href":"https:\/\/unfreezetools.com\/de\/wp-json\/wp\/v2\/pages"}],"about":[{"href":"https:\/\/unfreezetools.com\/de\/wp-json\/wp\/v2\/types\/page"}],"author":[{"embeddable":true,"href":"https:\/\/unfreezetools.com\/de\/wp-json\/wp\/v2\/users\/1"}],"replies":[{"embeddable":true,"href":"https:\/\/unfreezetools.com\/de\/wp-json\/wp\/v2\/comments?post=20"}],"version-history":[{"count":2,"href":"https:\/\/unfreezetools.com\/de\/wp-json\/wp\/v2\/pages\/20\/revisions"}],"predecessor-version":[{"id":2542,"href":"https:\/\/unfreezetools.com\/de\/wp-json\/wp\/v2\/pages\/20\/revisions\/2542"}],"wp:attachment":[{"href":"https:\/\/unfreezetools.com\/de\/wp-json\/wp\/v2\/media?parent=20"}],"curies":[{"name":"wp","href":"https:\/\/api.w.org\/{rel}","templated":true}]}}