{"id":2117,"date":"2025-11-25T10:14:10","date_gmt":"2025-11-25T10:14:10","guid":{"rendered":"https:\/\/unfreezetools.com\/?page_id=2117"},"modified":"2025-11-29T10:16:37","modified_gmt":"2025-11-29T10:16:37","slug":"copyright-safe-usage","status":"publish","type":"page","link":"https:\/\/unfreezetools.com\/de\/copyright-safe-usage\/","title":{"rendered":"Urheberrechtsrichtlinie"},"content":{"rendered":"<h2>Richtlinie zur urheberrechtskonformen Nutzung<\/h2>\n<p>Bei <a href=\"https:\/\/unfreezetools.com\/de\/\"><strong>UnfreezeTools.com<\/strong><\/a>Wir haben uns verpflichtet, Tools wie Analysetools, KI-Tools, Rechner, Generatoren und Produktivit\u00e4tstools bereitzustellen. Wir nehmen Urheberrechte und geistiges Eigentum sehr ernst, und auf dieser Seite wird erl\u00e4utert, wie unsere Tools so konzipiert sind, dass sie gesch\u00fctzt bleiben. <strong>urheberrechtssicher<\/strong>.<\/p>\n<h2>1. Nur \u00f6ffentliche Inhalte<\/h2>\n<p>Alle unsere Tools arbeiten ausschlie\u00dflich mit \u00f6ffentlich zug\u00e4nglichen Inhalten. Private, eingeschr\u00e4nkte oder passwortgesch\u00fctzte Medien werden von unseren Tools nicht abgerufen. Nutzer sind daf\u00fcr verantwortlich, dass alle Inhalte, die sie mit unseren Tools verarbeiten, \u00f6ffentlich sind und keine Rechte Dritter verletzen.<\/p>\n<h2>2. Keine Speicherung von Inhalten<\/h2>\n<p>Wir speichern, cachen oder teilen keine Videos, Bilder oder Medien, die mit unseren Tools verarbeitet werden. Alle Vorschauen stammen direkt von der Originalplattform, und Ihre Interaktionen mit den Tools bleiben privat und tempor\u00e4r.<\/p>\n<h2>3. Keine Wasserzeichenentfernung<\/h2>\n<p>Unsere Tools entfernen keine Wasserzeichen und ver\u00e4ndern urheberrechtlich gesch\u00fctzte Inhalte auch nicht. Wasserzeichen bleiben erhalten, um das Eigentum des urspr\u00fcnglichen Urhebers zu respektieren.<\/p>\n<h2>4. Verantwortung des Nutzers<\/h2>\n<p>Nutzer sind allein daf\u00fcr verantwortlich, die Nutzungsbedingungen der von ihnen genutzten Plattformen einzuhalten. Durch die Nutzung unserer Tools erkl\u00e4ren Sie sich damit einverstanden, die Plattformregeln zu befolgen und keine Urheber-, Datenschutz- oder sonstigen geistigen Eigentumsrechte zu verletzen.<\/p>\n<h2>5. Fair Use \/ Nutzung zu Bildungszwecken<\/h2>\n<p>Unsere Tools dienen Bildungs-, Informations- und Nutzungszwecken. Sie sind so konzipiert, dass sie das Anzeigen, die Vorschau oder das Verweisen auf \u00f6ffentlich verf\u00fcgbare Inhalte erleichtern, ohne Urheberrechte oder Plattformrichtlinien zu verletzen.<\/p>\n<h2>6. Einhaltung des DMCA und des Urheberrechts<\/h2>\n<p>Wenn Sie der Ansicht sind, dass Inhalte, die mithilfe unserer Tools verarbeitet wurden, Ihr Urheberrecht verletzen, kontaktieren Sie uns bitte umgehend \u00fcber unser <a href=\"https:\/\/unfreezetools.com\/de\/contact\/\">Kontaktseite<\/a>Wir reagieren umgehend, um rechtsverletzende Inhalte zu entfernen oder Hinweise zu geben.<\/p>\n<h2>7. Haftungsbeschr\u00e4nkung<\/h2>\n<p>UnfreezeTools.com \u00fcbernimmt keine Verantwortung f\u00fcr den Umgang der Nutzer mit Inhalten. Nutzer m\u00fcssen alle geltenden Gesetze und Plattformregeln einhalten.<\/p>\n<p><strong>Durch die Nutzung unserer Tools erkennen Sie diese Richtlinie zur urheberrechtskonformen Nutzung an und stimmen ihr zu.<\/strong><\/p>","protected":false},"excerpt":{"rendered":"<p>Copyright-Safe Usage Policy At UnfreezeTools.com, we are committed to providing tools such as analytical tools, AI tools, calculators, generators, productivity [&hellip;]<\/p>","protected":false},"author":1,"featured_media":0,"parent":0,"menu_order":0,"comment_status":"closed","ping_status":"closed","template":"","meta":{"site-sidebar-layout":"default","site-content-layout":"","ast-site-content-layout":"default","site-content-style":"default","site-sidebar-style":"default","ast-global-header-display":"","ast-banner-title-visibility":"","ast-main-header-display":"","ast-hfb-above-header-display":"","ast-hfb-below-header-display":"","ast-hfb-mobile-header-display":"","site-post-title":"","ast-breadcrumbs-content":"","ast-featured-img":"","footer-sml-layout":"","ast-disable-related-posts":"","theme-transparent-header-meta":"default","adv-header-id-meta":"","stick-header-meta":"","header-above-stick-meta":"","header-main-stick-meta":"","header-below-stick-meta":"","astra-migrate-meta-layouts":"set","ast-page-background-enabled":"default","ast-page-background-meta":{"desktop":{"background-color":"var(--ast-global-color-5)","background-image":"","background-repeat":"repeat","background-position":"center center","background-size":"auto","background-attachment":"scroll","background-type":"","background-media":"","overlay-type":"","overlay-color":"","overlay-opacity":"","overlay-gradient":""},"tablet":{"background-color":"","background-image":"","background-repeat":"repeat","background-position":"center center","background-size":"auto","background-attachment":"scroll","background-type":"","background-media":"","overlay-type":"","overlay-color":"","overlay-opacity":"","overlay-gradient":""},"mobile":{"background-color":"","background-image":"","background-repeat":"repeat","background-position":"center center","background-size":"auto","background-attachment":"scroll","background-type":"","background-media":"","overlay-type":"","overlay-color":"","overlay-opacity":"","overlay-gradient":""}},"ast-content-background-meta":{"desktop":{"background-color":"var(--ast-global-color-4)","background-image":"","background-repeat":"repeat","background-position":"center center","background-size":"auto","background-attachment":"scroll","background-type":"","background-media":"","overlay-type":"","overlay-color":"","overlay-opacity":"","overlay-gradient":""},"tablet":{"background-color":"var(--ast-global-color-4)","background-image":"","background-repeat":"repeat","background-position":"center center","background-size":"auto","background-attachment":"scroll","background-type":"","background-media":"","overlay-type":"","overlay-color":"","overlay-opacity":"","overlay-gradient":""},"mobile":{"background-color":"var(--ast-global-color-4)","background-image":"","background-repeat":"repeat","background-position":"center center","background-size":"auto","background-attachment":"scroll","background-type":"","background-media":"","overlay-type":"","overlay-color":"","overlay-opacity":"","overlay-gradient":""}},"footnotes":""},"class_list":["post-2117","page","type-page","status-publish","hentry"],"yoast_head":"<!-- This site is optimized with the Yoast SEO Premium plugin v25.9 (Yoast SEO v27.4) - https:\/\/yoast.com\/product\/yoast-seo-premium-wordpress\/ -->\n<title>Copyright Policy - Unfreeze Tools<\/title>\n<meta name=\"robots\" content=\"index, follow, max-snippet:-1, max-image-preview:large, max-video-preview:-1\" \/>\n<link rel=\"canonical\" href=\"https:\/\/unfreezetools.com\/de\/copyright-safe-usage\/\" \/>\n<meta property=\"og:locale\" content=\"de_DE\" \/>\n<meta property=\"og:type\" content=\"article\" \/>\n<meta property=\"og:title\" content=\"Copyright Policy\" \/>\n<meta property=\"og:description\" content=\"Copyright-Safe Usage Policy At UnfreezeTools.com, we are committed to providing tools such as analytical tools, AI tools, calculators, generators, productivity [&hellip;]\" \/>\n<meta property=\"og:url\" content=\"https:\/\/unfreezetools.com\/de\/copyright-safe-usage\/\" \/>\n<meta property=\"og:site_name\" content=\"Unfreeze Tools\" \/>\n<meta property=\"article:modified_time\" content=\"2025-11-29T10:16:37+00:00\" \/>\n<meta name=\"twitter:card\" content=\"summary_large_image\" \/>\n<meta name=\"twitter:label1\" content=\"Gesch\u00e4tzte Lesezeit\" \/>\n\t<meta name=\"twitter:data1\" content=\"2\u00a0Minuten\" \/>\n<!-- \/ Yoast SEO Premium plugin. -->","yoast_head_json":{"title":"Copyright Policy - Unfreeze Tools","robots":{"index":"index","follow":"follow","max-snippet":"max-snippet:-1","max-image-preview":"max-image-preview:large","max-video-preview":"max-video-preview:-1"},"canonical":"https:\/\/unfreezetools.com\/de\/copyright-safe-usage\/","og_locale":"de_DE","og_type":"article","og_title":"Copyright Policy","og_description":"Copyright-Safe Usage Policy At UnfreezeTools.com, we are committed to providing tools such as analytical tools, AI tools, calculators, generators, productivity [&hellip;]","og_url":"https:\/\/unfreezetools.com\/de\/copyright-safe-usage\/","og_site_name":"Unfreeze Tools","article_modified_time":"2025-11-29T10:16:37+00:00","twitter_card":"summary_large_image","twitter_misc":{"Gesch\u00e4tzte Lesezeit":"2\u00a0Minuten"},"schema":{"@context":"https:\/\/schema.org","@graph":[{"@type":"WebPage","@id":"https:\/\/unfreezetools.com\/copyright-safe-usage\/","url":"https:\/\/unfreezetools.com\/copyright-safe-usage\/","name":"Copyright Policy - Unfreeze Tools","isPartOf":{"@id":"https:\/\/unfreezetools.com\/#website"},"datePublished":"2025-11-25T10:14:10+00:00","dateModified":"2025-11-29T10:16:37+00:00","breadcrumb":{"@id":"https:\/\/unfreezetools.com\/copyright-safe-usage\/#breadcrumb"},"inLanguage":"de","potentialAction":[{"@type":"ReadAction","target":["https:\/\/unfreezetools.com\/copyright-safe-usage\/"]}]},{"@type":"BreadcrumbList","@id":"https:\/\/unfreezetools.com\/copyright-safe-usage\/#breadcrumb","itemListElement":[{"@type":"ListItem","position":1,"name":"Home","item":"https:\/\/unfreezetools.com\/"},{"@type":"ListItem","position":2,"name":"Copyright Policy"}]},{"@type":"WebSite","@id":"https:\/\/unfreezetools.com\/#website","url":"https:\/\/unfreezetools.com\/","name":"Werkzeuge auftauen","description":"Best Social Tools","publisher":{"@id":"https:\/\/unfreezetools.com\/#\/schema\/person\/b60e2d9e402efc937240f42bd6ac1912"},"potentialAction":[{"@type":"SearchAction","target":{"@type":"EntryPoint","urlTemplate":"https:\/\/unfreezetools.com\/?s={search_term_string}"},"query-input":{"@type":"PropertyValueSpecification","valueRequired":true,"valueName":"search_term_string"}}],"inLanguage":"de"},{"@type":["Person","Organization"],"@id":"https:\/\/unfreezetools.com\/#\/schema\/person\/b60e2d9e402efc937240f42bd6ac1912","name":"Mohammad Yousaf","image":{"@type":"ImageObject","inLanguage":"de","@id":"https:\/\/unfreezetools.com\/wp-content\/uploads\/2025\/11\/LOGO.png","url":"https:\/\/unfreezetools.com\/wp-content\/uploads\/2025\/11\/LOGO.png","contentUrl":"https:\/\/unfreezetools.com\/wp-content\/uploads\/2025\/11\/LOGO.png","width":762,"height":110,"caption":"Mohammad Yousaf"},"logo":{"@id":"https:\/\/unfreezetools.com\/wp-content\/uploads\/2025\/11\/LOGO.png"},"sameAs":["https:\/\/unfreezetools.com"]}]}},"_links":{"self":[{"href":"https:\/\/unfreezetools.com\/de\/wp-json\/wp\/v2\/pages\/2117","targetHints":{"allow":["GET"]}}],"collection":[{"href":"https:\/\/unfreezetools.com\/de\/wp-json\/wp\/v2\/pages"}],"about":[{"href":"https:\/\/unfreezetools.com\/de\/wp-json\/wp\/v2\/types\/page"}],"author":[{"embeddable":true,"href":"https:\/\/unfreezetools.com\/de\/wp-json\/wp\/v2\/users\/1"}],"replies":[{"embeddable":true,"href":"https:\/\/unfreezetools.com\/de\/wp-json\/wp\/v2\/comments?post=2117"}],"version-history":[{"count":2,"href":"https:\/\/unfreezetools.com\/de\/wp-json\/wp\/v2\/pages\/2117\/revisions"}],"predecessor-version":[{"id":2534,"href":"https:\/\/unfreezetools.com\/de\/wp-json\/wp\/v2\/pages\/2117\/revisions\/2534"}],"wp:attachment":[{"href":"https:\/\/unfreezetools.com\/de\/wp-json\/wp\/v2\/media?parent=2117"}],"curies":[{"name":"wp","href":"https:\/\/api.w.org\/{rel}","templated":true}]}}