{"id":22,"date":"2025-02-26T17:06:14","date_gmt":"2025-02-26T17:06:14","guid":{"rendered":"https:\/\/unfreezetools.com\/?page_id=22"},"modified":"2025-11-29T10:12:58","modified_gmt":"2025-11-29T10:12:58","slug":"privacy-policy","status":"publish","type":"page","link":"https:\/\/unfreezetools.com\/de\/privacy-policy\/","title":{"rendered":"Datenschutzrichtlinie"},"content":{"rendered":"<p><strong>Letzte Aktualisierung:<\/strong> November 2025<\/p>\n<p>Willkommen bei <strong>Werkzeuge auftauen<\/strong> (zug\u00e4nglich unter <a href=\"https:\/\/unfreezetools.com\/de\/\">https:\/\/unfreezetools.com<\/a>).<br \/>\nDer Schutz Ihrer Daten ist uns sehr wichtig. Diese Datenschutzerkl\u00e4rung erl\u00e4utert, wie wir Ihre Daten erfassen, verwenden und sch\u00fctzen, wenn Sie unsere Website und Dienste nutzen.<\/p>\n<p>Durch den Zugriff auf oder die Nutzung von Unfreeze Tools stimmen Sie dieser Datenschutzrichtlinie zu.<br \/>\nWenn Sie mit einem Teil dieser Richtlinie nicht einverstanden sind, nutzen Sie bitte weder unsere Website noch unsere Tools.<\/p>\n<hr \/>\n<h2 data-start=\"766\" data-end=\"788\"><strong data-start=\"769\" data-end=\"786\">1. Wer wir sind<\/strong><\/h2>\n<p data-start=\"789\" data-end=\"1032\">Unfreeze Tools (\u201ewir\u201c, \u201eunser\u201c, \u201euns\u201c) ist eine Online-Plattform, die kostenlose browserbasierte Hilfsprogramme wie Analysetools, KI-Tools, Rechner, Generatoren, Produktivit\u00e4tstools und andere webbasierte Funktionen anbietet, die digitale Aufgaben erleichtern sollen.<\/p>\n<p data-start=\"1034\" data-end=\"1169\">Wir tun es. <strong data-start=\"1040\" data-end=\"1047\">nicht<\/strong> Benutzergenerierte Medien werden weder gehostet noch gespeichert. Alle Tools dienen ausschlie\u00dflich Informations-, Analyse- oder Produktivit\u00e4tszwecken.<\/p>\n<p data-start=\"1171\" data-end=\"1238\">Bei Fragen zum Datenschutz k\u00f6nnen Sie sich an folgende Adresse wenden: <strong data-start=\"1211\" data-end=\"1238\"><a class=\"decorated-link cursor-pointer\" rel=\"noopener\" data-start=\"1213\" data-end=\"1236\">unfreezetools@gmail.com<\/a><\/strong><\/p>\n<hr data-start=\"1240\" data-end=\"1243\" \/>\n<h2 data-start=\"1245\" data-end=\"1279\"><strong data-start=\"1248\" data-end=\"1277\">2. Informationen, die wir sammeln<\/strong><\/h2>\n<p data-start=\"1280\" data-end=\"1455\">Wir erfassen nur Informationen, die f\u00fcr die Website-Funktionalit\u00e4t, Analysen und Werbung erforderlich sind. <strong data-start=\"1379\" data-end=\"1386\">nicht<\/strong> Wir identifizieren Nutzer pers\u00f6nlich, es sei denn, sie kontaktieren uns direkt.<\/p>\n<h3 data-start=\"1457\" data-end=\"1505\"><strong data-start=\"1461\" data-end=\"1503\">a. Informationen, die Sie freiwillig angeben<\/strong><\/h3>\n<p data-start=\"1506\" data-end=\"1705\">Wenn Sie uns per E-Mail oder Formular kontaktieren, erhalten wir m\u00f6glicherweise Ihren Namen, Ihre E-Mail-Adresse und Ihre Nachricht.<br data-start=\"1596\" data-end=\"1599\" \/>Diese Informationen werden ausschlie\u00dflich zur Beantwortung Ihrer Anfrage verwendet und werden nicht weitergegeben, verkauft oder f\u00fcr Marketingzwecke genutzt.<\/p>\n<h3 data-start=\"1707\" data-end=\"1755\"><strong data-start=\"1711\" data-end=\"1753\">b. Automatisch erfasste Informationen<\/strong><\/h3>\n<p data-start=\"1756\" data-end=\"1856\">Wir erheben und speichern keine personenbezogenen Nutzerdaten. Wenn Sie unsere Website besuchen, werden jedoch bestimmte nicht-personenbezogene technische Daten automatisch von Drittanbietern erfasst, die wir nutzen (Hosting-Anbieter, Analysetools und Werbepartner), wie zum Beispiel:<\/p>\n<p data-start=\"1756\" data-end=\"1856\">\u00a0 \u00a0 \u00a0 \u00a0 \u00a0 IP-Adresse<\/p>\n<ul data-start=\"1858\" data-end=\"2038\">\n<li data-start=\"1873\" data-end=\"1901\">\n<p data-start=\"1875\" data-end=\"1901\">Browsertyp und -version<\/p>\n<\/li>\n<li data-start=\"1902\" data-end=\"1933\">\n<p data-start=\"1904\" data-end=\"1933\">Ger\u00e4t und Betriebssystem<\/p>\n<\/li>\n<li data-start=\"1934\" data-end=\"1970\">\n<p data-start=\"1936\" data-end=\"1970\">Aufgerufene Seiten, Verweildauer auf der Website<\/p>\n<\/li>\n<li data-start=\"1971\" data-end=\"1989\">\n<p data-start=\"1973\" data-end=\"1989\">Verweisende URLs<\/p>\n<\/li>\n<li data-start=\"1990\" data-end=\"2038\">\n<p data-start=\"1992\" data-end=\"2038\">Allgemeine, ungenaue Ortsangabe (Stadt oder Region)<\/p>\n<\/li>\n<\/ul>\n<p data-start=\"2040\" data-end=\"2151\">Diese Informationen sind Standard f\u00fcr die meisten Websites und helfen uns, Leistung, Sicherheit und Benutzerfreundlichkeit zu verbessern.<\/p>\n<h3 data-start=\"2153\" data-end=\"2197\"><strong data-start=\"2157\" data-end=\"2195\">c. Cookies und Tracking-Technologien<\/strong><\/h3>\n<p data-start=\"2198\" data-end=\"2216\">Wir verwenden Cookies, um:<\/p>\n<ul data-start=\"2218\" data-end=\"2346\">\n<li data-start=\"2218\" data-end=\"2259\">\n<p data-start=\"2220\" data-end=\"2259\">Stellen Sie sicher, dass die Website-Funktionen ordnungsgem\u00e4\u00df funktionieren.<\/p>\n<\/li>\n<li data-start=\"2260\" data-end=\"2295\">\n<p data-start=\"2262\" data-end=\"2295\">Datenverkehr und Leistung analysieren<\/p>\n<\/li>\n<li data-start=\"2296\" data-end=\"2346\">\n<p data-start=\"2298\" data-end=\"2346\">Relevante, unaufdringliche Werbung anzeigen<\/p>\n<\/li>\n<\/ul>\n<p data-start=\"2348\" data-end=\"2452\">Sie k\u00f6nnen Cookies in Ihren Browsereinstellungen deaktivieren, allerdings funktionieren dann m\u00f6glicherweise Teile der Website nicht mehr einwandfrei.<\/p>\n<p data-start=\"2454\" data-end=\"2482\">Arten von Cookies, die wir m\u00f6glicherweise verwenden:<\/p>\n<ul data-start=\"2484\" data-end=\"2661\">\n<li data-start=\"2484\" data-end=\"2538\">\n<p data-start=\"2486\" data-end=\"2538\"><strong data-start=\"2486\" data-end=\"2507\">Essenzielle Cookies<\/strong> \u2014 f\u00fcr die Funktionalit\u00e4t erforderlich<\/p>\n<\/li>\n<li data-start=\"2539\" data-end=\"2595\">\n<p data-start=\"2541\" data-end=\"2595\"><strong data-start=\"2541\" data-end=\"2562\">Analyse-Cookies<\/strong> \u2014 Nutzung messen, Fehler erkennen<\/p>\n<\/li>\n<li data-start=\"2596\" data-end=\"2661\">\n<p data-start=\"2598\" data-end=\"2661\"><strong data-start=\"2598\" data-end=\"2621\">Werbe-Cookies<\/strong> \u2014 wird von Google verwendet, um relevante Anzeigen anzuzeigen<\/p>\n<\/li>\n<\/ul>\n<hr \/>\n<h3>3. Wie wir Ihre Daten verwenden?<\/h3>\n<p>Wir verwenden die gesammelten Daten f\u00fcr folgende Zwecke:<\/p>\n<ul>\n<li>Verbesserung der Benutzerfreundlichkeit und der Website-Funktionalit\u00e4t<\/li>\n<li>\u00dcberwachung und Analyse von Verkehrstrends<\/li>\n<li>Behebung technischer Probleme und Fehler<\/li>\n<li>Anzeige relevanter und unaufdringlicher Werbung<\/li>\n<li>Beantwortung von Nutzeranfragen und Feedback<\/li>\n<\/ul>\n<p>Wir tun es. <strong>nicht verkaufen<\/strong>, <strong>mieten<\/strong>, oder <strong>Handel<\/strong> keine personenbezogenen Daten an Dritte weitergegeben.<\/p>\n<hr \/>\n<h3>4. <strong>Google AdSense und Werbung von Drittanbietern<\/strong><\/h3>\n<p>Unfreeze Tools m\u00f6chten Sie verwenden <strong>Google AdSense<\/strong> um Anzeigen anzuzeigen.<br \/>\nGoogle kann Cookies und Web Beacons verwenden, um Ihnen auf Grundlage Ihres Besuchs auf dieser und anderen Websites Anzeigen zu schalten.<\/p>\n<ul>\n<li>Durch die Verwendung von Werbe-Cookies kann Google zusammen mit seinen Partnern auf Ihre Interessen zugeschnittene Werbung (\u201epersonalisierte Werbung\u201c) schalten.<\/li>\n<li>Nutzer k\u00f6nnen personalisierte Werbung deaktivieren, indem sie folgende Seite besuchen: <a href=\"https:\/\/www.google.com\/settings\/ads\">Anzeigeneinstellungen<\/a><\/li>\n<\/ul>\n<p>Wir halten uns vollumf\u00e4nglich an die <strong>Google AdSense-Programmrichtlinien<\/strong> Und <strong>EU-Nutzereinwilligungsrichtlinie<\/strong>.<\/p>\n<p>Weitere Informationen finden Sie hier:<br \/>\n<a href=\"https:\/\/policies.google.com\/technologies\/partner-sites\">Wie Google Daten verwendet, wenn Sie unsere Website oder Apps nutzen<\/a><\/p>\n<hr \/>\n<h3>5. <strong>Links und Dienste von Drittanbietern<\/strong><\/h3>\n<p>Unsere Website kann Links zu externen Plattformen (TikTok, Instagram, YouTube usw.) oder Diensten Dritter enthalten.<br \/>\nWir haben keine Kontrolle \u00fcber diese Webseiten und sind <strong>Wir sind nicht verantwortlich f\u00fcr deren Datenschutzpraktiken oder Inhalte.<\/strong>.<\/p>\n<p>Wir ermutigen unsere Nutzer, die Datenschutzrichtlinien aller von ihnen besuchten Websites Dritter zu lesen.<\/p>\n<hr \/>\n<h3>6. <strong>Datenaufbewahrung<\/strong><\/h3>\n<p>Wir speichern keine nutzergenerierten Medien oder Inhalte, die \u00fcber unsere Tools verarbeitet werden.<br \/>\nAlle von Ihnen eingegebenen URLs, Eingabefelder oder Links werden verarbeitet <strong>vor\u00fcbergehend und anonym<\/strong>Die Verarbeitung erfolgt ausschlie\u00dflich in Ihrem Browser oder \u00fcber sichere Server-APIs.<\/p>\n<p>Wenn Sie uns kontaktieren, speichern wir Ihre E-Mail-Korrespondenz ausschlie\u00dflich zu Dokumentations- und Supportzwecken.<\/p>\n<hr \/>\n<h3>7. <strong>Datensicherheit<\/strong><\/h3>\n<p>Wir verwenden branchen\u00fcbliche Ma\u00dfnahmen (SSL-Verschl\u00fcsselung, sichere Server, Firewall-Schutz), um Ihre Daten zu sch\u00fctzen.<br \/>\nBeachten Sie jedoch, dass keine Methode der Daten\u00fcbertragung \u00fcber das Internet 100% sicher ist.<br \/>\nDurch die Nutzung unserer Website erkennen Sie diese systembedingte Einschr\u00e4nkung an.<\/p>\n<hr \/>\n<h3>8. <strong>Ihre Datenschutzrechte<\/strong><\/h3>\n<p>Je nach Ihrer Region (EU, Gro\u00dfbritannien oder Kalifornien) haben Sie m\u00f6glicherweise folgende Rechte:<\/p>\n<ul>\n<li>Recht auf Auskunft \u00fcber die Daten, die wir \u00fcber Sie speichern<\/li>\n<li>Recht auf Berichtigung oder L\u00f6schung Ihrer Daten<\/li>\n<li>Recht auf Widerruf der Einwilligung zu Cookies oder Analysen<\/li>\n<li>Recht auf Widerspruch gegen die Datenverarbeitung f\u00fcr bestimmte Zwecke<\/li>\n<\/ul>\n<p>Um eines dieser Rechte auszu\u00fcben, kontaktieren Sie uns bitte unter <strong><a href=\"mailto:unfreezetools@gmail.com\">unfreezetools@gmail.com<\/a><\/strong>.<\/p>\n<hr \/>\n<h3>9. <strong>Datenschutz f\u00fcr Kinder<\/strong><\/h3>\n<p>Unfreeze Tools ist <strong>Nicht f\u00fcr Kinder unter 13 Jahren geeignet.<\/strong>.<br \/>\nWir erfassen oder speichern wissentlich keine personenbezogenen Daten von Minderj\u00e4hrigen.<br \/>\nFalls Sie glauben, dass uns ein Kind Informationen \u00fcbermittelt hat, kontaktieren Sie uns bitte umgehend, und wir werden diese umgehend l\u00f6schen.<\/p>\n<hr \/>\n<h3>10. <strong>Internationale Nutzer<\/strong><\/h3>\n<p>Unsere Website wird weltweit betrieben und kann aus verschiedenen L\u00e4ndern aufgerufen werden.<br \/>\nDurch die Nutzung von Unfreeze Tools stimmen Sie der \u00dcbermittlung und Verarbeitung Ihrer Daten gem\u00e4\u00df dieser Datenschutzrichtlinie und den geltenden Gesetzen zu.<\/p>\n<hr \/>\n<h3>11. <strong>\u00c4nderungen dieser Datenschutzrichtlinie<\/strong><\/h3>\n<p>Wir k\u00f6nnen diese Datenschutzrichtlinie regelm\u00e4\u00dfig aktualisieren, um neuen rechtlichen, technischen oder betrieblichen \u00c4nderungen Rechnung zu tragen.<br \/>\nAlle \u00c4nderungen werden auf dieser Seite mit einem aktualisierten Datum unter \u201eLetzte Aktualisierung\u201c ver\u00f6ffentlicht.<\/p>\n<p>Wir ermutigen die Nutzer, diese Seite regelm\u00e4\u00dfig zu besuchen, um auf dem Laufenden zu bleiben.<\/p>\n<hr \/>\n<h3>12. <strong>Kontaktieren Sie uns<\/strong><\/h3>\n<p>Bei Fragen, Anregungen oder Bedenken hinsichtlich des Datenschutzes kontaktieren Sie uns bitte unter:<br \/>\n<strong><a href=\"mailto:unfreezetools@gmail.com\">unfreezetools@gmail.com<\/a><\/strong>Sie k\u00f6nnen auch lesen <a href=\"https:\/\/unfreezetools.com\/de\/terms-and-conditions\/\">Gesch\u00e4ftsbedingungen<\/a> unserer Website.<\/p>\n<hr \/>\n<p><strong>Durch die Nutzung von Unfreeze Tools stimmen Sie dieser Datenschutzrichtlinie zu und willigen in die Verwendung von Cookies und Diensten von Drittanbietern wie oben beschrieben ein.<\/strong><\/p>","protected":false},"excerpt":{"rendered":"<p>Last Updated: November 2025 Welcome to Unfreeze Tools (accessible at https:\/\/unfreezetools.com). Your privacy is very important to us. This Privacy [&hellip;]<\/p>","protected":false},"author":1,"featured_media":0,"parent":0,"menu_order":0,"comment_status":"closed","ping_status":"closed","template":"","meta":{"site-sidebar-layout":"default","site-content-layout":"","ast-site-content-layout":"default","site-content-style":"default","site-sidebar-style":"default","ast-global-header-display":"","ast-banner-title-visibility":"","ast-main-header-display":"","ast-hfb-above-header-display":"","ast-hfb-below-header-display":"","ast-hfb-mobile-header-display":"","site-post-title":"","ast-breadcrumbs-content":"","ast-featured-img":"","footer-sml-layout":"","ast-disable-related-posts":"","theme-transparent-header-meta":"default","adv-header-id-meta":"","stick-header-meta":"","header-above-stick-meta":"","header-main-stick-meta":"","header-below-stick-meta":"","astra-migrate-meta-layouts":"set","ast-page-background-enabled":"default","ast-page-background-meta":{"desktop":{"background-color":"var(--ast-global-color-5)","background-image":"","background-repeat":"repeat","background-position":"center center","background-size":"auto","background-attachment":"scroll","background-type":"","background-media":"","overlay-type":"","overlay-color":"","overlay-opacity":"","overlay-gradient":""},"tablet":{"background-color":"","background-image":"","background-repeat":"repeat","background-position":"center center","background-size":"auto","background-attachment":"scroll","background-type":"","background-media":"","overlay-type":"","overlay-color":"","overlay-opacity":"","overlay-gradient":""},"mobile":{"background-color":"","background-image":"","background-repeat":"repeat","background-position":"center center","background-size":"auto","background-attachment":"scroll","background-type":"","background-media":"","overlay-type":"","overlay-color":"","overlay-opacity":"","overlay-gradient":""}},"ast-content-background-meta":{"desktop":{"background-color":"var(--ast-global-color-4)","background-image":"","background-repeat":"repeat","background-position":"center center","background-size":"auto","background-attachment":"scroll","background-type":"","background-media":"","overlay-type":"","overlay-color":"","overlay-opacity":"","overlay-gradient":""},"tablet":{"background-color":"var(--ast-global-color-4)","background-image":"","background-repeat":"repeat","background-position":"center center","background-size":"auto","background-attachment":"scroll","background-type":"","background-media":"","overlay-type":"","overlay-color":"","overlay-opacity":"","overlay-gradient":""},"mobile":{"background-color":"var(--ast-global-color-4)","background-image":"","background-repeat":"repeat","background-position":"center center","background-size":"auto","background-attachment":"scroll","background-type":"","background-media":"","overlay-type":"","overlay-color":"","overlay-opacity":"","overlay-gradient":""}},"footnotes":""},"class_list":["post-22","page","type-page","status-publish","hentry"],"yoast_head":"<!-- This site is optimized with the Yoast SEO Premium plugin v25.9 (Yoast SEO v27.4) - https:\/\/yoast.com\/product\/yoast-seo-premium-wordpress\/ -->\n<title>Privacy Policy - Unfreeze Tools<\/title>\n<meta name=\"description\" content=\"Read the Privacy Policy of Unfreeze Tools to learn how we collect, use, and protect your data while you enjoy our free social media tools.\" \/>\n<meta name=\"robots\" content=\"index, follow, max-snippet:-1, max-image-preview:large, max-video-preview:-1\" \/>\n<link rel=\"canonical\" href=\"https:\/\/unfreezetools.com\/de\/privacy-policy\/\" \/>\n<meta property=\"og:locale\" content=\"de_DE\" \/>\n<meta property=\"og:type\" content=\"article\" \/>\n<meta property=\"og:title\" content=\"Privacy Policy\" \/>\n<meta property=\"og:description\" content=\"Read the Privacy Policy of Unfreeze Tools to learn how we collect, use, and protect your data while you enjoy our free social media tools.\" \/>\n<meta property=\"og:url\" content=\"https:\/\/unfreezetools.com\/de\/privacy-policy\/\" \/>\n<meta property=\"og:site_name\" content=\"Unfreeze Tools\" \/>\n<meta property=\"article:modified_time\" content=\"2025-11-29T10:12:58+00:00\" \/>\n<meta name=\"twitter:card\" content=\"summary_large_image\" \/>\n<meta name=\"twitter:label1\" content=\"Gesch\u00e4tzte Lesezeit\" \/>\n\t<meta name=\"twitter:data1\" content=\"4\u00a0Minuten\" \/>\n<!-- \/ Yoast SEO Premium plugin. -->","yoast_head_json":{"title":"Privacy Policy - Unfreeze Tools","description":"Read the Privacy Policy of Unfreeze Tools to learn how we collect, use, and protect your data while you enjoy our free social media tools.","robots":{"index":"index","follow":"follow","max-snippet":"max-snippet:-1","max-image-preview":"max-image-preview:large","max-video-preview":"max-video-preview:-1"},"canonical":"https:\/\/unfreezetools.com\/de\/privacy-policy\/","og_locale":"de_DE","og_type":"article","og_title":"Privacy Policy","og_description":"Read the Privacy Policy of Unfreeze Tools to learn how we collect, use, and protect your data while you enjoy our free social media tools.","og_url":"https:\/\/unfreezetools.com\/de\/privacy-policy\/","og_site_name":"Unfreeze Tools","article_modified_time":"2025-11-29T10:12:58+00:00","twitter_card":"summary_large_image","twitter_misc":{"Gesch\u00e4tzte Lesezeit":"4\u00a0Minuten"},"schema":{"@context":"https:\/\/schema.org","@graph":[{"@type":"WebPage","@id":"https:\/\/unfreezetools.com\/privacy-policy\/","url":"https:\/\/unfreezetools.com\/privacy-policy\/","name":"Privacy Policy - Unfreeze Tools","isPartOf":{"@id":"https:\/\/unfreezetools.com\/#website"},"datePublished":"2025-02-26T17:06:14+00:00","dateModified":"2025-11-29T10:12:58+00:00","description":"Read the Privacy Policy of Unfreeze Tools to learn how we collect, use, and protect your data while you enjoy our free social media tools.","breadcrumb":{"@id":"https:\/\/unfreezetools.com\/privacy-policy\/#breadcrumb"},"inLanguage":"de","potentialAction":[{"@type":"ReadAction","target":["https:\/\/unfreezetools.com\/privacy-policy\/"]}]},{"@type":"BreadcrumbList","@id":"https:\/\/unfreezetools.com\/privacy-policy\/#breadcrumb","itemListElement":[{"@type":"ListItem","position":1,"name":"Home","item":"https:\/\/unfreezetools.com\/"},{"@type":"ListItem","position":2,"name":"Privacy Policy"}]},{"@type":"WebSite","@id":"https:\/\/unfreezetools.com\/#website","url":"https:\/\/unfreezetools.com\/","name":"Werkzeuge auftauen","description":"Best Social Tools","publisher":{"@id":"https:\/\/unfreezetools.com\/#\/schema\/person\/b60e2d9e402efc937240f42bd6ac1912"},"potentialAction":[{"@type":"SearchAction","target":{"@type":"EntryPoint","urlTemplate":"https:\/\/unfreezetools.com\/?s={search_term_string}"},"query-input":{"@type":"PropertyValueSpecification","valueRequired":true,"valueName":"search_term_string"}}],"inLanguage":"de"},{"@type":["Person","Organization"],"@id":"https:\/\/unfreezetools.com\/#\/schema\/person\/b60e2d9e402efc937240f42bd6ac1912","name":"Mohammad Yousaf","image":{"@type":"ImageObject","inLanguage":"de","@id":"https:\/\/unfreezetools.com\/wp-content\/uploads\/2025\/11\/LOGO.png","url":"https:\/\/unfreezetools.com\/wp-content\/uploads\/2025\/11\/LOGO.png","contentUrl":"https:\/\/unfreezetools.com\/wp-content\/uploads\/2025\/11\/LOGO.png","width":762,"height":110,"caption":"Mohammad Yousaf"},"logo":{"@id":"https:\/\/unfreezetools.com\/wp-content\/uploads\/2025\/11\/LOGO.png"},"sameAs":["https:\/\/unfreezetools.com"]}]}},"_links":{"self":[{"href":"https:\/\/unfreezetools.com\/de\/wp-json\/wp\/v2\/pages\/22","targetHints":{"allow":["GET"]}}],"collection":[{"href":"https:\/\/unfreezetools.com\/de\/wp-json\/wp\/v2\/pages"}],"about":[{"href":"https:\/\/unfreezetools.com\/de\/wp-json\/wp\/v2\/types\/page"}],"author":[{"embeddable":true,"href":"https:\/\/unfreezetools.com\/de\/wp-json\/wp\/v2\/users\/1"}],"replies":[{"embeddable":true,"href":"https:\/\/unfreezetools.com\/de\/wp-json\/wp\/v2\/comments?post=22"}],"version-history":[{"count":2,"href":"https:\/\/unfreezetools.com\/de\/wp-json\/wp\/v2\/pages\/22\/revisions"}],"predecessor-version":[{"id":2532,"href":"https:\/\/unfreezetools.com\/de\/wp-json\/wp\/v2\/pages\/22\/revisions\/2532"}],"wp:attachment":[{"href":"https:\/\/unfreezetools.com\/de\/wp-json\/wp\/v2\/media?parent=22"}],"curies":[{"name":"wp","href":"https:\/\/api.w.org\/{rel}","templated":true}]}}