{"id":1275,"date":"2025-11-06T12:37:19","date_gmt":"2025-11-06T12:37:19","guid":{"rendered":"https:\/\/unfreezetools.com\/?page_id=1275"},"modified":"2025-11-19T19:53:24","modified_gmt":"2025-11-19T19:53:24","slug":"dmca","status":"publish","type":"page","link":"https:\/\/unfreezetools.com\/fr\/dmca\/","title":{"rendered":"DMCA"},"content":{"rendered":"<p><a href=\"http:\/\/UnfreezeTools.com\">UnfreezeTools.com<\/a> respecte les droits de propri\u00e9t\u00e9 intellectuelle d'autrui et attend de ses utilisateurs qu'ils fassent de m\u00eame.<br \/>Conform\u00e9ment \u00e0 la loi am\u00e9ricaine sur le droit d'auteur num\u00e9rique (DMCA), nous r\u00e9pondrons rapidement aux all\u00e9gations de violation de droits d'auteur commises via notre site web et signal\u00e9es \u00e0 notre agent DMCA d\u00e9sign\u00e9.<\/p>\r\n\r\n\r\n\r\n<h3 id=\"h-reporting-copyright-infringement\" class=\"wp-block-heading\">Signaler une violation de droits d'auteur<\/h3>\r\n\r\n\r\n\r\n<p>Si vous pensez que votre \u0153uvre prot\u00e9g\u00e9e par le droit d'auteur a \u00e9t\u00e9 utilis\u00e9e ou copi\u00e9e d'une mani\u00e8re qui constitue une violation du droit d'auteur et qu'elle est accessible via ce site web, veuillez nous en informer en envoyant une notification DMCA \u00e9crite qui inclut les d\u00e9tails suivants\u00a0:<\/p>\r\n\r\n\r\n\r\n<ul class=\"wp-block-list\">\r\n<li>Une signature physique ou \u00e9lectronique du titulaire du droit d'auteur ou de la personne autoris\u00e9e \u00e0 agir en son nom.<\/li>\r\n\r\n\r\n\r\n<li>Identification de l'\u0153uvre prot\u00e9g\u00e9e par le droit d'auteur qui aurait \u00e9t\u00e9 contrefaite.<\/li>\r\n\r\n\r\n\r\n<li>Identification du contenu pr\u00e9tendument contrefait, y compris les informations raisonnablement suffisantes pour le localiser sur notre site web (les URL sont pr\u00e9f\u00e9rables).<\/li>\r\n\r\n\r\n\r\n<li>Vos coordonn\u00e9es, y compris votre nom, votre adresse, votre num\u00e9ro de t\u00e9l\u00e9phone et votre adresse \u00e9lectronique.<\/li>\r\n\r\n\r\n\r\n<li>Une d\u00e9claration attestant que vous croyez de bonne foi que l'utilisation contest\u00e9e n'est pas autoris\u00e9e par le titulaire du droit d'auteur, son mandataire ou la loi.<\/li>\r\n\r\n\r\n\r\n<li>Une d\u00e9claration, faite sous peine de parjure, attestant que les informations contenues dans votre notification sont exactes et que vous \u00eates le titulaire des droits d'auteur ou autoris\u00e9 \u00e0 agir au nom du titulaire.<\/li>\r\n<\/ul>\r\n\r\n\r\n\r\n<h3 id=\"h-dmca-contact-information\" class=\"wp-block-heading\">Informations de contact DMCA<\/h3>\r\n\r\n\r\n\r\n<p>Vous pouvez envoyer votre notification DMCA \u00e0\u00a0:<\/p>\r\n\r\n\r\n\r\n<p><strong>Agent DMCA<\/strong><br \/>E-mail: <a href=\"mailto:unfreezetools@gmail.com\">unfreezetools@gmail.com<\/a><\/p>\r\n\r\n\r\n\r\n<h3 id=\"h-removal-of-content\" class=\"wp-block-heading\">Suppression de contenu<\/h3>\r\n\r\n\r\n\r\n<p>D\u00e8s r\u00e9ception d'une notification DMCA valide, nous enqu\u00eaterons rapidement sur la r\u00e9clamation et supprimerons ou d\u00e9sactiverons l'acc\u00e8s au contenu pr\u00e9tendument contrefait.<br \/>Nous pouvons \u00e9galement r\u00e9silier les comptes des contrevenants r\u00e9cidivistes, le cas \u00e9ch\u00e9ant.<\/p>\r\n\r\n\r\n\r\n<h3 id=\"h-counter-notification\" class=\"wp-block-heading\">Contre-notification<\/h3>\r\n\r\n\r\n\r\n<p>Si vous pensez que votre contenu a \u00e9t\u00e9 supprim\u00e9 par erreur ou suite \u00e0 une identification erron\u00e9e, vous pouvez soumettre une contre-notification comprenant\u00a0:<\/p>\r\n\r\n\r\n\r\n<ul class=\"wp-block-list\">\r\n<li>Votre signature physique ou \u00e9lectronique.<\/li>\r\n\r\n\r\n\r\n<li>Identification du mat\u00e9riau pr\u00e9lev\u00e9 et de son emplacement avant pr\u00e9l\u00e8vement.<\/li>\r\n\r\n\r\n\r\n<li>Une d\u00e9claration sous peine de parjure attestant que vous croyez de bonne foi que le contenu a \u00e9t\u00e9 retir\u00e9 par erreur ou suite \u00e0 une identification erron\u00e9e.<\/li>\r\n\r\n\r\n\r\n<li>Vos nom, adresse et num\u00e9ro de t\u00e9l\u00e9phone, ainsi qu'une d\u00e9claration attestant que vous consentez \u00e0 la comp\u00e9tence du tribunal de district f\u00e9d\u00e9ral de votre r\u00e9gion.<\/li>\r\n<\/ul>\r\n\r\n\r\n\r\n<p>Veuillez noter que le d\u00e9p\u00f4t d'une fausse notification ou contre-notification DMCA peut avoir des cons\u00e9quences juridiques en vertu de la loi DMCA.<\/p>\r\n\r\n\r\n\r\n<p><em>Derni\u00e8re mise \u00e0 jour : novembre 2025<\/em><\/p>","protected":false},"excerpt":{"rendered":"<p>UnfreezeTools.com respects the intellectual property rights of others and expects our users to do the same.In accordance with the Digital [&hellip;]<\/p>","protected":false},"author":1,"featured_media":0,"parent":0,"menu_order":0,"comment_status":"closed","ping_status":"closed","template":"","meta":{"site-sidebar-layout":"default","site-content-layout":"","ast-site-content-layout":"default","site-content-style":"default","site-sidebar-style":"default","ast-global-header-display":"","ast-banner-title-visibility":"","ast-main-header-display":"","ast-hfb-above-header-display":"","ast-hfb-below-header-display":"","ast-hfb-mobile-header-display":"","site-post-title":"","ast-breadcrumbs-content":"","ast-featured-img":"","footer-sml-layout":"","ast-disable-related-posts":"","theme-transparent-header-meta":"default","adv-header-id-meta":"","stick-header-meta":"","header-above-stick-meta":"","header-main-stick-meta":"","header-below-stick-meta":"","astra-migrate-meta-layouts":"set","ast-page-background-enabled":"default","ast-page-background-meta":{"desktop":{"background-color":"var(--ast-global-color-5)","background-image":"","background-repeat":"repeat","background-position":"center center","background-size":"auto","background-attachment":"scroll","background-type":"","background-media":"","overlay-type":"","overlay-color":"","overlay-opacity":"","overlay-gradient":""},"tablet":{"background-color":"","background-image":"","background-repeat":"repeat","background-position":"center center","background-size":"auto","background-attachment":"scroll","background-type":"","background-media":"","overlay-type":"","overlay-color":"","overlay-opacity":"","overlay-gradient":""},"mobile":{"background-color":"","background-image":"","background-repeat":"repeat","background-position":"center center","background-size":"auto","background-attachment":"scroll","background-type":"","background-media":"","overlay-type":"","overlay-color":"","overlay-opacity":"","overlay-gradient":""}},"ast-content-background-meta":{"desktop":{"background-color":"var(--ast-global-color-4)","background-image":"","background-repeat":"repeat","background-position":"center center","background-size":"auto","background-attachment":"scroll","background-type":"","background-media":"","overlay-type":"","overlay-color":"","overlay-opacity":"","overlay-gradient":""},"tablet":{"background-color":"var(--ast-global-color-4)","background-image":"","background-repeat":"repeat","background-position":"center center","background-size":"auto","background-attachment":"scroll","background-type":"","background-media":"","overlay-type":"","overlay-color":"","overlay-opacity":"","overlay-gradient":""},"mobile":{"background-color":"var(--ast-global-color-4)","background-image":"","background-repeat":"repeat","background-position":"center center","background-size":"auto","background-attachment":"scroll","background-type":"","background-media":"","overlay-type":"","overlay-color":"","overlay-opacity":"","overlay-gradient":""}},"footnotes":""},"class_list":["post-1275","page","type-page","status-publish","hentry"],"yoast_head":"<!-- This site is optimized with the Yoast SEO Premium plugin v25.9 (Yoast SEO v27.4) - https:\/\/yoast.com\/product\/yoast-seo-premium-wordpress\/ -->\n<title>DMCA - Unfreeze Tools<\/title>\n<meta name=\"description\" content=\"Upon receiving a valid DMCA notice, we will promptly investigate the claim and remove or disable access to the allegedly infringing material.\" \/>\n<meta name=\"robots\" content=\"index, follow, max-snippet:-1, max-image-preview:large, max-video-preview:-1\" \/>\n<link rel=\"canonical\" href=\"https:\/\/unfreezetools.com\/fr\/dmca\/\" \/>\n<meta property=\"og:locale\" content=\"fr_FR\" \/>\n<meta property=\"og:type\" content=\"article\" \/>\n<meta property=\"og:title\" content=\"DMCA\" \/>\n<meta property=\"og:description\" content=\"Upon receiving a valid DMCA notice, we will promptly investigate the claim and remove or disable access to the allegedly infringing material.\" \/>\n<meta property=\"og:url\" content=\"https:\/\/unfreezetools.com\/fr\/dmca\/\" \/>\n<meta property=\"og:site_name\" content=\"Unfreeze Tools\" \/>\n<meta property=\"article:modified_time\" content=\"2025-11-19T19:53:24+00:00\" \/>\n<meta name=\"twitter:card\" content=\"summary_large_image\" \/>\n<meta name=\"twitter:label1\" content=\"Dur\u00e9e de lecture estim\u00e9e\" \/>\n\t<meta name=\"twitter:data1\" content=\"2 minutes\" \/>\n<!-- \/ Yoast SEO Premium plugin. -->","yoast_head_json":{"title":"DMCA - Unfreeze Tools","description":"D\u00e8s r\u00e9ception d'une notification DMCA valide, nous enqu\u00eaterons rapidement sur la r\u00e9clamation et supprimerons ou d\u00e9sactiverons l'acc\u00e8s au contenu pr\u00e9tendument contrefait.","robots":{"index":"index","follow":"follow","max-snippet":"max-snippet:-1","max-image-preview":"max-image-preview:large","max-video-preview":"max-video-preview:-1"},"canonical":"https:\/\/unfreezetools.com\/fr\/dmca\/","og_locale":"fr_FR","og_type":"article","og_title":"DMCA","og_description":"Upon receiving a valid DMCA notice, we will promptly investigate the claim and remove or disable access to the allegedly infringing material.","og_url":"https:\/\/unfreezetools.com\/fr\/dmca\/","og_site_name":"Unfreeze Tools","article_modified_time":"2025-11-19T19:53:24+00:00","twitter_card":"summary_large_image","twitter_misc":{"Dur\u00e9e de lecture estim\u00e9e":"2 minutes"},"schema":{"@context":"https:\/\/schema.org","@graph":[{"@type":"WebPage","@id":"https:\/\/unfreezetools.com\/dmca\/","url":"https:\/\/unfreezetools.com\/dmca\/","name":"DMCA - Unfreeze Tools","isPartOf":{"@id":"https:\/\/unfreezetools.com\/#website"},"datePublished":"2025-11-06T12:37:19+00:00","dateModified":"2025-11-19T19:53:24+00:00","description":"D\u00e8s r\u00e9ception d'une notification DMCA valide, nous enqu\u00eaterons rapidement sur la r\u00e9clamation et supprimerons ou d\u00e9sactiverons l'acc\u00e8s au contenu pr\u00e9tendument contrefait.","breadcrumb":{"@id":"https:\/\/unfreezetools.com\/dmca\/#breadcrumb"},"inLanguage":"fr-FR","potentialAction":[{"@type":"ReadAction","target":["https:\/\/unfreezetools.com\/dmca\/"]}]},{"@type":"BreadcrumbList","@id":"https:\/\/unfreezetools.com\/dmca\/#breadcrumb","itemListElement":[{"@type":"ListItem","position":1,"name":"Home","item":"https:\/\/unfreezetools.com\/"},{"@type":"ListItem","position":2,"name":"DMCA"}]},{"@type":"WebSite","@id":"https:\/\/unfreezetools.com\/#website","url":"https:\/\/unfreezetools.com\/","name":"Outils de d\u00e9gel","description":"Best Social Tools","publisher":{"@id":"https:\/\/unfreezetools.com\/#\/schema\/person\/b60e2d9e402efc937240f42bd6ac1912"},"potentialAction":[{"@type":"SearchAction","target":{"@type":"EntryPoint","urlTemplate":"https:\/\/unfreezetools.com\/?s={search_term_string}"},"query-input":{"@type":"PropertyValueSpecification","valueRequired":true,"valueName":"search_term_string"}}],"inLanguage":"fr-FR"},{"@type":["Person","Organization"],"@id":"https:\/\/unfreezetools.com\/#\/schema\/person\/b60e2d9e402efc937240f42bd6ac1912","name":"Mohammed Yousaf","image":{"@type":"ImageObject","inLanguage":"fr-FR","@id":"https:\/\/unfreezetools.com\/wp-content\/uploads\/2025\/11\/LOGO.png","url":"https:\/\/unfreezetools.com\/wp-content\/uploads\/2025\/11\/LOGO.png","contentUrl":"https:\/\/unfreezetools.com\/wp-content\/uploads\/2025\/11\/LOGO.png","width":762,"height":110,"caption":"Mohammad Yousaf"},"logo":{"@id":"https:\/\/unfreezetools.com\/wp-content\/uploads\/2025\/11\/LOGO.png"},"sameAs":["https:\/\/unfreezetools.com"]}]}},"_links":{"self":[{"href":"https:\/\/unfreezetools.com\/fr\/wp-json\/wp\/v2\/pages\/1275","targetHints":{"allow":["GET"]}}],"collection":[{"href":"https:\/\/unfreezetools.com\/fr\/wp-json\/wp\/v2\/pages"}],"about":[{"href":"https:\/\/unfreezetools.com\/fr\/wp-json\/wp\/v2\/types\/page"}],"author":[{"embeddable":true,"href":"https:\/\/unfreezetools.com\/fr\/wp-json\/wp\/v2\/users\/1"}],"replies":[{"embeddable":true,"href":"https:\/\/unfreezetools.com\/fr\/wp-json\/wp\/v2\/comments?post=1275"}],"version-history":[{"count":0,"href":"https:\/\/unfreezetools.com\/fr\/wp-json\/wp\/v2\/pages\/1275\/revisions"}],"wp:attachment":[{"href":"https:\/\/unfreezetools.com\/fr\/wp-json\/wp\/v2\/media?parent=1275"}],"curies":[{"name":"wp","href":"https:\/\/api.w.org\/{rel}","templated":true}]}}