{"id":13,"date":"2025-02-26T17:04:36","date_gmt":"2025-02-26T17:04:36","guid":{"rendered":"https:\/\/unfreezetools.com\/?page_id=13"},"modified":"2025-11-29T10:36:58","modified_gmt":"2025-11-29T10:36:58","slug":"about","status":"publish","type":"page","link":"https:\/\/unfreezetools.com\/fr\/about\/","title":{"rendered":"\u00c0 propos"},"content":{"rendered":"<p><strong>Bienvenue sur Unfreeze Tools \u2014 votre plateforme tout-en-un pour des outils en ligne gratuits, fiables et s\u00e9curis\u00e9s pour les m\u00e9dias sociaux, l'IA et la productivit\u00e9.<\/strong><\/p>\n<p>\u00c0 <strong>Outils de d\u00e9gel<\/strong>Nous avons \u00e0 c\u0153ur de simplifier la vie num\u00e9rique. Notre mission est de donner aux cr\u00e9ateurs, aux sp\u00e9cialistes du marketing et aux utilisateurs de tous les jours les moyens d'agir en leur fournissant des outils web faciles \u00e0 utiliser, tels que des outils d'IA performants, des outils de productivit\u00e9, des calculatrices pratiques et des outils sociaux\u00a0\u2014 le tout au m\u00eame endroit et enti\u00e8rement gratuit.<\/p>\n<p>Nous nous concentrons sur la fourniture d'exp\u00e9riences fluides, s\u00fbres et performantes qui vous permettent de gagner du temps et d'\u00e9conomiser vos efforts.<\/p>\n<hr \/>\n<h3><strong>Notre mission<\/strong><\/h3>\n<p>Notre mission est simple : <strong>d\u00e9gel des limitations<\/strong> sur le web.<br \/>\nNous pensons que les outils num\u00e9riques utiles devraient \u00eatre\u00a0:<\/p>\n<ul>\n<li><strong>Gratuit<\/strong> et accessible \u00e0 tous.<\/li>\n<li><strong>Rapide<\/strong>, s\u00e9curis\u00e9 et facile \u00e0 utiliser.<\/li>\n<li><strong>S\u00fbr<\/strong>, dans le respect des lois sur le droit d'auteur et la protection de la vie priv\u00e9e.<\/li>\n<\/ul>\n<p>Que vous souhaitiez calculer votre temps de productivit\u00e9 ou g\u00e9n\u00e9rer votre nouvelle bio Instagram gr\u00e2ce \u00e0 un g\u00e9n\u00e9rateur de nom d'entreprise IA, Unfreeze Tools r\u00e9unit toutes ces fonctionnalit\u00e9s sur une seule plateforme de confiance.<\/p>\n<hr \/>\n<h3><strong>Ce que nous proposons<\/strong><\/h3>\n<p>Nous proposons une collection croissante d'outils et d'utilitaires pour les plateformes sociales populaires, notamment\u00a0:<\/p>\n<ul>\n<li><strong>Outils sociaux\u00a0:<\/strong> De la g\u00e9n\u00e9ration d'id\u00e9es de titres de vid\u00e9os YouTube \u00e0 la cr\u00e9ation de bios LinkedIn, nos outils d'IA vous accompagnent.<\/li>\n<li><strong>Calculatrices : <\/strong>Que vous ayez besoin d'un calculateur de partage de facture ou d'un calculateur de r\u00e9duction sur ch\u00e8que, nous sommes l\u00e0 pour vous proposer une large gamme de calculateurs utiles.<\/li>\n<li><strong>Outils d'IA\u00a0: <\/strong>De la g\u00e9n\u00e9ration de noms d'entreprise par IA \u00e0 l'aide \u00e0 la g\u00e9n\u00e9ration d'id\u00e9es de contenu gr\u00e2ce \u00e0 nos puissants outils d'IA gratuits.<\/li>\n<\/ul>\n<p>Tous nos outils sont <strong>bas\u00e9 sur navigateur<\/strong>Cela signifie que vous n'avez besoin d'installer aucun logiciel ni extension. Il suffit d'ouvrir, de coller et de traiter\u00a0: c'est aussi simple que cela.<\/p>\n<hr \/>\n<h3><strong>Pourquoi nous choisir ?<\/strong><\/h3>\n<ul>\n<li><strong>Outils 100% gratuits\u00a0:<\/strong> Aucun frais cach\u00e9 ni inscription.<\/li>\n<li><strong>Rapide et s\u00e9curis\u00e9 :<\/strong> Des serveurs optimis\u00e9s et une protection SSL garantissent votre s\u00e9curit\u00e9.<\/li>\n<li><strong>Interface conviviale\u00a0:<\/strong> Mise en page simple pour une navigation fluide.<\/li>\n<li><strong>Mises \u00e0 jour r\u00e9guli\u00e8res\u00a0:<\/strong> Des outils constamment am\u00e9lior\u00e9s en termes de performance et de compatibilit\u00e9.<\/li>\n<li>\ud83d\udcf1 <strong>Adapt\u00e9 aux mobiles\u00a0:<\/strong> Fonctionne parfaitement sur tous les appareils : t\u00e9l\u00e9phone, tablette ou ordinateur.<\/li>\n<\/ul>\n<p>Nous avons cr\u00e9\u00e9 Unfreeze Tools pour <strong>tout le monde<\/strong>, des cr\u00e9ateurs de contenu et gestionnaires de m\u00e9dias sociaux aux utilisateurs occasionnels qui souhaitent simplement un acc\u00e8s rapide aux services en ligne.<\/p>\n<hr \/>\n<h3><strong>Notre engagement en mati\u00e8re de s\u00e9curit\u00e9 et de conformit\u00e9<\/strong><\/h3>\n<p>Chez Unfreeze Tools, la confiance des utilisateurs et la conformit\u00e9 de la plateforme sont nos priorit\u00e9s absolues.<br \/>\nNous respectons scrupuleusement les r\u00e8gles suivantes\u00a0:<\/p>\n<ul>\n<li><strong>R\u00e8gles relatives au contenu et aux webmasters de Google AdSense<\/strong><\/li>\n<li><strong>Conditions d'utilisation des plateformes (TikTok, YouTube, Instagram, etc.)<\/strong><\/li>\n<li><strong>Lois sur le droit d'auteur et l'utilisation \u00e9quitable<\/strong><\/li>\n<\/ul>\n<p>Nous <strong>ne pas h\u00e9berger ni stocker<\/strong> Mat\u00e9riel prot\u00e9g\u00e9 par le droit d'auteur. Cependant, les services tiers que nous utilisons (tels que les fournisseurs d'h\u00e9bergement, les outils d'analyse et les partenaires publicitaires) peuvent collecter automatiquement des informations techniques standard comme l'adresse IP, le type de navigateur, les d\u00e9tails de l'appareil et les cookies.<br \/>\nNos outils sont destin\u00e9s \u00e0 <strong>utilisation personnelle, \u00e9ducative et \u00e9quitable<\/strong> seulement.<\/p>\n<hr \/>\n<h3><strong>Transparence et \u00e9thique<\/strong><\/h3>\n<p>Nous croyons en la transparence, la simplicit\u00e9 et l'honn\u00eatet\u00e9.<br \/>\nChaque fonctionnalit\u00e9 que nous publions est examin\u00e9e selon les crit\u00e8res suivants\u00a0:<\/p>\n<ul>\n<li>S\u00e9curit\u00e9 et fonctionnalit\u00e9<\/li>\n<li>Conformit\u00e9 l\u00e9gale<\/li>\n<li>Normes relatives \u00e0 la publicit\u00e9 et \u00e0 la politique de contenu<\/li>\n<\/ul>\n<p>Notre objectif \u00e0 long terme est de rendre <strong>Outils de d\u00e9gel<\/strong> Une bo\u00eete \u00e0 outils num\u00e9rique de confiance pour les cr\u00e9ateurs et les internautes du monde entier.<\/p>\n<hr \/>\n<h3><strong>Contactez-nous<\/strong><\/h3>\n<p>Nous adorons recevoir des nouvelles de nos utilisateurs !<br \/>\nSi vous avez des commentaires, des suggestions, des opportunit\u00e9s de partenariat ou des pr\u00e9occupations, n'h\u00e9sitez pas \u00e0 nous contacter\u00a0:<\/p>\n<p>\ud83d\udce7 <strong><a href=\"mailto:unfreezetools@gmail.com\">unfreezetools@gmail.com<\/a><\/strong><br \/>\n\ud83c\udf10 <strong><a href=\"https:\/\/unfreezetools.com\/fr\/\">https:\/\/unfreezetools.com<\/a><\/strong><\/p>\n<hr \/>\n<h3><strong>Merci<\/strong><\/h3>\n<p>Merci d'avoir choisi <strong>Outils de d\u00e9gel<\/strong> \u2014<br \/>\nL\u00e0 o\u00f9 l'innovation rencontre la simplicit\u00e9, et o\u00f9 chaque clic vous aide \u00e0 d\u00e9bloquer de nouvelles possibilit\u00e9s sur le web.<\/p>\n<p>Nous am\u00e9liorons et \u00e9largissons constamment notre bo\u00eete \u00e0 outils \u2014 restez connect\u00e9s pour plus de mises \u00e0 jour, de nouveaux outils et de fonctionnalit\u00e9s int\u00e9ressantes con\u00e7ues pour rendre votre exp\u00e9rience en ligne plus fluide et plus intelligente.<\/p>\n<p>Tous les outils sont destin\u00e9s \u00e0 un usage \u00e9ducatif et personnel uniquement. Nous ne sommes affili\u00e9s ni \u00e0 TikTok, ni \u00e0 YouTube, ni \u00e0 aucune autre plateforme mentionn\u00e9e. Veuillez les utiliser de mani\u00e8re responsable et respecter les droits d'auteur.<\/p>","protected":false},"excerpt":{"rendered":"<p>Welcome to Unfreeze Tools \u2014 your all-in-one hub for free, reliable, and secure online tools for social media, ai and [&hellip;]<\/p>","protected":false},"author":1,"featured_media":0,"parent":0,"menu_order":0,"comment_status":"closed","ping_status":"closed","template":"","meta":{"site-sidebar-layout":"default","site-content-layout":"","ast-site-content-layout":"default","site-content-style":"default","site-sidebar-style":"default","ast-global-header-display":"","ast-banner-title-visibility":"","ast-main-header-display":"","ast-hfb-above-header-display":"","ast-hfb-below-header-display":"","ast-hfb-mobile-header-display":"","site-post-title":"","ast-breadcrumbs-content":"","ast-featured-img":"","footer-sml-layout":"","ast-disable-related-posts":"","theme-transparent-header-meta":"default","adv-header-id-meta":"","stick-header-meta":"","header-above-stick-meta":"","header-main-stick-meta":"","header-below-stick-meta":"","astra-migrate-meta-layouts":"set","ast-page-background-enabled":"default","ast-page-background-meta":{"desktop":{"background-color":"var(--ast-global-color-5)","background-image":"","background-repeat":"repeat","background-position":"center center","background-size":"auto","background-attachment":"scroll","background-type":"","background-media":"","overlay-type":"","overlay-color":"","overlay-opacity":"","overlay-gradient":""},"tablet":{"background-color":"","background-image":"","background-repeat":"repeat","background-position":"center center","background-size":"auto","background-attachment":"scroll","background-type":"","background-media":"","overlay-type":"","overlay-color":"","overlay-opacity":"","overlay-gradient":""},"mobile":{"background-color":"","background-image":"","background-repeat":"repeat","background-position":"center center","background-size":"auto","background-attachment":"scroll","background-type":"","background-media":"","overlay-type":"","overlay-color":"","overlay-opacity":"","overlay-gradient":""}},"ast-content-background-meta":{"desktop":{"background-color":"var(--ast-global-color-4)","background-image":"","background-repeat":"repeat","background-position":"center center","background-size":"auto","background-attachment":"scroll","background-type":"","background-media":"","overlay-type":"","overlay-color":"","overlay-opacity":"","overlay-gradient":""},"tablet":{"background-color":"var(--ast-global-color-4)","background-image":"","background-repeat":"repeat","background-position":"center center","background-size":"auto","background-attachment":"scroll","background-type":"","background-media":"","overlay-type":"","overlay-color":"","overlay-opacity":"","overlay-gradient":""},"mobile":{"background-color":"var(--ast-global-color-4)","background-image":"","background-repeat":"repeat","background-position":"center center","background-size":"auto","background-attachment":"scroll","background-type":"","background-media":"","overlay-type":"","overlay-color":"","overlay-opacity":"","overlay-gradient":""}},"footnotes":""},"class_list":["post-13","page","type-page","status-publish","hentry"],"yoast_head":"<!-- This site is optimized with the Yoast SEO Premium plugin v25.9 (Yoast SEO v27.4) - https:\/\/yoast.com\/product\/yoast-seo-premium-wordpress\/ -->\n<title>About - Unfreeze Tools<\/title>\n<meta name=\"description\" content=\"Unfreeze tools is the website where you can find best online social tools that increase your productivity and smooth work flow.\" \/>\n<meta name=\"robots\" content=\"index, follow, max-snippet:-1, max-image-preview:large, max-video-preview:-1\" \/>\n<link rel=\"canonical\" href=\"https:\/\/unfreezetools.com\/fr\/about\/\" \/>\n<meta property=\"og:locale\" content=\"fr_FR\" \/>\n<meta property=\"og:type\" content=\"article\" \/>\n<meta property=\"og:title\" content=\"About\" \/>\n<meta property=\"og:description\" content=\"Unfreeze tools is the website where you can find best online social tools that increase your productivity and smooth work flow.\" \/>\n<meta property=\"og:url\" content=\"https:\/\/unfreezetools.com\/fr\/about\/\" \/>\n<meta property=\"og:site_name\" content=\"Unfreeze Tools\" \/>\n<meta property=\"article:modified_time\" content=\"2025-11-29T10:36:58+00:00\" \/>\n<meta name=\"twitter:card\" content=\"summary_large_image\" \/>\n<meta name=\"twitter:label1\" content=\"Dur\u00e9e de lecture estim\u00e9e\" \/>\n\t<meta name=\"twitter:data1\" content=\"3 minutes\" \/>\n<!-- \/ Yoast SEO Premium plugin. -->","yoast_head_json":{"title":"About - Unfreeze Tools","description":"Unfreeze tools is the website where you can find best online social tools that increase your productivity and smooth work flow.","robots":{"index":"index","follow":"follow","max-snippet":"max-snippet:-1","max-image-preview":"max-image-preview:large","max-video-preview":"max-video-preview:-1"},"canonical":"https:\/\/unfreezetools.com\/fr\/about\/","og_locale":"fr_FR","og_type":"article","og_title":"About","og_description":"Unfreeze tools is the website where you can find best online social tools that increase your productivity and smooth work flow.","og_url":"https:\/\/unfreezetools.com\/fr\/about\/","og_site_name":"Unfreeze Tools","article_modified_time":"2025-11-29T10:36:58+00:00","twitter_card":"summary_large_image","twitter_misc":{"Dur\u00e9e de lecture estim\u00e9e":"3 minutes"},"schema":{"@context":"https:\/\/schema.org","@graph":[{"@type":"WebPage","@id":"https:\/\/unfreezetools.com\/about\/","url":"https:\/\/unfreezetools.com\/about\/","name":"About - Unfreeze Tools","isPartOf":{"@id":"https:\/\/unfreezetools.com\/#website"},"datePublished":"2025-02-26T17:04:36+00:00","dateModified":"2025-11-29T10:36:58+00:00","description":"Unfreeze tools is the website where you can find best online social tools that increase your productivity and smooth work flow.","breadcrumb":{"@id":"https:\/\/unfreezetools.com\/about\/#breadcrumb"},"inLanguage":"fr-FR","potentialAction":[{"@type":"ReadAction","target":["https:\/\/unfreezetools.com\/about\/"]}]},{"@type":"BreadcrumbList","@id":"https:\/\/unfreezetools.com\/about\/#breadcrumb","itemListElement":[{"@type":"ListItem","position":1,"name":"Home","item":"https:\/\/unfreezetools.com\/"},{"@type":"ListItem","position":2,"name":"About"}]},{"@type":"WebSite","@id":"https:\/\/unfreezetools.com\/#website","url":"https:\/\/unfreezetools.com\/","name":"Outils de d\u00e9gel","description":"Best Social Tools","publisher":{"@id":"https:\/\/unfreezetools.com\/#\/schema\/person\/b60e2d9e402efc937240f42bd6ac1912"},"potentialAction":[{"@type":"SearchAction","target":{"@type":"EntryPoint","urlTemplate":"https:\/\/unfreezetools.com\/?s={search_term_string}"},"query-input":{"@type":"PropertyValueSpecification","valueRequired":true,"valueName":"search_term_string"}}],"inLanguage":"fr-FR"},{"@type":["Person","Organization"],"@id":"https:\/\/unfreezetools.com\/#\/schema\/person\/b60e2d9e402efc937240f42bd6ac1912","name":"Mohammed Yousaf","image":{"@type":"ImageObject","inLanguage":"fr-FR","@id":"https:\/\/unfreezetools.com\/wp-content\/uploads\/2025\/11\/LOGO.png","url":"https:\/\/unfreezetools.com\/wp-content\/uploads\/2025\/11\/LOGO.png","contentUrl":"https:\/\/unfreezetools.com\/wp-content\/uploads\/2025\/11\/LOGO.png","width":762,"height":110,"caption":"Mohammad Yousaf"},"logo":{"@id":"https:\/\/unfreezetools.com\/wp-content\/uploads\/2025\/11\/LOGO.png"},"sameAs":["https:\/\/unfreezetools.com"]}]}},"_links":{"self":[{"href":"https:\/\/unfreezetools.com\/fr\/wp-json\/wp\/v2\/pages\/13","targetHints":{"allow":["GET"]}}],"collection":[{"href":"https:\/\/unfreezetools.com\/fr\/wp-json\/wp\/v2\/pages"}],"about":[{"href":"https:\/\/unfreezetools.com\/fr\/wp-json\/wp\/v2\/types\/page"}],"author":[{"embeddable":true,"href":"https:\/\/unfreezetools.com\/fr\/wp-json\/wp\/v2\/users\/1"}],"replies":[{"embeddable":true,"href":"https:\/\/unfreezetools.com\/fr\/wp-json\/wp\/v2\/comments?post=13"}],"version-history":[{"count":2,"href":"https:\/\/unfreezetools.com\/fr\/wp-json\/wp\/v2\/pages\/13\/revisions"}],"predecessor-version":[{"id":2541,"href":"https:\/\/unfreezetools.com\/fr\/wp-json\/wp\/v2\/pages\/13\/revisions\/2541"}],"wp:attachment":[{"href":"https:\/\/unfreezetools.com\/fr\/wp-json\/wp\/v2\/media?parent=13"}],"curies":[{"name":"wp","href":"https:\/\/api.w.org\/{rel}","templated":true}]}}