{"id":16,"date":"2025-02-26T17:04:48","date_gmt":"2025-02-26T17:04:48","guid":{"rendered":"https:\/\/unfreezetools.com\/?page_id=16"},"modified":"2025-11-29T10:24:36","modified_gmt":"2025-11-29T10:24:36","slug":"contact","status":"publish","type":"page","link":"https:\/\/unfreezetools.com\/fr\/contact\/","title":{"rendered":"Contact"},"content":{"rendered":"<h3 data-start=\"112\" data-end=\"137\">Nous sommes l\u00e0 pour vous aider !<\/h3>\n<p data-start=\"139\" data-end=\"545\">Chez Unfreeze Tools, votre satisfaction est notre priorit\u00e9. Que vous ayez une question, que vous rencontriez un probl\u00e8me ou que vous ayez simplement besoin d'aide pour utiliser nos outils, notre \u00e9quipe d'assistance d\u00e9di\u00e9e est toujours pr\u00eate \u00e0 vous accompagner. Nous savons que la r\u00e9cup\u00e9ration de compte, l'optimisation de contenu ou l'utilisation de nos outils peuvent parfois sembler complexes, et nous sommes l\u00e0 pour vous simplifier la t\u00e2che au maximum.<\/p>\n<p data-start=\"547\" data-end=\"583\"><strong data-start=\"547\" data-end=\"557\">E-mail:<\/strong> <a class=\"decorated-link cursor-pointer\" rel=\"noopener\" data-start=\"558\" data-end=\"581\">unfreezetools@gmail.com<\/a><\/p>\n<p data-start=\"585\" data-end=\"878\">Quel que soit le probl\u00e8me rencontr\u00e9 \u2013 que vous ayez des difficult\u00e9s \u00e0 utiliser nos calculateurs, nos outils ou tout autre probl\u00e8me li\u00e9 \u00e0 notre site web.<\/p>\n<p data-start=\"880\" data-end=\"1211\">Votre satisfaction, votre s\u00e9curit\u00e9 et votre r\u00e9ussite sont nos priorit\u00e9s absolues. N'h\u00e9sitez pas \u00e0 nous contacter pour obtenir des conseils, des pr\u00e9cisions ou simplement des astuces pour tirer le meilleur parti de nos outils. Nous nous engageons \u00e0 simplifier votre parcours afin que vous puissiez vous concentrer sur la cr\u00e9ation, le d\u00e9veloppement et le plaisir de votre exp\u00e9rience sociale en toute confiance.<\/p>\n<p data-start=\"1213\" data-end=\"1277\">Merci de faire confiance \u00e0 Unfreeze Tools \u2014 nous sommes toujours l\u00e0 pour vous !<\/p>","protected":false},"excerpt":{"rendered":"<p>We\u2019re Here to Help! At Unfreeze Tools, your experience matters most to us. Whether you have a question, encounter a [&hellip;]<\/p>","protected":false},"author":1,"featured_media":0,"parent":0,"menu_order":0,"comment_status":"closed","ping_status":"closed","template":"","meta":{"site-sidebar-layout":"default","site-content-layout":"","ast-site-content-layout":"default","site-content-style":"default","site-sidebar-style":"default","ast-global-header-display":"","ast-banner-title-visibility":"","ast-main-header-display":"","ast-hfb-above-header-display":"","ast-hfb-below-header-display":"","ast-hfb-mobile-header-display":"","site-post-title":"","ast-breadcrumbs-content":"","ast-featured-img":"","footer-sml-layout":"","ast-disable-related-posts":"","theme-transparent-header-meta":"default","adv-header-id-meta":"","stick-header-meta":"","header-above-stick-meta":"","header-main-stick-meta":"","header-below-stick-meta":"","astra-migrate-meta-layouts":"set","ast-page-background-enabled":"default","ast-page-background-meta":{"desktop":{"background-color":"var(--ast-global-color-5)","background-image":"","background-repeat":"repeat","background-position":"center center","background-size":"auto","background-attachment":"scroll","background-type":"","background-media":"","overlay-type":"","overlay-color":"","overlay-opacity":"","overlay-gradient":""},"tablet":{"background-color":"","background-image":"","background-repeat":"repeat","background-position":"center center","background-size":"auto","background-attachment":"scroll","background-type":"","background-media":"","overlay-type":"","overlay-color":"","overlay-opacity":"","overlay-gradient":""},"mobile":{"background-color":"","background-image":"","background-repeat":"repeat","background-position":"center center","background-size":"auto","background-attachment":"scroll","background-type":"","background-media":"","overlay-type":"","overlay-color":"","overlay-opacity":"","overlay-gradient":""}},"ast-content-background-meta":{"desktop":{"background-color":"var(--ast-global-color-4)","background-image":"","background-repeat":"repeat","background-position":"center center","background-size":"auto","background-attachment":"scroll","background-type":"","background-media":"","overlay-type":"","overlay-color":"","overlay-opacity":"","overlay-gradient":""},"tablet":{"background-color":"var(--ast-global-color-4)","background-image":"","background-repeat":"repeat","background-position":"center center","background-size":"auto","background-attachment":"scroll","background-type":"","background-media":"","overlay-type":"","overlay-color":"","overlay-opacity":"","overlay-gradient":""},"mobile":{"background-color":"var(--ast-global-color-4)","background-image":"","background-repeat":"repeat","background-position":"center center","background-size":"auto","background-attachment":"scroll","background-type":"","background-media":"","overlay-type":"","overlay-color":"","overlay-opacity":"","overlay-gradient":""}},"footnotes":""},"class_list":["post-16","page","type-page","status-publish","hentry"],"yoast_head":"<!-- This site is optimized with the Yoast SEO Premium plugin v25.9 (Yoast SEO v27.4) - https:\/\/yoast.com\/product\/yoast-seo-premium-wordpress\/ -->\n<title>Contact - Unfreeze Tools<\/title>\n<meta name=\"description\" content=\"Get in touch with the Unfreeze Tools team! For questions, feedback, or support related to our social media tools, reach out to us anytime.\" \/>\n<meta name=\"robots\" content=\"index, follow, max-snippet:-1, max-image-preview:large, max-video-preview:-1\" \/>\n<link rel=\"canonical\" href=\"https:\/\/unfreezetools.com\/fr\/contact\/\" \/>\n<meta property=\"og:locale\" content=\"fr_FR\" \/>\n<meta property=\"og:type\" content=\"article\" \/>\n<meta property=\"og:title\" content=\"Contact\" \/>\n<meta property=\"og:description\" content=\"Get in touch with the Unfreeze Tools team! For questions, feedback, or support related to our social media tools, reach out to us anytime.\" \/>\n<meta property=\"og:url\" content=\"https:\/\/unfreezetools.com\/fr\/contact\/\" \/>\n<meta property=\"og:site_name\" content=\"Unfreeze Tools\" \/>\n<meta property=\"article:modified_time\" content=\"2025-11-29T10:24:36+00:00\" \/>\n<meta name=\"twitter:card\" content=\"summary_large_image\" \/>\n<meta name=\"twitter:label1\" content=\"Dur\u00e9e de lecture estim\u00e9e\" \/>\n\t<meta name=\"twitter:data1\" content=\"1 minute\" \/>\n<!-- \/ Yoast SEO Premium plugin. -->","yoast_head_json":{"title":"Contact - Unfreeze Tools","description":"Get in touch with the Unfreeze Tools team! For questions, feedback, or support related to our social media tools, reach out to us anytime.","robots":{"index":"index","follow":"follow","max-snippet":"max-snippet:-1","max-image-preview":"max-image-preview:large","max-video-preview":"max-video-preview:-1"},"canonical":"https:\/\/unfreezetools.com\/fr\/contact\/","og_locale":"fr_FR","og_type":"article","og_title":"Contact","og_description":"Get in touch with the Unfreeze Tools team! For questions, feedback, or support related to our social media tools, reach out to us anytime.","og_url":"https:\/\/unfreezetools.com\/fr\/contact\/","og_site_name":"Unfreeze Tools","article_modified_time":"2025-11-29T10:24:36+00:00","twitter_card":"summary_large_image","twitter_misc":{"Dur\u00e9e de lecture estim\u00e9e":"1 minute"},"schema":{"@context":"https:\/\/schema.org","@graph":[{"@type":"WebPage","@id":"https:\/\/unfreezetools.com\/contact\/","url":"https:\/\/unfreezetools.com\/contact\/","name":"Contact - Unfreeze Tools","isPartOf":{"@id":"https:\/\/unfreezetools.com\/#website"},"datePublished":"2025-02-26T17:04:48+00:00","dateModified":"2025-11-29T10:24:36+00:00","description":"Get in touch with the Unfreeze Tools team! For questions, feedback, or support related to our social media tools, reach out to us anytime.","breadcrumb":{"@id":"https:\/\/unfreezetools.com\/contact\/#breadcrumb"},"inLanguage":"fr-FR","potentialAction":[{"@type":"ReadAction","target":["https:\/\/unfreezetools.com\/contact\/"]}]},{"@type":"BreadcrumbList","@id":"https:\/\/unfreezetools.com\/contact\/#breadcrumb","itemListElement":[{"@type":"ListItem","position":1,"name":"Home","item":"https:\/\/unfreezetools.com\/"},{"@type":"ListItem","position":2,"name":"Contact"}]},{"@type":"WebSite","@id":"https:\/\/unfreezetools.com\/#website","url":"https:\/\/unfreezetools.com\/","name":"Outils de d\u00e9gel","description":"Best Social Tools","publisher":{"@id":"https:\/\/unfreezetools.com\/#\/schema\/person\/b60e2d9e402efc937240f42bd6ac1912"},"potentialAction":[{"@type":"SearchAction","target":{"@type":"EntryPoint","urlTemplate":"https:\/\/unfreezetools.com\/?s={search_term_string}"},"query-input":{"@type":"PropertyValueSpecification","valueRequired":true,"valueName":"search_term_string"}}],"inLanguage":"fr-FR"},{"@type":["Person","Organization"],"@id":"https:\/\/unfreezetools.com\/#\/schema\/person\/b60e2d9e402efc937240f42bd6ac1912","name":"Mohammed Yousaf","image":{"@type":"ImageObject","inLanguage":"fr-FR","@id":"https:\/\/unfreezetools.com\/wp-content\/uploads\/2025\/11\/LOGO.png","url":"https:\/\/unfreezetools.com\/wp-content\/uploads\/2025\/11\/LOGO.png","contentUrl":"https:\/\/unfreezetools.com\/wp-content\/uploads\/2025\/11\/LOGO.png","width":762,"height":110,"caption":"Mohammad Yousaf"},"logo":{"@id":"https:\/\/unfreezetools.com\/wp-content\/uploads\/2025\/11\/LOGO.png"},"sameAs":["https:\/\/unfreezetools.com"]}]}},"_links":{"self":[{"href":"https:\/\/unfreezetools.com\/fr\/wp-json\/wp\/v2\/pages\/16","targetHints":{"allow":["GET"]}}],"collection":[{"href":"https:\/\/unfreezetools.com\/fr\/wp-json\/wp\/v2\/pages"}],"about":[{"href":"https:\/\/unfreezetools.com\/fr\/wp-json\/wp\/v2\/types\/page"}],"author":[{"embeddable":true,"href":"https:\/\/unfreezetools.com\/fr\/wp-json\/wp\/v2\/users\/1"}],"replies":[{"embeddable":true,"href":"https:\/\/unfreezetools.com\/fr\/wp-json\/wp\/v2\/comments?post=16"}],"version-history":[{"count":2,"href":"https:\/\/unfreezetools.com\/fr\/wp-json\/wp\/v2\/pages\/16\/revisions"}],"predecessor-version":[{"id":2538,"href":"https:\/\/unfreezetools.com\/fr\/wp-json\/wp\/v2\/pages\/16\/revisions\/2538"}],"wp:attachment":[{"href":"https:\/\/unfreezetools.com\/fr\/wp-json\/wp\/v2\/media?parent=16"}],"curies":[{"name":"wp","href":"https:\/\/api.w.org\/{rel}","templated":true}]}}