{"id":20,"date":"2025-02-26T17:06:02","date_gmt":"2025-02-26T17:06:02","guid":{"rendered":"https:\/\/unfreezetools.com\/?page_id=20"},"modified":"2025-11-29T10:45:02","modified_gmt":"2025-11-29T10:45:02","slug":"terms-and-conditions","status":"publish","type":"page","link":"https:\/\/unfreezetools.com\/fr\/terms-and-conditions\/","title":{"rendered":"Termes et conditions"},"content":{"rendered":"<p><strong>Derni\u00e8re mise \u00e0 jour\u00a0:<\/strong> Novembre 2025<\/p>\r\n\r\n\r\n\r\n<p>Bienvenue sur <strong>Outils de d\u00e9gel<\/strong> (accessible \u00e0 <a href=\"https:\/\/unfreezetools.com\/fr\/\">https:\/\/unfreezetools.com<\/a>).<br \/>Les pr\u00e9sentes conditions d\u2019utilisation (\u00ab Conditions \u00bb) r\u00e9gissent votre acc\u00e8s \u00e0 notre site Web, \u00e0 nos outils et \u00e0 nos services, ainsi que leur utilisation.<br \/>En visitant ou en utilisant Unfreeze Tools, vous acceptez d'\u00eatre li\u00e9 par les pr\u00e9sentes conditions d'utilisation. Si vous n'\u00eates pas d'accord, veuillez cesser imm\u00e9diatement d'utiliser notre site web.<\/p>\r\n\r\n\r\n\r\n<h3 id=\"h-1-general-overview\" class=\"wp-block-heading\">1. <strong>Aper\u00e7u g\u00e9n\u00e9ral<\/strong><\/h3>\r\n\r\n\r\n\r\n<p>Unfreeze Tools (\u00ab nous \u00bb, \u00ab notre \u00bb, \u00ab nos \u00bb) est une plateforme en ligne ind\u00e9pendante qui fournit des utilitaires Web gratuits pour un usage personnel, \u00e9ducatif et informatif.<br \/>Notre plateforme propose des utilitaires gratuits bas\u00e9s sur navigateur, tels que des outils d'analyse, des outils d'IA, des calculatrices, des g\u00e9n\u00e9rateurs, des outils de productivit\u00e9 et d'autres fonctionnalit\u00e9s Web.<\/p>\r\n\r\n\r\n\r\n<p>Nous fonctionnons de mani\u00e8re ind\u00e9pendante et sommes <strong>non affili\u00e9 \u00e0 ou approuv\u00e9 par<\/strong> l'une quelconque des plateformes mentionn\u00e9es ou leurs soci\u00e9t\u00e9s m\u00e8res.<\/p>\r\n\r\n\r\n\r\n<h3 id=\"h-2-acceptance-of-terms\" class=\"wp-block-heading\">2. <strong>Acceptation des conditions<\/strong><\/h3>\r\n\r\n\r\n\r\n<p>En acc\u00e9dant \u00e0 ou en utilisant Unfreeze Tools, vous confirmez que\u00a0:<\/p>\r\n\r\n\r\n\r\n<ul class=\"wp-block-list\">\r\n<li>Avoir au moins 13 ans (ou l'\u00e2ge l\u00e9gal dans votre juridiction).<\/li>\r\n\r\n\r\n\r\n<li>Veuillez comprendre et accepter int\u00e9gralement les pr\u00e9sentes conditions d'utilisation.<\/li>\r\n\r\n\r\n\r\n<li>Nous nous conformerons \u00e0 toutes les lois et politiques de plateforme applicables lors de l'utilisation de nos services.<\/li>\r\n<\/ul>\r\n\r\n\r\n\r\n<p>Si vous n'acceptez pas ces conditions, veuillez ne pas utiliser Unfreeze Tools.<\/p>\r\n\r\n\r\n\r\n<h3 id=\"h-3-permitted-use\" class=\"wp-block-heading\">3. <strong>Utilisation autoris\u00e9e<\/strong><\/h3>\r\n\r\n\r\n\r\n<p>Vous acceptez d'utiliser nos outils <strong>uniquement \u00e0 des fins licites<\/strong> et d'une mani\u00e8re compatible avec :<\/p>\r\n\r\n\r\n\r\n<ul class=\"wp-block-list\">\r\n<li>lois locales et internationales applicables<\/li>\r\n\r\n\r\n\r\n<li>Les conditions d'utilisation des plateformes respectives (TikTok, YouTube, Google, etc.)<\/li>\r\n\r\n\r\n\r\n<li>Respect des droits de propri\u00e9t\u00e9 intellectuelle et de la vie priv\u00e9e<\/li>\r\n<\/ul>\r\n\r\n\r\n\r\n<p>Vous pouvez utiliser nos outils pour\u00a0:<\/p>\r\n\r\n\r\n\r\n<ul class=\"wp-block-list\">\r\n<li>\u00c0 des fins personnelles, d'utilisation \u00e9quitable ou \u00e9ducatives<\/li>\r\n\r\n\r\n\r\n<li>Analyse de contenu, calcul des donn\u00e9es et aper\u00e7u public du contenu<\/li>\r\n<\/ul>\r\n\r\n\r\n\r\n<p>Vous pouvez <strong>pas<\/strong> utiliser notre site web ou nos outils pour\u00a0:<\/p>\r\n\r\n\r\n\r\n<ul class=\"wp-block-list\">\r\n<li>T\u00e9l\u00e9charger ou distribuer du mat\u00e9riel prot\u00e9g\u00e9 par le droit d'auteur<\/li>\r\n\r\n\r\n\r\n<li>Utiliser de mani\u00e8re abusive les API de la plateforme ou enfreindre leurs r\u00e8gles<\/li>\r\n\r\n\r\n\r\n<li>Se livrer \u00e0 l'extraction de donn\u00e9es, \u00e0 la collecte automatis\u00e9e de donn\u00e9es ou \u00e0 des activit\u00e9s malveillantes<\/li>\r\n\r\n\r\n\r\n<li>H\u00e9berger, reproduire ou revendre nos outils sans autorisation<\/li>\r\n\r\n\r\n\r\n<li>Diffuser des logiciels malveillants, des spams ou des contenus trompeurs<\/li>\r\n<\/ul>\r\n\r\n\r\n\r\n<h3 id=\"h-4-intellectual-property\" class=\"wp-block-heading\">4. <strong>Propri\u00e9t\u00e9 intellectuelle<\/strong><\/h3>\r\n\r\n\r\n\r\n<p>L'ensemble du contenu, du code et des fonctionnalit\u00e9s disponibles sur Unfreeze Tools \u2014 y compris les logos, la mise en page, le design, les textes et les graphismes \u2014 sont notre propri\u00e9t\u00e9 ou font l'objet d'une licence et sont prot\u00e9g\u00e9s par les lois applicables en mati\u00e8re de propri\u00e9t\u00e9 intellectuelle.<\/p>\r\n\r\n\r\n\r\n<p>Les utilisateurs conservent la propri\u00e9t\u00e9 de tout contenu public qu'ils traitent via nos outils.<br \/>Cependant, <strong>Unfreeze Tools ne revendique aucun droit de propri\u00e9t\u00e9<\/strong> par rapport \u00e0 tout contenu tiers.<\/p>\r\n\r\n\r\n\r\n<p>Vous \u00eates d'accord <strong>ne pas copier, reproduire ou exploiter<\/strong> Toute utilisation commerciale de toute partie de ce site web est interdite sans autorisation \u00e9crite pr\u00e9alable.<\/p>\r\n\r\n\r\n\r\n<h3 id=\"h-5-third-party-platforms-and-content\" class=\"wp-block-heading\">5. <strong>Plateformes et contenus tiers<\/strong><\/h3>\r\n\r\n\r\n\r\n<p>Nos outils peuvent s'appuyer sur des donn\u00e9es accessibles au public provenant de plateformes tierces telles que TikTok, Instagram ou YouTube.<br \/>Nous ne collectons ni ne stockons personnellement aucune donn\u00e9e utilisateur. Cependant, les services tiers que nous utilisons (tels que les fournisseurs d'h\u00e9bergement, les outils d'analyse et les partenaires publicitaires) peuvent collecter automatiquement des informations techniques standard comme l'adresse IP, le type de navigateur, les caract\u00e9ristiques de l'appareil et les cookies.<\/p>\r\n\r\n\r\n\r\n<p>Nous ne faisons aucune d\u00e9claration concernant\u00a0:<\/p>\r\n\r\n\r\n\r\n<ul class=\"wp-block-list\">\r\n<li>La fiabilit\u00e9 ou l'exhaustivit\u00e9 des donn\u00e9es provenant de tiers.<\/li>\r\n\r\n\r\n\r\n<li>La disponibilit\u00e9 continue de toute plateforme ou de tout service.<\/li>\r\n<\/ul>\r\n\r\n\r\n\r\n<p>Il vous incombe de veiller \u00e0 ce que votre utilisation du contenu analys\u00e9 soit conforme aux r\u00e8gles en vigueur. <strong>conditions d'utilisation de la plateforme source<\/strong> et les lois applicables.<\/p>\r\n\r\n\r\n\r\n<h3 id=\"h-6-user-responsibility\" class=\"wp-block-heading\">6. <strong>Responsabilit\u00e9 de l'utilisateur<\/strong><\/h3>\r\n\r\n\r\n\r\n<p>En utilisant Unfreeze Tools, vous reconnaissez et acceptez ce qui suit\u00a0:<\/p>\r\n\r\n\r\n\r\n<ul class=\"wp-block-list\">\r\n<li>Vous \u00eates seul responsable de la mani\u00e8re dont vous utilisez les outils et de tout contenu que vous analysez.<\/li>\r\n\r\n\r\n\r\n<li>Vous vous engagez \u00e0 ne pas utiliser notre plateforme \u00e0 mauvais escient pour enfreindre les droits d'auteur, violer la vie priv\u00e9e ou enfreindre la loi.<\/li>\r\n\r\n\r\n\r\n<li>Vous comprenez que nous facilitons uniquement l'acc\u00e8s aux donn\u00e9es publiques \u2014 nous n'h\u00e9bergeons ni ne distribuons de contenus prot\u00e9g\u00e9s par le droit d'auteur.<\/li>\r\n<\/ul>\r\n\r\n\r\n\r\n<p>Toute cons\u00e9quence juridique li\u00e9e \u00e0 une mauvaise utilisation sera enti\u00e8rement \u00e0 la charge de l'utilisateur.<\/p>\r\n\r\n\r\n\r\n<h3 id=\"h-7-disclaimer-of-warranties\" class=\"wp-block-heading\">7. <strong>Exclusion de garanties<\/strong><\/h3>\r\n\r\n\r\n\r\n<p>Tous les outils et services propos\u00e9s sur Unfreeze Tools sont fournis. <strong>\u00ab tel quel \u00bb<\/strong> et <strong>\u00ab selon disponibilit\u00e9 \u00bb.<\/strong><br \/>Nous le faisons <strong>pas<\/strong> garantie:<\/p>\r\n\r\n\r\n\r\n<ul class=\"wp-block-list\">\r\n<li>Fonctionnement continu ou sans erreur<\/li>\r\n\r\n\r\n\r\n<li>Disponibilit\u00e9 d'outils ou de fonctionnalit\u00e9s sp\u00e9cifiques<\/li>\r\n\r\n\r\n\r\n<li>Exactitude, fiabilit\u00e9 ou exhaustivit\u00e9 des donn\u00e9es trait\u00e9es<\/li>\r\n\r\n\r\n\r\n<li>Compatibilit\u00e9 avec tous les appareils et navigateurs<\/li>\r\n<\/ul>\r\n\r\n\r\n\r\n<p>Dans toute la mesure permise par la loi, Unfreeze Tools d\u00e9cline toute garantie, expresse ou implicite, y compris la garantie d'ad\u00e9quation \u00e0 un usage particulier.<\/p>\r\n\r\n\r\n\r\n<h3 id=\"h-8-limitation-of-liability\" class=\"wp-block-heading\">8. <strong>Limitation de responsabilit\u00e9<\/strong><\/h3>\r\n\r\n\r\n\r\n<p>En aucun cas Unfreeze Tools, son \u00e9quipe, ses affili\u00e9s ou ses partenaires ne pourront \u00eatre tenus responsables de\u00a0:<\/p>\r\n\r\n\r\n\r\n<ul class=\"wp-block-list\">\r\n<li>Dommages directs, indirects, accessoires ou cons\u00e9cutifs<\/li>\r\n\r\n\r\n\r\n<li>Perte de donn\u00e9es, interruption d'activit\u00e9 ou d\u00e9faillance du syst\u00e8me<\/li>\r\n\r\n\r\n\r\n<li>Les dommages r\u00e9sultant de votre utilisation ou de votre incapacit\u00e9 \u00e0 utiliser nos outils<\/li>\r\n<\/ul>\r\n\r\n\r\n\r\n<p>Vous acceptez express\u00e9ment que votre utilisation du site web soit <strong>\u00e0 vos propres risques<\/strong>.<\/p>\r\n\r\n\r\n\r\n<h3 id=\"h-9-third-party-ads-and-cookies\" class=\"wp-block-heading\">9. <strong>Publicit\u00e9s et cookies tiers<\/strong><\/h3>\r\n\r\n\r\n\r\n<p>Notre site web souhaite utiliser <strong>Google AdSense<\/strong> et d'autres services publicitaires tiers pour afficher des publicit\u00e9s pertinentes.<br \/>Ces services peuvent utiliser des cookies pour personnaliser le contenu et mesurer les performances.<br \/>En utilisant notre site, vous consentez \u00e0 l'utilisation de cookies conform\u00e9ment \u00e0 notre politique de confidentialit\u00e9. <a href=\"https:\/\/unfreezetools.com\/fr\/privacy-policy\/\">politique de confidentialit\u00e9<\/a>.<\/p>\r\n\r\n\r\n\r\n<p>Nous ne contr\u00f4lons pas le contenu des publicit\u00e9s de tiers et ne sommes pas responsables des probl\u00e8mes qui pourraient en d\u00e9couler.<\/p>\r\n\r\n\r\n\r\n<h3 id=\"h-10-termination-of-use\" class=\"wp-block-heading\">10. <strong>Cessation d'utilisation<\/strong><\/h3>\r\n\r\n\r\n\r\n<p>Nous nous r\u00e9servons le droit de suspendre, de restreindre ou de r\u00e9silier l'acc\u00e8s \u00e0 tout ou partie d'Unfreeze Tools, \u00e0 notre enti\u00e8re discr\u00e9tion et sans pr\u00e9avis, si\u00a0:<\/p>\r\n\r\n\r\n\r\n<ul class=\"wp-block-list\">\r\n<li>Un utilisateur enfreint les pr\u00e9sentes conditions ou les lois applicables.<\/li>\r\n\r\n\r\n\r\n<li>Le site web fait l'objet de maintenance ou de mises \u00e0 jour de ses politiques.<\/li>\r\n\r\n\r\n\r\n<li>Toute utilisation abusive, tout usage inappropri\u00e9 ou tout probl\u00e8me de s\u00e9curit\u00e9 est d\u00e9tect\u00e9.<\/li>\r\n<\/ul>\r\n\r\n\r\n\r\n<p>En cas de r\u00e9siliation, votre droit d'utiliser nos outils cesse imm\u00e9diatement.<\/p>\r\n\r\n\r\n\r\n<h3 id=\"h-11-changes-to-these-terms\" class=\"wp-block-heading\">11. <strong>Modifications des pr\u00e9sentes conditions<\/strong><\/h3>\r\n\r\n\r\n\r\n<p>Nous pouvons mettre \u00e0 jour ou modifier les pr\u00e9sentes conditions d'utilisation \u00e0 tout moment afin de refl\u00e9ter les changements apport\u00e9s \u00e0 nos services, aux exigences l\u00e9gales ou \u00e0 nos activit\u00e9s commerciales.<br \/>Les conditions mises \u00e0 jour seront publi\u00e9es sur cette page avec une date de \u00ab Derni\u00e8re mise \u00e0 jour \u00bb actualis\u00e9e.<br \/>En continuant \u00e0 utiliser le site web, vous acceptez les conditions g\u00e9n\u00e9rales r\u00e9vis\u00e9es.<\/p>\r\n\r\n\r\n\r\n<h3 id=\"h-12-governing-law\" class=\"wp-block-heading\">12. <strong>Loi applicable<\/strong><\/h3>\r\n\r\n\r\n\r\n<p>Les pr\u00e9sentes conditions g\u00e9n\u00e9rales sont r\u00e9gies et interpr\u00e9t\u00e9es conform\u00e9ment aux lois de votre pays de r\u00e9sidence, sans \u00e9gard aux principes de conflits de lois.<br \/>Tout litige d\u00e9coulant des pr\u00e9sentes conditions g\u00e9n\u00e9rales sera r\u00e9solu conform\u00e9ment \u00e0 la r\u00e9glementation locale applicable.<\/p>\r\n\r\n\r\n\r\n<h3 class=\"wp-block-heading\">13. <strong>Contactez-nous<\/strong><\/h3>\r\n\r\n\r\n\r\n<p>Si vous avez des questions, des pr\u00e9occupations ou des commentaires concernant ces conditions d'utilisation, veuillez nous contacter \u00e0 l'adresse suivante\u00a0:<br \/><a href=\"mailto:unfreezetools@gmail.com\">unfreezetools@gmail.com<\/a><\/p>\r\n\r\n\r\n\r\n<p><strong>En utilisant Unfreeze Tools, vous reconnaissez avoir lu, compris et accept\u00e9 les pr\u00e9sentes Conditions d'utilisation, ainsi que nos <a href=\"https:\/\/unfreezetools.com\/fr\/disclamier\/\">Clause de non-responsabilit\u00e9<\/a> et <a href=\"https:\/\/unfreezetools.com\/fr\/privacy-policy\/\">politique de confidentialit\u00e9<\/a>.<\/strong><\/p>\r\n\r\n\r\n\r\n<p>&nbsp;<\/p>","protected":false},"excerpt":{"rendered":"<p>Last Updated: November 2025 Welcome to Unfreeze Tools (accessible at https:\/\/unfreezetools.com).These Terms of Use (\u201cTerms\u201d) govern your access to and [&hellip;]<\/p>","protected":false},"author":1,"featured_media":0,"parent":0,"menu_order":0,"comment_status":"closed","ping_status":"closed","template":"","meta":{"site-sidebar-layout":"default","site-content-layout":"","ast-site-content-layout":"default","site-content-style":"default","site-sidebar-style":"default","ast-global-header-display":"","ast-banner-title-visibility":"","ast-main-header-display":"","ast-hfb-above-header-display":"","ast-hfb-below-header-display":"","ast-hfb-mobile-header-display":"","site-post-title":"","ast-breadcrumbs-content":"","ast-featured-img":"","footer-sml-layout":"","ast-disable-related-posts":"","theme-transparent-header-meta":"default","adv-header-id-meta":"","stick-header-meta":"","header-above-stick-meta":"","header-main-stick-meta":"","header-below-stick-meta":"","astra-migrate-meta-layouts":"set","ast-page-background-enabled":"default","ast-page-background-meta":{"desktop":{"background-color":"var(--ast-global-color-5)","background-image":"","background-repeat":"repeat","background-position":"center center","background-size":"auto","background-attachment":"scroll","background-type":"","background-media":"","overlay-type":"","overlay-color":"","overlay-opacity":"","overlay-gradient":""},"tablet":{"background-color":"","background-image":"","background-repeat":"repeat","background-position":"center center","background-size":"auto","background-attachment":"scroll","background-type":"","background-media":"","overlay-type":"","overlay-color":"","overlay-opacity":"","overlay-gradient":""},"mobile":{"background-color":"","background-image":"","background-repeat":"repeat","background-position":"center center","background-size":"auto","background-attachment":"scroll","background-type":"","background-media":"","overlay-type":"","overlay-color":"","overlay-opacity":"","overlay-gradient":""}},"ast-content-background-meta":{"desktop":{"background-color":"var(--ast-global-color-4)","background-image":"","background-repeat":"repeat","background-position":"center center","background-size":"auto","background-attachment":"scroll","background-type":"","background-media":"","overlay-type":"","overlay-color":"","overlay-opacity":"","overlay-gradient":""},"tablet":{"background-color":"var(--ast-global-color-4)","background-image":"","background-repeat":"repeat","background-position":"center center","background-size":"auto","background-attachment":"scroll","background-type":"","background-media":"","overlay-type":"","overlay-color":"","overlay-opacity":"","overlay-gradient":""},"mobile":{"background-color":"var(--ast-global-color-4)","background-image":"","background-repeat":"repeat","background-position":"center center","background-size":"auto","background-attachment":"scroll","background-type":"","background-media":"","overlay-type":"","overlay-color":"","overlay-opacity":"","overlay-gradient":""}},"footnotes":""},"class_list":["post-20","page","type-page","status-publish","hentry"],"yoast_head":"<!-- This site is optimized with the Yoast SEO Premium plugin v25.9 (Yoast SEO v27.4) - https:\/\/yoast.com\/product\/yoast-seo-premium-wordpress\/ -->\n<title>Terms and Conditions - Unfreeze Tools<\/title>\n<meta name=\"description\" content=\"Read the Terms of use of Unfreeze Tools to understand the rules, responsibilities, and guidelines for using our free social media tools.\" \/>\n<meta name=\"robots\" content=\"index, follow, max-snippet:-1, max-image-preview:large, max-video-preview:-1\" \/>\n<link rel=\"canonical\" href=\"https:\/\/unfreezetools.com\/fr\/terms-and-conditions\/\" \/>\n<meta property=\"og:locale\" content=\"fr_FR\" \/>\n<meta property=\"og:type\" content=\"article\" \/>\n<meta property=\"og:title\" content=\"Terms and Conditions\" \/>\n<meta property=\"og:description\" content=\"Read the Terms of use of Unfreeze Tools to understand the rules, responsibilities, and guidelines for using our free social media tools.\" \/>\n<meta property=\"og:url\" content=\"https:\/\/unfreezetools.com\/fr\/terms-and-conditions\/\" \/>\n<meta property=\"og:site_name\" content=\"Unfreeze Tools\" \/>\n<meta property=\"article:modified_time\" content=\"2025-11-29T10:45:02+00:00\" \/>\n<meta name=\"twitter:card\" content=\"summary_large_image\" \/>\n<meta name=\"twitter:label1\" content=\"Dur\u00e9e de lecture estim\u00e9e\" \/>\n\t<meta name=\"twitter:data1\" content=\"5 minutes\" \/>\n<!-- \/ Yoast SEO Premium plugin. -->","yoast_head_json":{"title":"Terms and Conditions - Unfreeze Tools","description":"Read the Terms of use of Unfreeze Tools to understand the rules, responsibilities, and guidelines for using our free social media tools.","robots":{"index":"index","follow":"follow","max-snippet":"max-snippet:-1","max-image-preview":"max-image-preview:large","max-video-preview":"max-video-preview:-1"},"canonical":"https:\/\/unfreezetools.com\/fr\/terms-and-conditions\/","og_locale":"fr_FR","og_type":"article","og_title":"Terms and Conditions","og_description":"Read the Terms of use of Unfreeze Tools to understand the rules, responsibilities, and guidelines for using our free social media tools.","og_url":"https:\/\/unfreezetools.com\/fr\/terms-and-conditions\/","og_site_name":"Unfreeze Tools","article_modified_time":"2025-11-29T10:45:02+00:00","twitter_card":"summary_large_image","twitter_misc":{"Dur\u00e9e de lecture estim\u00e9e":"5 minutes"},"schema":{"@context":"https:\/\/schema.org","@graph":[{"@type":"WebPage","@id":"https:\/\/unfreezetools.com\/terms-and-conditions\/","url":"https:\/\/unfreezetools.com\/terms-and-conditions\/","name":"Terms and Conditions - Unfreeze Tools","isPartOf":{"@id":"https:\/\/unfreezetools.com\/#website"},"datePublished":"2025-02-26T17:06:02+00:00","dateModified":"2025-11-29T10:45:02+00:00","description":"Read the Terms of use of Unfreeze Tools to understand the rules, responsibilities, and guidelines for using our free social media tools.","breadcrumb":{"@id":"https:\/\/unfreezetools.com\/terms-and-conditions\/#breadcrumb"},"inLanguage":"fr-FR","potentialAction":[{"@type":"ReadAction","target":["https:\/\/unfreezetools.com\/terms-and-conditions\/"]}]},{"@type":"BreadcrumbList","@id":"https:\/\/unfreezetools.com\/terms-and-conditions\/#breadcrumb","itemListElement":[{"@type":"ListItem","position":1,"name":"Home","item":"https:\/\/unfreezetools.com\/"},{"@type":"ListItem","position":2,"name":"Terms and Conditions"}]},{"@type":"WebSite","@id":"https:\/\/unfreezetools.com\/#website","url":"https:\/\/unfreezetools.com\/","name":"Outils de d\u00e9gel","description":"Best Social Tools","publisher":{"@id":"https:\/\/unfreezetools.com\/#\/schema\/person\/b60e2d9e402efc937240f42bd6ac1912"},"potentialAction":[{"@type":"SearchAction","target":{"@type":"EntryPoint","urlTemplate":"https:\/\/unfreezetools.com\/?s={search_term_string}"},"query-input":{"@type":"PropertyValueSpecification","valueRequired":true,"valueName":"search_term_string"}}],"inLanguage":"fr-FR"},{"@type":["Person","Organization"],"@id":"https:\/\/unfreezetools.com\/#\/schema\/person\/b60e2d9e402efc937240f42bd6ac1912","name":"Mohammed Yousaf","image":{"@type":"ImageObject","inLanguage":"fr-FR","@id":"https:\/\/unfreezetools.com\/wp-content\/uploads\/2025\/11\/LOGO.png","url":"https:\/\/unfreezetools.com\/wp-content\/uploads\/2025\/11\/LOGO.png","contentUrl":"https:\/\/unfreezetools.com\/wp-content\/uploads\/2025\/11\/LOGO.png","width":762,"height":110,"caption":"Mohammad Yousaf"},"logo":{"@id":"https:\/\/unfreezetools.com\/wp-content\/uploads\/2025\/11\/LOGO.png"},"sameAs":["https:\/\/unfreezetools.com"]}]}},"_links":{"self":[{"href":"https:\/\/unfreezetools.com\/fr\/wp-json\/wp\/v2\/pages\/20","targetHints":{"allow":["GET"]}}],"collection":[{"href":"https:\/\/unfreezetools.com\/fr\/wp-json\/wp\/v2\/pages"}],"about":[{"href":"https:\/\/unfreezetools.com\/fr\/wp-json\/wp\/v2\/types\/page"}],"author":[{"embeddable":true,"href":"https:\/\/unfreezetools.com\/fr\/wp-json\/wp\/v2\/users\/1"}],"replies":[{"embeddable":true,"href":"https:\/\/unfreezetools.com\/fr\/wp-json\/wp\/v2\/comments?post=20"}],"version-history":[{"count":2,"href":"https:\/\/unfreezetools.com\/fr\/wp-json\/wp\/v2\/pages\/20\/revisions"}],"predecessor-version":[{"id":2542,"href":"https:\/\/unfreezetools.com\/fr\/wp-json\/wp\/v2\/pages\/20\/revisions\/2542"}],"wp:attachment":[{"href":"https:\/\/unfreezetools.com\/fr\/wp-json\/wp\/v2\/media?parent=20"}],"curies":[{"name":"wp","href":"https:\/\/api.w.org\/{rel}","templated":true}]}}