{"id":2117,"date":"2025-11-25T10:14:10","date_gmt":"2025-11-25T10:14:10","guid":{"rendered":"https:\/\/unfreezetools.com\/?page_id=2117"},"modified":"2025-11-29T10:16:37","modified_gmt":"2025-11-29T10:16:37","slug":"copyright-safe-usage","status":"publish","type":"page","link":"https:\/\/unfreezetools.com\/fr\/copyright-safe-usage\/","title":{"rendered":"Politique de droits d'auteur"},"content":{"rendered":"<h2>Politique d'utilisation respectueuse des droits d'auteur<\/h2>\n<p>\u00c0 <a href=\"https:\/\/unfreezetools.com\/fr\/\"><strong>UnfreezeTools.com<\/strong><\/a>Nous nous engageons \u00e0 fournir des outils tels que des outils d'analyse, d'IA, des calculateurs, des g\u00e9n\u00e9rateurs et des outils de productivit\u00e9. Nous prenons tr\u00e8s au s\u00e9rieux le droit d'auteur et la propri\u00e9t\u00e9 intellectuelle, et cette page explique comment nos outils sont con\u00e7us pour rester prot\u00e9g\u00e9s. <strong>protection des droits d'auteur<\/strong>.<\/p>\n<h2>1. Contenu public uniquement<\/h2>\n<p>Nos outils fonctionnent exclusivement avec du contenu public. Ils n'acc\u00e8dent \u00e0 aucun m\u00e9dia priv\u00e9, \u00e0 acc\u00e8s restreint ou prot\u00e9g\u00e9 par mot de passe. Il incombe aux utilisateurs de s'assurer que tout contenu trait\u00e9 par nos outils est public et ne viole aucun droit de tiers.<\/p>\n<h2>2. Aucun stockage de contenu<\/h2>\n<p>Nous ne stockons, ne mettons en cache ni ne partageons aucune vid\u00e9o, image ou autre m\u00e9dia trait\u00e9 par nos outils. Tous les aper\u00e7us proviennent directement de la plateforme d'origine, et vos interactions avec les outils restent priv\u00e9es et temporaires.<\/p>\n<h2>3. Suppression du filigrane<\/h2>\n<p>Nos outils ne suppriment pas les filigranes et ne modifient en aucune fa\u00e7on le contenu prot\u00e9g\u00e9 par le droit d'auteur. Les filigranes restent intacts afin de respecter les droits de l'auteur original.<\/p>\n<h2>4. Responsabilit\u00e9 de l'utilisateur<\/h2>\n<p>Il incombe \u00e0 chaque utilisateur de respecter les conditions d'utilisation des plateformes qu'il utilise. En utilisant nos outils, vous acceptez de respecter les r\u00e8gles de la plateforme et de ne pas enfreindre les droits d'auteur, le droit \u00e0 la vie priv\u00e9e ni les droits de propri\u00e9t\u00e9 intellectuelle.<\/p>\n<h2>5. Utilisation \u00e9quitable \/ Utilisation \u00e0 des fins \u00e9ducatives<\/h2>\n<p>Nos outils sont destin\u00e9s \u00e0 des fins \u00e9ducatives, informatives et pratiques. Ils sont con\u00e7us pour faciliter la consultation, la pr\u00e9visualisation ou la r\u00e9f\u00e9rence de contenus accessibles au public sans enfreindre les droits d'auteur ni les politiques des plateformes.<\/p>\n<h2>6. Conformit\u00e9 au DMCA et aux droits d'auteur<\/h2>\n<p>Si vous pensez qu'un contenu trait\u00e9 par nos outils enfreint vos droits d'auteur, veuillez nous contacter imm\u00e9diatement via notre <a href=\"https:\/\/unfreezetools.com\/fr\/contact\/\">Page de contact<\/a>Nous r\u00e9agissons rapidement pour supprimer tout contenu contrefaisant ou pour fournir des conseils.<\/p>\n<h2>7. Limitation de responsabilit\u00e9<\/h2>\n<p>UnfreezeTools.com d\u00e9cline toute responsabilit\u00e9 quant \u00e0 l'utilisation du contenu par les utilisateurs. Ces derniers doivent se conformer \u00e0 toutes les lois applicables et aux r\u00e8gles de la plateforme.<\/p>\n<p><strong>En utilisant nos outils, vous reconnaissez et acceptez la pr\u00e9sente politique d'utilisation respectueuse des droits d'auteur.<\/strong><\/p>","protected":false},"excerpt":{"rendered":"<p>Copyright-Safe Usage Policy At UnfreezeTools.com, we are committed to providing tools such as analytical tools, AI tools, calculators, generators, productivity [&hellip;]<\/p>","protected":false},"author":1,"featured_media":0,"parent":0,"menu_order":0,"comment_status":"closed","ping_status":"closed","template":"","meta":{"site-sidebar-layout":"default","site-content-layout":"","ast-site-content-layout":"default","site-content-style":"default","site-sidebar-style":"default","ast-global-header-display":"","ast-banner-title-visibility":"","ast-main-header-display":"","ast-hfb-above-header-display":"","ast-hfb-below-header-display":"","ast-hfb-mobile-header-display":"","site-post-title":"","ast-breadcrumbs-content":"","ast-featured-img":"","footer-sml-layout":"","ast-disable-related-posts":"","theme-transparent-header-meta":"default","adv-header-id-meta":"","stick-header-meta":"","header-above-stick-meta":"","header-main-stick-meta":"","header-below-stick-meta":"","astra-migrate-meta-layouts":"set","ast-page-background-enabled":"default","ast-page-background-meta":{"desktop":{"background-color":"var(--ast-global-color-5)","background-image":"","background-repeat":"repeat","background-position":"center center","background-size":"auto","background-attachment":"scroll","background-type":"","background-media":"","overlay-type":"","overlay-color":"","overlay-opacity":"","overlay-gradient":""},"tablet":{"background-color":"","background-image":"","background-repeat":"repeat","background-position":"center center","background-size":"auto","background-attachment":"scroll","background-type":"","background-media":"","overlay-type":"","overlay-color":"","overlay-opacity":"","overlay-gradient":""},"mobile":{"background-color":"","background-image":"","background-repeat":"repeat","background-position":"center center","background-size":"auto","background-attachment":"scroll","background-type":"","background-media":"","overlay-type":"","overlay-color":"","overlay-opacity":"","overlay-gradient":""}},"ast-content-background-meta":{"desktop":{"background-color":"var(--ast-global-color-4)","background-image":"","background-repeat":"repeat","background-position":"center center","background-size":"auto","background-attachment":"scroll","background-type":"","background-media":"","overlay-type":"","overlay-color":"","overlay-opacity":"","overlay-gradient":""},"tablet":{"background-color":"var(--ast-global-color-4)","background-image":"","background-repeat":"repeat","background-position":"center center","background-size":"auto","background-attachment":"scroll","background-type":"","background-media":"","overlay-type":"","overlay-color":"","overlay-opacity":"","overlay-gradient":""},"mobile":{"background-color":"var(--ast-global-color-4)","background-image":"","background-repeat":"repeat","background-position":"center center","background-size":"auto","background-attachment":"scroll","background-type":"","background-media":"","overlay-type":"","overlay-color":"","overlay-opacity":"","overlay-gradient":""}},"footnotes":""},"class_list":["post-2117","page","type-page","status-publish","hentry"],"yoast_head":"<!-- This site is optimized with the Yoast SEO Premium plugin v25.9 (Yoast SEO v27.4) - https:\/\/yoast.com\/product\/yoast-seo-premium-wordpress\/ -->\n<title>Copyright Policy - Unfreeze Tools<\/title>\n<meta name=\"robots\" content=\"index, follow, max-snippet:-1, max-image-preview:large, max-video-preview:-1\" \/>\n<link rel=\"canonical\" href=\"https:\/\/unfreezetools.com\/fr\/copyright-safe-usage\/\" \/>\n<meta property=\"og:locale\" content=\"fr_FR\" \/>\n<meta property=\"og:type\" content=\"article\" \/>\n<meta property=\"og:title\" content=\"Copyright Policy\" \/>\n<meta property=\"og:description\" content=\"Copyright-Safe Usage Policy At UnfreezeTools.com, we are committed to providing tools such as analytical tools, AI tools, calculators, generators, productivity [&hellip;]\" \/>\n<meta property=\"og:url\" content=\"https:\/\/unfreezetools.com\/fr\/copyright-safe-usage\/\" \/>\n<meta property=\"og:site_name\" content=\"Unfreeze Tools\" \/>\n<meta property=\"article:modified_time\" content=\"2025-11-29T10:16:37+00:00\" \/>\n<meta name=\"twitter:card\" content=\"summary_large_image\" \/>\n<meta name=\"twitter:label1\" content=\"Dur\u00e9e de lecture estim\u00e9e\" \/>\n\t<meta name=\"twitter:data1\" content=\"2 minutes\" \/>\n<!-- \/ Yoast SEO Premium plugin. -->","yoast_head_json":{"title":"Copyright Policy - Unfreeze Tools","robots":{"index":"index","follow":"follow","max-snippet":"max-snippet:-1","max-image-preview":"max-image-preview:large","max-video-preview":"max-video-preview:-1"},"canonical":"https:\/\/unfreezetools.com\/fr\/copyright-safe-usage\/","og_locale":"fr_FR","og_type":"article","og_title":"Copyright Policy","og_description":"Copyright-Safe Usage Policy At UnfreezeTools.com, we are committed to providing tools such as analytical tools, AI tools, calculators, generators, productivity [&hellip;]","og_url":"https:\/\/unfreezetools.com\/fr\/copyright-safe-usage\/","og_site_name":"Unfreeze Tools","article_modified_time":"2025-11-29T10:16:37+00:00","twitter_card":"summary_large_image","twitter_misc":{"Dur\u00e9e de lecture estim\u00e9e":"2 minutes"},"schema":{"@context":"https:\/\/schema.org","@graph":[{"@type":"WebPage","@id":"https:\/\/unfreezetools.com\/copyright-safe-usage\/","url":"https:\/\/unfreezetools.com\/copyright-safe-usage\/","name":"Copyright Policy - Unfreeze Tools","isPartOf":{"@id":"https:\/\/unfreezetools.com\/#website"},"datePublished":"2025-11-25T10:14:10+00:00","dateModified":"2025-11-29T10:16:37+00:00","breadcrumb":{"@id":"https:\/\/unfreezetools.com\/copyright-safe-usage\/#breadcrumb"},"inLanguage":"fr-FR","potentialAction":[{"@type":"ReadAction","target":["https:\/\/unfreezetools.com\/copyright-safe-usage\/"]}]},{"@type":"BreadcrumbList","@id":"https:\/\/unfreezetools.com\/copyright-safe-usage\/#breadcrumb","itemListElement":[{"@type":"ListItem","position":1,"name":"Home","item":"https:\/\/unfreezetools.com\/"},{"@type":"ListItem","position":2,"name":"Copyright Policy"}]},{"@type":"WebSite","@id":"https:\/\/unfreezetools.com\/#website","url":"https:\/\/unfreezetools.com\/","name":"Outils de d\u00e9gel","description":"Best Social Tools","publisher":{"@id":"https:\/\/unfreezetools.com\/#\/schema\/person\/b60e2d9e402efc937240f42bd6ac1912"},"potentialAction":[{"@type":"SearchAction","target":{"@type":"EntryPoint","urlTemplate":"https:\/\/unfreezetools.com\/?s={search_term_string}"},"query-input":{"@type":"PropertyValueSpecification","valueRequired":true,"valueName":"search_term_string"}}],"inLanguage":"fr-FR"},{"@type":["Person","Organization"],"@id":"https:\/\/unfreezetools.com\/#\/schema\/person\/b60e2d9e402efc937240f42bd6ac1912","name":"Mohammed Yousaf","image":{"@type":"ImageObject","inLanguage":"fr-FR","@id":"https:\/\/unfreezetools.com\/wp-content\/uploads\/2025\/11\/LOGO.png","url":"https:\/\/unfreezetools.com\/wp-content\/uploads\/2025\/11\/LOGO.png","contentUrl":"https:\/\/unfreezetools.com\/wp-content\/uploads\/2025\/11\/LOGO.png","width":762,"height":110,"caption":"Mohammad Yousaf"},"logo":{"@id":"https:\/\/unfreezetools.com\/wp-content\/uploads\/2025\/11\/LOGO.png"},"sameAs":["https:\/\/unfreezetools.com"]}]}},"_links":{"self":[{"href":"https:\/\/unfreezetools.com\/fr\/wp-json\/wp\/v2\/pages\/2117","targetHints":{"allow":["GET"]}}],"collection":[{"href":"https:\/\/unfreezetools.com\/fr\/wp-json\/wp\/v2\/pages"}],"about":[{"href":"https:\/\/unfreezetools.com\/fr\/wp-json\/wp\/v2\/types\/page"}],"author":[{"embeddable":true,"href":"https:\/\/unfreezetools.com\/fr\/wp-json\/wp\/v2\/users\/1"}],"replies":[{"embeddable":true,"href":"https:\/\/unfreezetools.com\/fr\/wp-json\/wp\/v2\/comments?post=2117"}],"version-history":[{"count":2,"href":"https:\/\/unfreezetools.com\/fr\/wp-json\/wp\/v2\/pages\/2117\/revisions"}],"predecessor-version":[{"id":2534,"href":"https:\/\/unfreezetools.com\/fr\/wp-json\/wp\/v2\/pages\/2117\/revisions\/2534"}],"wp:attachment":[{"href":"https:\/\/unfreezetools.com\/fr\/wp-json\/wp\/v2\/media?parent=2117"}],"curies":[{"name":"wp","href":"https:\/\/api.w.org\/{rel}","templated":true}]}}