{"id":22,"date":"2025-02-26T17:06:14","date_gmt":"2025-02-26T17:06:14","guid":{"rendered":"https:\/\/unfreezetools.com\/?page_id=22"},"modified":"2025-11-29T10:12:58","modified_gmt":"2025-11-29T10:12:58","slug":"privacy-policy","status":"publish","type":"page","link":"https:\/\/unfreezetools.com\/fr\/privacy-policy\/","title":{"rendered":"politique de confidentialit\u00e9"},"content":{"rendered":"<p><strong>Derni\u00e8re mise \u00e0 jour\u00a0:<\/strong> Novembre 2025<\/p>\n<p>Bienvenue sur <strong>Outils de d\u00e9gel<\/strong> (accessible \u00e0 <a href=\"https:\/\/unfreezetools.com\/fr\/\">https:\/\/unfreezetools.com<\/a>).<br \/>\nLe respect de votre vie priv\u00e9e est primordial pour nous. La pr\u00e9sente politique de confidentialit\u00e9 explique comment nous recueillons, utilisons et prot\u00e9geons vos informations lorsque vous utilisez notre site web et nos services.<\/p>\n<p>En acc\u00e9dant \u00e0 Unfreeze Tools ou en l'utilisant, vous acceptez la pr\u00e9sente politique de confidentialit\u00e9.<br \/>\nSi vous n'\u00eates pas d'accord avec une quelconque partie de cette politique, veuillez ne pas utiliser notre site web ni nos outils.<\/p>\n<hr \/>\n<h2 data-start=\"766\" data-end=\"788\"><strong data-start=\"769\" data-end=\"786\">1. Qui sommes-nous ?<\/strong><\/h2>\n<p data-start=\"789\" data-end=\"1032\">Unfreeze Tools (\u00ab nous \u00bb, \u00ab notre \u00bb, \u00ab nos \u00bb) est une plateforme en ligne offrant des utilitaires gratuits bas\u00e9s sur navigateur tels que des outils d'analyse, des outils d'IA, des calculatrices, des g\u00e9n\u00e9rateurs, des outils de productivit\u00e9 et d'autres fonctionnalit\u00e9s Web con\u00e7ues pour faciliter les t\u00e2ches num\u00e9riques.<\/p>\n<p data-start=\"1034\" data-end=\"1169\">Nous le faisons <strong data-start=\"1040\" data-end=\"1047\">pas<\/strong> Ces outils permettent d'h\u00e9berger ou de stocker des contenus multim\u00e9dias g\u00e9n\u00e9r\u00e9s par les utilisateurs. Ils sont con\u00e7us exclusivement \u00e0 des fins d'information, d'analyse ou de productivit\u00e9.<\/p>\n<p data-start=\"1171\" data-end=\"1238\">Pour toute question relative \u00e0 la protection de la vie priv\u00e9e, vous pouvez contacter\u00a0: <strong data-start=\"1211\" data-end=\"1238\"><a class=\"decorated-link cursor-pointer\" rel=\"noopener\" data-start=\"1213\" data-end=\"1236\">unfreezetools@gmail.com<\/a><\/strong><\/p>\n<hr data-start=\"1240\" data-end=\"1243\" \/>\n<h2 data-start=\"1245\" data-end=\"1279\"><strong data-start=\"1248\" data-end=\"1277\">2. Informations que nous recueillons<\/strong><\/h2>\n<p data-start=\"1280\" data-end=\"1455\">Nous ne collectons que les informations n\u00e9cessaires au fonctionnement du site web, \u00e0 l'analyse et \u00e0 la publicit\u00e9. <strong data-start=\"1379\" data-end=\"1386\">pas<\/strong> Nous n'identifions pas personnellement les utilisateurs, sauf s'ils choisissent de nous contacter directement.<\/p>\n<h3 data-start=\"1457\" data-end=\"1505\"><strong data-start=\"1461\" data-end=\"1503\">a. Informations que vous fournissez volontairement<\/strong><\/h3>\n<p data-start=\"1506\" data-end=\"1705\">Si vous nous contactez par courriel ou via un formulaire, nous pouvons recevoir votre nom, votre adresse courriel et votre message.<br data-start=\"1596\" data-end=\"1599\" \/>Ces informations sont utilis\u00e9es uniquement pour r\u00e9pondre \u00e0 votre demande et ne sont ni partag\u00e9es, ni vendues, ni utilis\u00e9es \u00e0 des fins de marketing.<\/p>\n<h3 data-start=\"1707\" data-end=\"1755\"><strong data-start=\"1711\" data-end=\"1753\">b. Informations collect\u00e9es automatiquement<\/strong><\/h3>\n<p data-start=\"1756\" data-end=\"1856\">Nous ne collectons ni ne stockons personnellement aucune donn\u00e9e utilisateur, mais lorsque vous visitez notre site web, certaines donn\u00e9es techniques non personnelles sont collect\u00e9es automatiquement par des services tiers que nous utilisons (fournisseurs d'h\u00e9bergement, outils d'analyse et partenaires publicitaires), telles que\u00a0:<\/p>\n<p data-start=\"1756\" data-end=\"1856\">\u00a0 \u00a0 \u00a0 \u00a0 \u00a0 Adresse IP<\/p>\n<ul data-start=\"1858\" data-end=\"2038\">\n<li data-start=\"1873\" data-end=\"1901\">\n<p data-start=\"1875\" data-end=\"1901\">Type et version du navigateur<\/p>\n<\/li>\n<li data-start=\"1902\" data-end=\"1933\">\n<p data-start=\"1904\" data-end=\"1933\">Dispositif et syst\u00e8me d'exploitation<\/p>\n<\/li>\n<li data-start=\"1934\" data-end=\"1970\">\n<p data-start=\"1936\" data-end=\"1970\">Pages consult\u00e9es, temps pass\u00e9 sur le site<\/p>\n<\/li>\n<li data-start=\"1971\" data-end=\"1989\">\n<p data-start=\"1973\" data-end=\"1989\">URL de r\u00e9f\u00e9rence<\/p>\n<\/li>\n<li data-start=\"1990\" data-end=\"2038\">\n<p data-start=\"1992\" data-end=\"2038\">Lieu g\u00e9n\u00e9ral, non pr\u00e9cis (ville ou r\u00e9gion)<\/p>\n<\/li>\n<\/ul>\n<p data-start=\"2040\" data-end=\"2151\">Ces informations sont standard pour la plupart des sites web et nous aident \u00e0 am\u00e9liorer leurs performances, leur s\u00e9curit\u00e9 et l'exp\u00e9rience utilisateur.<\/p>\n<h3 data-start=\"2153\" data-end=\"2197\"><strong data-start=\"2157\" data-end=\"2195\">c. Cookies et technologies de suivi<\/strong><\/h3>\n<p data-start=\"2198\" data-end=\"2216\">Nous utilisons des cookies pour\u00a0:<\/p>\n<ul data-start=\"2218\" data-end=\"2346\">\n<li data-start=\"2218\" data-end=\"2259\">\n<p data-start=\"2220\" data-end=\"2259\">Assurez-vous que les fonctionnalit\u00e9s du site Web fonctionnent correctement.<\/p>\n<\/li>\n<li data-start=\"2260\" data-end=\"2295\">\n<p data-start=\"2262\" data-end=\"2295\">Analyser le trafic et les performances<\/p>\n<\/li>\n<li data-start=\"2296\" data-end=\"2346\">\n<p data-start=\"2298\" data-end=\"2346\">Afficher des publicit\u00e9s pertinentes et non intrusives<\/p>\n<\/li>\n<\/ul>\n<p data-start=\"2348\" data-end=\"2452\">Vous pouvez d\u00e9sactiver les cookies dans les param\u00e8tres de votre navigateur, mais certaines parties du site risquent de ne pas fonctionner correctement.<\/p>\n<p data-start=\"2454\" data-end=\"2482\">Types de cookies que nous pouvons utiliser\u00a0:<\/p>\n<ul data-start=\"2484\" data-end=\"2661\">\n<li data-start=\"2484\" data-end=\"2538\">\n<p data-start=\"2486\" data-end=\"2538\"><strong data-start=\"2486\" data-end=\"2507\">Cookies essentiels<\/strong> \u2014 n\u00e9cessaire au fonctionnement<\/p>\n<\/li>\n<li data-start=\"2539\" data-end=\"2595\">\n<p data-start=\"2541\" data-end=\"2595\"><strong data-start=\"2541\" data-end=\"2562\">Cookies analytiques<\/strong> \u2014 mesurer l'utilisation, d\u00e9tecter les erreurs<\/p>\n<\/li>\n<li data-start=\"2596\" data-end=\"2661\">\n<p data-start=\"2598\" data-end=\"2661\"><strong data-start=\"2598\" data-end=\"2621\">Cookies publicitaires<\/strong> \u2014 utilis\u00e9 par Google pour afficher des annonces pertinentes<\/p>\n<\/li>\n<\/ul>\n<hr \/>\n<h3>3. Comment utilisons-nous vos informations ?<\/h3>\n<p>Nous utilisons les donn\u00e9es collect\u00e9es pour\u00a0:<\/p>\n<ul>\n<li>Am\u00e9lioration de l'exp\u00e9rience utilisateur et des fonctionnalit\u00e9s du site web<\/li>\n<li>Surveillance et analyse des tendances du trafic<\/li>\n<li>R\u00e9solution des probl\u00e8mes techniques et des bugs<\/li>\n<li>Affichage de publicit\u00e9s pertinentes et non intrusives<\/li>\n<li>R\u00e9pondre aux questions et aux commentaires des utilisateurs<\/li>\n<\/ul>\n<p>Nous le faisons <strong>ne pas vendre<\/strong>, <strong>louer<\/strong>, ou <strong>commerce<\/strong> toute information personnelle partag\u00e9e avec des tiers.<\/p>\n<hr \/>\n<h3>4. <strong>Google AdSense et la publicit\u00e9 de tiers<\/strong><\/h3>\n<p>Unfreeze Tools souhaite utiliser <strong>Google AdSense<\/strong> afficher des publicit\u00e9s.<br \/>\nGoogle peut utiliser des cookies et des balises Web pour diffuser des annonces en fonction de votre visite sur ce site et d'autres sites Web.<\/p>\n<ul>\n<li>L'utilisation par Google de cookies publicitaires lui permet, ainsi qu'\u00e0 ses partenaires, de diffuser des annonces en fonction de vos centres d'int\u00e9r\u00eat (\u00ab annonces personnalis\u00e9es \u00bb).<\/li>\n<li>Les utilisateurs peuvent d\u00e9sactiver la publicit\u00e9 personnalis\u00e9e en visitant\u00a0: <a href=\"https:\/\/www.google.com\/settings\/ads\">Param\u00e8tres des annonces<\/a><\/li>\n<\/ul>\n<p>Nous respectons pleinement les <strong>R\u00e8gles du programme Google AdSense<\/strong> et <strong>Politique de consentement des utilisateurs de l'UE<\/strong>.<\/p>\n<p>Pour plus d'informations, veuillez consulter\u00a0:<br \/>\n<a href=\"https:\/\/policies.google.com\/technologies\/partner-sites\">Comment Google utilise les donn\u00e9es lorsque vous utilisez notre site ou nos applications<\/a><\/p>\n<hr \/>\n<h3>5. <strong>Liens et services de tiers<\/strong><\/h3>\n<p>Notre site web peut inclure des liens vers des plateformes externes (TikTok, Instagram, YouTube, etc.) ou des services tiers.<br \/>\nNous ne contr\u00f4lons pas ces sites web et nous sommes <strong>Nous ne sommes pas responsables de leurs pratiques en mati\u00e8re de confidentialit\u00e9 ni de leur contenu.<\/strong>.<\/p>\n<p>Nous encourageons les utilisateurs \u00e0 lire les politiques de confidentialit\u00e9 de tous les sites tiers qu'ils visitent.<\/p>\n<hr \/>\n<h3>6. <strong>Conservation des donn\u00e9es<\/strong><\/h3>\n<p>Nous ne stockons pas les m\u00e9dias g\u00e9n\u00e9r\u00e9s par les utilisateurs ni les contenus trait\u00e9s par nos outils.<br \/>\nToutes les URL, entr\u00e9es ou liens que vous saisissez sont trait\u00e9s <strong>temporairement et anonymement<\/strong>, trait\u00e9es uniquement dans votre navigateur ou via des API de serveur s\u00e9curis\u00e9es.<\/p>\n<p>Si vous nous contactez, nous pouvons conserver votre correspondance par courriel uniquement \u00e0 des fins d'archivage et d'assistance.<\/p>\n<hr \/>\n<h3>7. <strong>S\u00e9curit\u00e9 des donn\u00e9es<\/strong><\/h3>\n<p>Nous utilisons des mesures conformes aux normes de l'industrie (cryptage SSL, serveurs s\u00e9curis\u00e9s, protection par pare-feu) pour prot\u00e9ger vos donn\u00e9es.<br \/>\nVeuillez toutefois noter qu'aucune m\u00e9thode de transmission de donn\u00e9es sur Internet n'est s\u00e9curis\u00e9e \u00e0 100 %.<br \/>\nEn utilisant notre site, vous reconnaissez cette limitation inh\u00e9rente.<\/p>\n<hr \/>\n<h3>8. <strong>Vos droits \u00e0 la vie priv\u00e9e<\/strong><\/h3>\n<p>Selon votre r\u00e9gion (UE, Royaume-Uni ou Californie), vous pouvez b\u00e9n\u00e9ficier des droits suivants\u00a0:<\/p>\n<ul>\n<li>Droit d'acc\u00e8s aux donn\u00e9es que nous d\u00e9tenons vous concernant<\/li>\n<li>Droit de demander la rectification ou la suppression de vos donn\u00e9es<\/li>\n<li>Droit de retirer son consentement aux cookies ou aux outils d'analyse<\/li>\n<li>Droit d'opposition au traitement des donn\u00e9es \u00e0 des fins sp\u00e9cifiques<\/li>\n<\/ul>\n<p>Pour exercer l'un de ces droits, veuillez nous contacter \u00e0 l'adresse suivante : <strong><a href=\"mailto:unfreezetools@gmail.com\">unfreezetools@gmail.com<\/a><\/strong>.<\/p>\n<hr \/>\n<h3>9. <strong>Protection de la vie priv\u00e9e des enfants<\/strong><\/h3>\n<p>Unfreeze Tools est <strong>Ne convient pas aux enfants de moins de 13 ans.<\/strong>.<br \/>\nNous ne collectons ni ne stockons sciemment de donn\u00e9es personnelles de mineurs.<br \/>\nSi vous pensez qu'un enfant nous a communiqu\u00e9 des informations, veuillez nous contacter imm\u00e9diatement et nous les supprimerons sans d\u00e9lai.<\/p>\n<hr \/>\n<h3>10. <strong>Utilisateurs internationaux<\/strong><\/h3>\n<p>Notre site web est exploit\u00e9 \u00e0 l'\u00e9chelle mondiale et peut \u00eatre consult\u00e9 depuis diff\u00e9rents pays.<br \/>\nEn utilisant Unfreeze Tools, vous consentez au transfert et au traitement de vos donn\u00e9es conform\u00e9ment \u00e0 la pr\u00e9sente politique de confidentialit\u00e9 et aux lois applicables.<\/p>\n<hr \/>\n<h3>11. <strong>Modifications apport\u00e9es \u00e0 la pr\u00e9sente politique de confidentialit\u00e9<\/strong><\/h3>\n<p>Nous pouvons mettre \u00e0 jour p\u00e9riodiquement la pr\u00e9sente politique de confidentialit\u00e9 afin de refl\u00e9ter les nouveaux changements juridiques, techniques ou op\u00e9rationnels.<br \/>\nToute modification sera publi\u00e9e sur cette page avec une date de \u00ab Derni\u00e8re mise \u00e0 jour \u00bb mise \u00e0 jour.<\/p>\n<p>Nous encourageons les utilisateurs \u00e0 consulter r\u00e9guli\u00e8rement cette page pour rester inform\u00e9s.<\/p>\n<hr \/>\n<h3>12. <strong>Contactez-nous<\/strong><\/h3>\n<p>Pour toute question, remarque ou pr\u00e9occupation relative \u00e0 la confidentialit\u00e9, veuillez nous contacter \u00e0 l'adresse suivante\u00a0:<br \/>\n<strong><a href=\"mailto:unfreezetools@gmail.com\">unfreezetools@gmail.com<\/a><\/strong>Vous pouvez \u00e9galement lire <a href=\"https:\/\/unfreezetools.com\/fr\/terms-and-conditions\/\">termes et conditions<\/a> de notre site web.<\/p>\n<hr \/>\n<p><strong>En utilisant Unfreeze Tools, vous acceptez la pr\u00e9sente politique de confidentialit\u00e9 et consentez \u00e0 l'utilisation de cookies et de services tiers comme d\u00e9crit ci-dessus.<\/strong><\/p>","protected":false},"excerpt":{"rendered":"<p>Last Updated: November 2025 Welcome to Unfreeze Tools (accessible at https:\/\/unfreezetools.com). Your privacy is very important to us. This Privacy [&hellip;]<\/p>","protected":false},"author":1,"featured_media":0,"parent":0,"menu_order":0,"comment_status":"closed","ping_status":"closed","template":"","meta":{"site-sidebar-layout":"default","site-content-layout":"","ast-site-content-layout":"default","site-content-style":"default","site-sidebar-style":"default","ast-global-header-display":"","ast-banner-title-visibility":"","ast-main-header-display":"","ast-hfb-above-header-display":"","ast-hfb-below-header-display":"","ast-hfb-mobile-header-display":"","site-post-title":"","ast-breadcrumbs-content":"","ast-featured-img":"","footer-sml-layout":"","ast-disable-related-posts":"","theme-transparent-header-meta":"default","adv-header-id-meta":"","stick-header-meta":"","header-above-stick-meta":"","header-main-stick-meta":"","header-below-stick-meta":"","astra-migrate-meta-layouts":"set","ast-page-background-enabled":"default","ast-page-background-meta":{"desktop":{"background-color":"var(--ast-global-color-5)","background-image":"","background-repeat":"repeat","background-position":"center center","background-size":"auto","background-attachment":"scroll","background-type":"","background-media":"","overlay-type":"","overlay-color":"","overlay-opacity":"","overlay-gradient":""},"tablet":{"background-color":"","background-image":"","background-repeat":"repeat","background-position":"center center","background-size":"auto","background-attachment":"scroll","background-type":"","background-media":"","overlay-type":"","overlay-color":"","overlay-opacity":"","overlay-gradient":""},"mobile":{"background-color":"","background-image":"","background-repeat":"repeat","background-position":"center center","background-size":"auto","background-attachment":"scroll","background-type":"","background-media":"","overlay-type":"","overlay-color":"","overlay-opacity":"","overlay-gradient":""}},"ast-content-background-meta":{"desktop":{"background-color":"var(--ast-global-color-4)","background-image":"","background-repeat":"repeat","background-position":"center center","background-size":"auto","background-attachment":"scroll","background-type":"","background-media":"","overlay-type":"","overlay-color":"","overlay-opacity":"","overlay-gradient":""},"tablet":{"background-color":"var(--ast-global-color-4)","background-image":"","background-repeat":"repeat","background-position":"center center","background-size":"auto","background-attachment":"scroll","background-type":"","background-media":"","overlay-type":"","overlay-color":"","overlay-opacity":"","overlay-gradient":""},"mobile":{"background-color":"var(--ast-global-color-4)","background-image":"","background-repeat":"repeat","background-position":"center center","background-size":"auto","background-attachment":"scroll","background-type":"","background-media":"","overlay-type":"","overlay-color":"","overlay-opacity":"","overlay-gradient":""}},"footnotes":""},"class_list":["post-22","page","type-page","status-publish","hentry"],"yoast_head":"<!-- This site is optimized with the Yoast SEO Premium plugin v25.9 (Yoast SEO v27.4) - https:\/\/yoast.com\/product\/yoast-seo-premium-wordpress\/ -->\n<title>Privacy Policy - Unfreeze Tools<\/title>\n<meta name=\"description\" content=\"Read the Privacy Policy of Unfreeze Tools to learn how we collect, use, and protect your data while you enjoy our free social media tools.\" \/>\n<meta name=\"robots\" content=\"index, follow, max-snippet:-1, max-image-preview:large, max-video-preview:-1\" \/>\n<link rel=\"canonical\" href=\"https:\/\/unfreezetools.com\/fr\/privacy-policy\/\" \/>\n<meta property=\"og:locale\" content=\"fr_FR\" \/>\n<meta property=\"og:type\" content=\"article\" \/>\n<meta property=\"og:title\" content=\"Privacy Policy\" \/>\n<meta property=\"og:description\" content=\"Read the Privacy Policy of Unfreeze Tools to learn how we collect, use, and protect your data while you enjoy our free social media tools.\" \/>\n<meta property=\"og:url\" content=\"https:\/\/unfreezetools.com\/fr\/privacy-policy\/\" \/>\n<meta property=\"og:site_name\" content=\"Unfreeze Tools\" \/>\n<meta property=\"article:modified_time\" content=\"2025-11-29T10:12:58+00:00\" \/>\n<meta name=\"twitter:card\" content=\"summary_large_image\" \/>\n<meta name=\"twitter:label1\" content=\"Dur\u00e9e de lecture estim\u00e9e\" \/>\n\t<meta name=\"twitter:data1\" content=\"4 minutes\" \/>\n<!-- \/ Yoast SEO Premium plugin. -->","yoast_head_json":{"title":"Privacy Policy - Unfreeze Tools","description":"Read the Privacy Policy of Unfreeze Tools to learn how we collect, use, and protect your data while you enjoy our free social media tools.","robots":{"index":"index","follow":"follow","max-snippet":"max-snippet:-1","max-image-preview":"max-image-preview:large","max-video-preview":"max-video-preview:-1"},"canonical":"https:\/\/unfreezetools.com\/fr\/privacy-policy\/","og_locale":"fr_FR","og_type":"article","og_title":"Privacy Policy","og_description":"Read the Privacy Policy of Unfreeze Tools to learn how we collect, use, and protect your data while you enjoy our free social media tools.","og_url":"https:\/\/unfreezetools.com\/fr\/privacy-policy\/","og_site_name":"Unfreeze Tools","article_modified_time":"2025-11-29T10:12:58+00:00","twitter_card":"summary_large_image","twitter_misc":{"Dur\u00e9e de lecture estim\u00e9e":"4 minutes"},"schema":{"@context":"https:\/\/schema.org","@graph":[{"@type":"WebPage","@id":"https:\/\/unfreezetools.com\/privacy-policy\/","url":"https:\/\/unfreezetools.com\/privacy-policy\/","name":"Privacy Policy - Unfreeze Tools","isPartOf":{"@id":"https:\/\/unfreezetools.com\/#website"},"datePublished":"2025-02-26T17:06:14+00:00","dateModified":"2025-11-29T10:12:58+00:00","description":"Read the Privacy Policy of Unfreeze Tools to learn how we collect, use, and protect your data while you enjoy our free social media tools.","breadcrumb":{"@id":"https:\/\/unfreezetools.com\/privacy-policy\/#breadcrumb"},"inLanguage":"fr-FR","potentialAction":[{"@type":"ReadAction","target":["https:\/\/unfreezetools.com\/privacy-policy\/"]}]},{"@type":"BreadcrumbList","@id":"https:\/\/unfreezetools.com\/privacy-policy\/#breadcrumb","itemListElement":[{"@type":"ListItem","position":1,"name":"Home","item":"https:\/\/unfreezetools.com\/"},{"@type":"ListItem","position":2,"name":"Privacy Policy"}]},{"@type":"WebSite","@id":"https:\/\/unfreezetools.com\/#website","url":"https:\/\/unfreezetools.com\/","name":"Outils de d\u00e9gel","description":"Best Social Tools","publisher":{"@id":"https:\/\/unfreezetools.com\/#\/schema\/person\/b60e2d9e402efc937240f42bd6ac1912"},"potentialAction":[{"@type":"SearchAction","target":{"@type":"EntryPoint","urlTemplate":"https:\/\/unfreezetools.com\/?s={search_term_string}"},"query-input":{"@type":"PropertyValueSpecification","valueRequired":true,"valueName":"search_term_string"}}],"inLanguage":"fr-FR"},{"@type":["Person","Organization"],"@id":"https:\/\/unfreezetools.com\/#\/schema\/person\/b60e2d9e402efc937240f42bd6ac1912","name":"Mohammed Yousaf","image":{"@type":"ImageObject","inLanguage":"fr-FR","@id":"https:\/\/unfreezetools.com\/wp-content\/uploads\/2025\/11\/LOGO.png","url":"https:\/\/unfreezetools.com\/wp-content\/uploads\/2025\/11\/LOGO.png","contentUrl":"https:\/\/unfreezetools.com\/wp-content\/uploads\/2025\/11\/LOGO.png","width":762,"height":110,"caption":"Mohammad Yousaf"},"logo":{"@id":"https:\/\/unfreezetools.com\/wp-content\/uploads\/2025\/11\/LOGO.png"},"sameAs":["https:\/\/unfreezetools.com"]}]}},"_links":{"self":[{"href":"https:\/\/unfreezetools.com\/fr\/wp-json\/wp\/v2\/pages\/22","targetHints":{"allow":["GET"]}}],"collection":[{"href":"https:\/\/unfreezetools.com\/fr\/wp-json\/wp\/v2\/pages"}],"about":[{"href":"https:\/\/unfreezetools.com\/fr\/wp-json\/wp\/v2\/types\/page"}],"author":[{"embeddable":true,"href":"https:\/\/unfreezetools.com\/fr\/wp-json\/wp\/v2\/users\/1"}],"replies":[{"embeddable":true,"href":"https:\/\/unfreezetools.com\/fr\/wp-json\/wp\/v2\/comments?post=22"}],"version-history":[{"count":2,"href":"https:\/\/unfreezetools.com\/fr\/wp-json\/wp\/v2\/pages\/22\/revisions"}],"predecessor-version":[{"id":2532,"href":"https:\/\/unfreezetools.com\/fr\/wp-json\/wp\/v2\/pages\/22\/revisions\/2532"}],"wp:attachment":[{"href":"https:\/\/unfreezetools.com\/fr\/wp-json\/wp\/v2\/media?parent=22"}],"curies":[{"name":"wp","href":"https:\/\/api.w.org\/{rel}","templated":true}]}}