{"id":2280,"date":"2025-11-25T19:30:46","date_gmt":"2025-11-25T19:30:46","guid":{"rendered":"https:\/\/unfreezetools.com\/?page_id=2280"},"modified":"2025-11-29T10:52:40","modified_gmt":"2025-11-29T10:52:40","slug":"how-our-tools-work","status":"publish","type":"page","link":"https:\/\/unfreezetools.com\/fr\/how-our-tools-work\/","title":{"rendered":"Comment fonctionnent nos outils ?"},"content":{"rendered":"<p>Nos outils en ligne sont con\u00e7us pour simplifier, acc\u00e9l\u00e9rer et s\u00e9curiser vos t\u00e2ches num\u00e9riques. Calculs, cr\u00e9ation de contenu, analyse de donn\u00e9es ou utilisation d'utilitaires pour vos t\u00e2ches quotidiennes\u00a0: tous nos outils fonctionnent instantan\u00e9ment dans votre navigateur, sans inscription, sans installation et sans partage de donn\u00e9es.<\/p>\n<h2><strong>Confidentialit\u00e9 et s\u00e9curit\u00e9 avant tout<\/strong><\/h2>\n<p>Tous nos outils sont con\u00e7us dans le respect de la vie priv\u00e9e\u00a0:<\/p>\n<ul>\n<li><strong>Aucun stockage de donn\u00e9es\u00a0:<\/strong> Nous ne stockons, n'enregistrons ni ne partageons aucune information personnelle.<\/li>\n<li><strong>Information publique uniquement\u00a0:<\/strong> Ces outils fonctionnent uniquement avec des donn\u00e9es accessibles au public.<\/li>\n<li><strong>Connexion s\u00e9curis\u00e9e\u00a0:<\/strong> Toutes les pages fonctionnent via HTTPS afin de garantir la s\u00e9curit\u00e9 de votre navigation.<\/li>\n<\/ul>\n<p>Cela vous permet d'utiliser nos outils en toute confiance, sans vous soucier des risques li\u00e9s \u00e0 la protection de votre vie priv\u00e9e.<\/p>\n<hr \/>\n<h2><strong>Interface conviviale<\/strong><\/h2>\n<ul>\n<li>Les outils sont con\u00e7us pour \u00eatre simples d'utilisation\u00a0: saisissez vos donn\u00e9es, cliquez sur le bouton et obtenez les r\u00e9sultats instantan\u00e9ment.<\/li>\n<li>Tous les outils fonctionnent sur ordinateur, tablette et appareil mobile.<\/li>\n<li>Chaque outil comprend des instructions claires et des exemples pour vous permettre de comprendre rapidement les r\u00e9sultats.<\/li>\n<\/ul>\n<hr \/>\n<h2><strong>Comment les r\u00e9sultats sont g\u00e9n\u00e9r\u00e9s<\/strong><\/h2>\n<ul>\n<li>Les calculatrices utilisent des formules \u00e9prouv\u00e9es pour des r\u00e9sultats pr\u00e9cis.<\/li>\n<li>Les outils assist\u00e9s par l'IA g\u00e9n\u00e8rent du contenu \u00e0 partir d'algorithmes s\u00fbrs.<\/li>\n<li>Les utilitaires traitent les informations en temps r\u00e9el directement dans votre navigateur \u2014 rien n'est envoy\u00e9 \u00e0 des serveurs tiers.<\/li>\n<\/ul>\n<hr \/>\n<h2><strong>Cat\u00e9gories d'outils<\/strong><\/h2>\n<p>Nous organisons nos outils en cat\u00e9gories faciles \u00e0 utiliser\u00a0:<\/p>\n<ul>\n<li><strong>Calculatrices et estimateurs<\/strong> \u2014 Des calculs rapides pour un usage quotidien.<\/li>\n<li><strong>Outils de contenu et d'IA<\/strong> \u2014 G\u00e9n\u00e9rer des id\u00e9es, des descriptions ou du contenu cr\u00e9atif.<\/li>\n<li><strong>Services publics et productivit\u00e9<\/strong> \u2014 Des outils pour g\u00e9rer les t\u00e2ches, convertir les donn\u00e9es ou formater le contenu.<\/li>\n<li><strong>M\u00e9dias et analyses<\/strong> \u2014 Analyser des donn\u00e9es publiques, extraire des informations ou convertir des fichiers.<\/li>\n<\/ul>\n<p>Chaque cat\u00e9gorie est accessible depuis le <a href=\"https:\/\/unfreezetools.com\/fr\/\">page d'accueil<\/a> ou le \u00ab<a href=\"https:\/\/unfreezetools.com\/fr\/explore-tools\/\">Explorer les outils<\/a>page.<\/p>\n<hr \/>\n<h2><strong>Avertissement et conditions d'utilisation<\/strong><\/h2>\n<ul>\n<li>Tous les outils sont destin\u00e9s \u00e0 un usage personnel, \u00e9ducatif ou informatif uniquement.<\/li>\n<li>Nos outils le font <strong>ne pas g\u00e9n\u00e9rer ni acc\u00e9der \u00e0 du contenu prot\u00e9g\u00e9 par le droit d'auteur<\/strong>Nous respectons toutes les politiques des plateformes.<\/li>\n<li>Les utilisateurs sont responsables de l'utilisation qu'ils font des r\u00e9sultats.<\/li>\n<\/ul>\n<p>Nous nous effor\u00e7ons de fournir des outils rapides, fiables et s\u00e9curis\u00e9s pour vos t\u00e2ches num\u00e9riques quotidiennes. Nous privil\u00e9gions la simplicit\u00e9, la confidentialit\u00e9 et la pr\u00e9cision afin que vous puissiez obtenir des r\u00e9sultats rapidement et en toute confiance.<\/p>\n<hr \/>\n<p>D\u00e9couvrez notre <a href=\"https:\/\/unfreezetools.com\/fr\/privacy-policy\/\">politique de confidentialit\u00e9<\/a> et<a href=\"https:\/\/unfreezetools.com\/fr\/terms-and-conditions\/\"> conditions g\u00e9n\u00e9rales<\/a> page pour plus d'informations.<\/p>","protected":false},"excerpt":{"rendered":"<p>Our online tools are designed to make your digital tasks easier, faster, and safer. Whether you want to calculate, generate [&hellip;]<\/p>","protected":false},"author":1,"featured_media":0,"parent":0,"menu_order":0,"comment_status":"closed","ping_status":"closed","template":"","meta":{"site-sidebar-layout":"default","site-content-layout":"","ast-site-content-layout":"default","site-content-style":"default","site-sidebar-style":"default","ast-global-header-display":"","ast-banner-title-visibility":"","ast-main-header-display":"","ast-hfb-above-header-display":"","ast-hfb-below-header-display":"","ast-hfb-mobile-header-display":"","site-post-title":"","ast-breadcrumbs-content":"","ast-featured-img":"","footer-sml-layout":"","ast-disable-related-posts":"","theme-transparent-header-meta":"default","adv-header-id-meta":"","stick-header-meta":"","header-above-stick-meta":"","header-main-stick-meta":"","header-below-stick-meta":"","astra-migrate-meta-layouts":"set","ast-page-background-enabled":"default","ast-page-background-meta":{"desktop":{"background-color":"var(--ast-global-color-5)","background-image":"","background-repeat":"repeat","background-position":"center center","background-size":"auto","background-attachment":"scroll","background-type":"","background-media":"","overlay-type":"","overlay-color":"","overlay-opacity":"","overlay-gradient":""},"tablet":{"background-color":"","background-image":"","background-repeat":"repeat","background-position":"center center","background-size":"auto","background-attachment":"scroll","background-type":"","background-media":"","overlay-type":"","overlay-color":"","overlay-opacity":"","overlay-gradient":""},"mobile":{"background-color":"","background-image":"","background-repeat":"repeat","background-position":"center center","background-size":"auto","background-attachment":"scroll","background-type":"","background-media":"","overlay-type":"","overlay-color":"","overlay-opacity":"","overlay-gradient":""}},"ast-content-background-meta":{"desktop":{"background-color":"var(--ast-global-color-4)","background-image":"","background-repeat":"repeat","background-position":"center center","background-size":"auto","background-attachment":"scroll","background-type":"","background-media":"","overlay-type":"","overlay-color":"","overlay-opacity":"","overlay-gradient":""},"tablet":{"background-color":"var(--ast-global-color-4)","background-image":"","background-repeat":"repeat","background-position":"center center","background-size":"auto","background-attachment":"scroll","background-type":"","background-media":"","overlay-type":"","overlay-color":"","overlay-opacity":"","overlay-gradient":""},"mobile":{"background-color":"var(--ast-global-color-4)","background-image":"","background-repeat":"repeat","background-position":"center center","background-size":"auto","background-attachment":"scroll","background-type":"","background-media":"","overlay-type":"","overlay-color":"","overlay-opacity":"","overlay-gradient":""}},"footnotes":""},"class_list":["post-2280","page","type-page","status-publish","hentry"],"yoast_head":"<!-- This site is optimized with the Yoast SEO Premium plugin v25.9 (Yoast SEO v27.4) - https:\/\/yoast.com\/product\/yoast-seo-premium-wordpress\/ -->\n<title>How Our Tools Work? - Unfreeze Tools<\/title>\n<meta name=\"robots\" content=\"index, follow, max-snippet:-1, max-image-preview:large, max-video-preview:-1\" \/>\n<link rel=\"canonical\" href=\"https:\/\/unfreezetools.com\/fr\/how-our-tools-work\/\" \/>\n<meta property=\"og:locale\" content=\"fr_FR\" \/>\n<meta property=\"og:type\" content=\"article\" \/>\n<meta property=\"og:title\" content=\"How Our Tools Work?\" \/>\n<meta property=\"og:description\" content=\"Our online tools are designed to make your digital tasks easier, faster, and safer. Whether you want to calculate, generate [&hellip;]\" \/>\n<meta property=\"og:url\" content=\"https:\/\/unfreezetools.com\/fr\/how-our-tools-work\/\" \/>\n<meta property=\"og:site_name\" content=\"Unfreeze Tools\" \/>\n<meta property=\"article:modified_time\" content=\"2025-11-29T10:52:40+00:00\" \/>\n<meta name=\"twitter:card\" content=\"summary_large_image\" \/>\n<meta name=\"twitter:label1\" content=\"Dur\u00e9e de lecture estim\u00e9e\" \/>\n\t<meta name=\"twitter:data1\" content=\"2 minutes\" \/>\n<!-- \/ Yoast SEO Premium plugin. -->","yoast_head_json":{"title":"How Our Tools Work? - Unfreeze Tools","robots":{"index":"index","follow":"follow","max-snippet":"max-snippet:-1","max-image-preview":"max-image-preview:large","max-video-preview":"max-video-preview:-1"},"canonical":"https:\/\/unfreezetools.com\/fr\/how-our-tools-work\/","og_locale":"fr_FR","og_type":"article","og_title":"How Our Tools Work?","og_description":"Our online tools are designed to make your digital tasks easier, faster, and safer. Whether you want to calculate, generate [&hellip;]","og_url":"https:\/\/unfreezetools.com\/fr\/how-our-tools-work\/","og_site_name":"Unfreeze Tools","article_modified_time":"2025-11-29T10:52:40+00:00","twitter_card":"summary_large_image","twitter_misc":{"Dur\u00e9e de lecture estim\u00e9e":"2 minutes"},"schema":{"@context":"https:\/\/schema.org","@graph":[{"@type":"WebPage","@id":"https:\/\/unfreezetools.com\/how-our-tools-work\/","url":"https:\/\/unfreezetools.com\/how-our-tools-work\/","name":"How Our Tools Work? - Unfreeze Tools","isPartOf":{"@id":"https:\/\/unfreezetools.com\/#website"},"datePublished":"2025-11-25T19:30:46+00:00","dateModified":"2025-11-29T10:52:40+00:00","breadcrumb":{"@id":"https:\/\/unfreezetools.com\/how-our-tools-work\/#breadcrumb"},"inLanguage":"fr-FR","potentialAction":[{"@type":"ReadAction","target":["https:\/\/unfreezetools.com\/how-our-tools-work\/"]}]},{"@type":"BreadcrumbList","@id":"https:\/\/unfreezetools.com\/how-our-tools-work\/#breadcrumb","itemListElement":[{"@type":"ListItem","position":1,"name":"Home","item":"https:\/\/unfreezetools.com\/"},{"@type":"ListItem","position":2,"name":"How Our Tools Work?"}]},{"@type":"WebSite","@id":"https:\/\/unfreezetools.com\/#website","url":"https:\/\/unfreezetools.com\/","name":"Outils de d\u00e9gel","description":"Best Social Tools","publisher":{"@id":"https:\/\/unfreezetools.com\/#\/schema\/person\/b60e2d9e402efc937240f42bd6ac1912"},"potentialAction":[{"@type":"SearchAction","target":{"@type":"EntryPoint","urlTemplate":"https:\/\/unfreezetools.com\/?s={search_term_string}"},"query-input":{"@type":"PropertyValueSpecification","valueRequired":true,"valueName":"search_term_string"}}],"inLanguage":"fr-FR"},{"@type":["Person","Organization"],"@id":"https:\/\/unfreezetools.com\/#\/schema\/person\/b60e2d9e402efc937240f42bd6ac1912","name":"Mohammed Yousaf","image":{"@type":"ImageObject","inLanguage":"fr-FR","@id":"https:\/\/unfreezetools.com\/wp-content\/uploads\/2025\/11\/LOGO.png","url":"https:\/\/unfreezetools.com\/wp-content\/uploads\/2025\/11\/LOGO.png","contentUrl":"https:\/\/unfreezetools.com\/wp-content\/uploads\/2025\/11\/LOGO.png","width":762,"height":110,"caption":"Mohammad Yousaf"},"logo":{"@id":"https:\/\/unfreezetools.com\/wp-content\/uploads\/2025\/11\/LOGO.png"},"sameAs":["https:\/\/unfreezetools.com"]}]}},"_links":{"self":[{"href":"https:\/\/unfreezetools.com\/fr\/wp-json\/wp\/v2\/pages\/2280","targetHints":{"allow":["GET"]}}],"collection":[{"href":"https:\/\/unfreezetools.com\/fr\/wp-json\/wp\/v2\/pages"}],"about":[{"href":"https:\/\/unfreezetools.com\/fr\/wp-json\/wp\/v2\/types\/page"}],"author":[{"embeddable":true,"href":"https:\/\/unfreezetools.com\/fr\/wp-json\/wp\/v2\/users\/1"}],"replies":[{"embeddable":true,"href":"https:\/\/unfreezetools.com\/fr\/wp-json\/wp\/v2\/comments?post=2280"}],"version-history":[{"count":2,"href":"https:\/\/unfreezetools.com\/fr\/wp-json\/wp\/v2\/pages\/2280\/revisions"}],"predecessor-version":[{"id":2544,"href":"https:\/\/unfreezetools.com\/fr\/wp-json\/wp\/v2\/pages\/2280\/revisions\/2544"}],"wp:attachment":[{"href":"https:\/\/unfreezetools.com\/fr\/wp-json\/wp\/v2\/media?parent=2280"}],"curies":[{"name":"wp","href":"https:\/\/api.w.org\/{rel}","templated":true}]}}